{"id":5854501,"date":"2026-02-18T18:20:53","date_gmt":"2026-02-18T17:20:53","guid":{"rendered":"https:\/\/stoic-curie.212-227-153-4.plesk.page\/product\/echte-wasserpumpe-untereinheit-thermostatdichtungen-fuer-yamaha-motoren-63p-12414-00-f150\/"},"modified":"2026-02-24T23:36:15","modified_gmt":"2026-02-24T23:36:15","slug":"echte-wasserpumpe-untereinheit-thermostatdichtungen-fuer-yamaha-motoren-63p-12414-00-f150","status":"publish","type":"product","link":"https:\/\/stoic-curie.212-227-153-4.plesk.page\/de\/product\/echte-wasserpumpe-untereinheit-thermostatdichtungen-fuer-yamaha-motoren-63p-12414-00-f150\/","title":{"rendered":"Echte Wasserpumpe\/Untereinheit\/Thermostatdichtungen f\u00fcr Yamaha-Motoren &#8211; 63P-12414-00 (F150)"},"content":{"rendered":"<p>Echte Wasserpumpe\/Untereinheit\/Thermostatdichtungen f\u00fcr Yamaha-Motoren &#8211; 63P-12414-00 (F150) &#8211; <\/p>\n<p>Wasserpumpen-, Untereinheits- und Thermostatdichtungen, die f\u00fcr Yamaha-Au\u00dfenbordmotoren entwickelt wurden. Eine kompatible Ersatzl\u00f6sung f\u00fcr das OEM-Teil.<\/p>\n","protected":false},"excerpt":{"rendered":"<p>Echte Wasserpumpe\/Untereinheit\/Thermostatdichtungen f\u00fcr Yamaha-Motoren &#8211; 63P-12414-00 (F150) &#8211; Wasserpumpen-, Untereinheits- und Thermostatdichtungen, die f\u00fcr Yamaha-Au\u00dfenbordmotoren entwickelt wurden. Eine kompatible Ersatzl\u00f6sung<\/p>\n","protected":false},"featured_media":5836926,"comment_status":"open","ping_status":"closed","template":"","meta":[],"product_brand":[3390],"product_cat":[1544],"product_tag":[],"class_list":{"0":"post-5854501","1":"product","2":"type-product","3":"status-publish","4":"has-post-thumbnail","6":"product_brand-sierra-marine-de","7":"product_cat-marine-ersatzteile-fuer-yamaha","9":"first","10":"instock","11":"shipping-taxable","12":"purchasable","13":"product-type-simple"},"_links":{"self":[{"href":"https:\/\/stoic-curie.212-227-153-4.plesk.page\/de\/wp-json\/wp\/v2\/product\/5854501","targetHints":{"allow":["GET"]}}],"collection":[{"href":"https:\/\/stoic-curie.212-227-153-4.plesk.page\/de\/wp-json\/wp\/v2\/product"}],"about":[{"href":"https:\/\/stoic-curie.212-227-153-4.plesk.page\/de\/wp-json\/wp\/v2\/types\/product"}],"replies":[{"embeddable":true,"href":"https:\/\/stoic-curie.212-227-153-4.plesk.page\/de\/wp-json\/wp\/v2\/comments?post=5854501"}],"version-history":[{"count":0,"href":"https:\/\/stoic-curie.212-227-153-4.plesk.page\/de\/wp-json\/wp\/v2\/product\/5854501\/revisions"}],"wp:featuredmedia":[{"embeddable":true,"href":"https:\/\/stoic-curie.212-227-153-4.plesk.page\/de\/wp-json\/wp\/v2\/media\/5836926"}],"wp:attachment":[{"href":"https:\/\/stoic-curie.212-227-153-4.plesk.page\/de\/wp-json\/wp\/v2\/media?parent=5854501"}],"wp:term":[{"taxonomy":"product_brand","embeddable":true,"href":"https:\/\/stoic-curie.212-227-153-4.plesk.page\/de\/wp-json\/wp\/v2\/product_brand?post=5854501"},{"taxonomy":"product_cat","embeddable":true,"href":"https:\/\/stoic-curie.212-227-153-4.plesk.page\/de\/wp-json\/wp\/v2\/product_cat?post=5854501"},{"taxonomy":"product_tag","embeddable":true,"href":"https:\/\/stoic-curie.212-227-153-4.plesk.page\/de\/wp-json\/wp\/v2\/product_tag?post=5854501"}],"curies":[{"name":"wp","href":"https:\/\/api.w.org\/{rel}","templated":true}]}}