{"id":5854507,"date":"2026-02-18T18:20:56","date_gmt":"2026-02-18T17:20:56","guid":{"rendered":"https:\/\/stoic-curie.212-227-153-4.plesk.page\/product\/echtes-wasserpumpengehaeuse-fuer-yamaha-motoren-63d-44311-00-code-40-60-ps\/"},"modified":"2026-02-24T23:36:15","modified_gmt":"2026-02-24T23:36:15","slug":"echtes-wasserpumpengehaeuse-fuer-yamaha-motoren-63d-44311-00-code-40-60-ps","status":"publish","type":"product","link":"https:\/\/stoic-curie.212-227-153-4.plesk.page\/de\/product\/echtes-wasserpumpengehaeuse-fuer-yamaha-motoren-63d-44311-00-code-40-60-ps\/","title":{"rendered":"Echtes Wasserpumpengeh\u00e4use f\u00fcr Yamaha Motoren 63D-44311-00 Code (40\/60 PS)"},"content":{"rendered":"<p>Echtes Wasserpumpengeh\u00e4use f\u00fcr Yamaha Motoren 63D-44311-00 Code (40\/60 PS) &#8211; <\/p>\n<p>Wasserpumpengeh\u00e4use f\u00fcr Yamaha Au\u00dfenbordmotoren. Kompatible Ersatzteile.<\/p>\n","protected":false},"excerpt":{"rendered":"<p>Echtes Wasserpumpengeh\u00e4use f\u00fcr Yamaha Motoren 63D-44311-00 Code (40\/60 PS) &#8211; Wasserpumpengeh\u00e4use f\u00fcr Yamaha Au\u00dfenbordmotoren. Kompatible Ersatzteile.<\/p>\n","protected":false},"featured_media":5852974,"comment_status":"open","ping_status":"closed","template":"","meta":[],"product_brand":[3390],"product_cat":[1544],"product_tag":[],"class_list":{"0":"post-5854507","1":"product","2":"type-product","3":"status-publish","4":"has-post-thumbnail","6":"product_brand-sierra-marine-de","7":"product_cat-marine-ersatzteile-fuer-yamaha","9":"first","10":"instock","11":"shipping-taxable","12":"purchasable","13":"product-type-simple"},"_links":{"self":[{"href":"https:\/\/stoic-curie.212-227-153-4.plesk.page\/de\/wp-json\/wp\/v2\/product\/5854507","targetHints":{"allow":["GET"]}}],"collection":[{"href":"https:\/\/stoic-curie.212-227-153-4.plesk.page\/de\/wp-json\/wp\/v2\/product"}],"about":[{"href":"https:\/\/stoic-curie.212-227-153-4.plesk.page\/de\/wp-json\/wp\/v2\/types\/product"}],"replies":[{"embeddable":true,"href":"https:\/\/stoic-curie.212-227-153-4.plesk.page\/de\/wp-json\/wp\/v2\/comments?post=5854507"}],"version-history":[{"count":0,"href":"https:\/\/stoic-curie.212-227-153-4.plesk.page\/de\/wp-json\/wp\/v2\/product\/5854507\/revisions"}],"wp:featuredmedia":[{"embeddable":true,"href":"https:\/\/stoic-curie.212-227-153-4.plesk.page\/de\/wp-json\/wp\/v2\/media\/5852974"}],"wp:attachment":[{"href":"https:\/\/stoic-curie.212-227-153-4.plesk.page\/de\/wp-json\/wp\/v2\/media?parent=5854507"}],"wp:term":[{"taxonomy":"product_brand","embeddable":true,"href":"https:\/\/stoic-curie.212-227-153-4.plesk.page\/de\/wp-json\/wp\/v2\/product_brand?post=5854507"},{"taxonomy":"product_cat","embeddable":true,"href":"https:\/\/stoic-curie.212-227-153-4.plesk.page\/de\/wp-json\/wp\/v2\/product_cat?post=5854507"},{"taxonomy":"product_tag","embeddable":true,"href":"https:\/\/stoic-curie.212-227-153-4.plesk.page\/de\/wp-json\/wp\/v2\/product_tag?post=5854507"}],"curies":[{"name":"wp","href":"https:\/\/api.w.org\/{rel}","templated":true}]}}