{"id":5854517,"date":"2026-02-18T18:21:03","date_gmt":"2026-02-18T17:21:03","guid":{"rendered":"https:\/\/stoic-curie.212-227-153-4.plesk.page\/product\/wasserpumpen-und-antriebseinheit-reparaturset-fuer-yamaha-aussenbordmotoren-echtes-6h4-w0078-00-motor-40-50\/"},"modified":"2026-02-24T23:36:15","modified_gmt":"2026-02-24T23:36:15","slug":"wasserpumpen-und-antriebseinheit-reparaturset-fuer-yamaha-aussenbordmotoren-echtes-6h4-w0078-00-motor-40-50","status":"publish","type":"product","link":"https:\/\/stoic-curie.212-227-153-4.plesk.page\/de\/product\/wasserpumpen-und-antriebseinheit-reparaturset-fuer-yamaha-aussenbordmotoren-echtes-6h4-w0078-00-motor-40-50\/","title":{"rendered":"Wasserpumpen- und Antriebseinheit Reparaturset f\u00fcr Yamaha Au\u00dfenbordmotoren &#8211; Echtes 6H4-W0078-00 Motor 40\/50"},"content":{"rendered":"<p>Wasserpumpen- und Antriebseinheit Reparaturset f\u00fcr Yamaha Au\u00dfenbordmotoren &#8211; Echtes 6H4-W0078-00 Motor 40\/50 &#8211; Dieses originale Reparaturset ist speziell f\u00fcr Yamaha Au\u00dfenbordmotoren mit dem Code 6H4-W0078-00 entwickelt und eignet sich f\u00fcr die Modelle 40 und 50. Gew\u00e4hrleisten Sie optimale Leistung und Zuverl\u00e4ssigkeit mit diesem hochwertigen Ersatzteil.<\/p>\n","protected":false},"excerpt":{"rendered":"<p>Wasserpumpen- und Antriebseinheit Reparaturset f\u00fcr Yamaha Au\u00dfenbordmotoren &#8211; Echtes 6H4-W0078-00 Motor 40\/50 &#8211; Dieses originale Reparaturset ist speziell f\u00fcr Yamaha<\/p>\n","protected":false},"featured_media":5735996,"comment_status":"open","ping_status":"closed","template":"","meta":[],"product_brand":[3390],"product_cat":[1544],"product_tag":[],"class_list":{"0":"post-5854517","1":"product","2":"type-product","3":"status-publish","4":"has-post-thumbnail","6":"product_brand-sierra-marine-de","7":"product_cat-marine-ersatzteile-fuer-yamaha","9":"first","10":"instock","11":"shipping-taxable","12":"purchasable","13":"product-type-simple"},"_links":{"self":[{"href":"https:\/\/stoic-curie.212-227-153-4.plesk.page\/de\/wp-json\/wp\/v2\/product\/5854517","targetHints":{"allow":["GET"]}}],"collection":[{"href":"https:\/\/stoic-curie.212-227-153-4.plesk.page\/de\/wp-json\/wp\/v2\/product"}],"about":[{"href":"https:\/\/stoic-curie.212-227-153-4.plesk.page\/de\/wp-json\/wp\/v2\/types\/product"}],"replies":[{"embeddable":true,"href":"https:\/\/stoic-curie.212-227-153-4.plesk.page\/de\/wp-json\/wp\/v2\/comments?post=5854517"}],"version-history":[{"count":0,"href":"https:\/\/stoic-curie.212-227-153-4.plesk.page\/de\/wp-json\/wp\/v2\/product\/5854517\/revisions"}],"wp:featuredmedia":[{"embeddable":true,"href":"https:\/\/stoic-curie.212-227-153-4.plesk.page\/de\/wp-json\/wp\/v2\/media\/5735996"}],"wp:attachment":[{"href":"https:\/\/stoic-curie.212-227-153-4.plesk.page\/de\/wp-json\/wp\/v2\/media?parent=5854517"}],"wp:term":[{"taxonomy":"product_brand","embeddable":true,"href":"https:\/\/stoic-curie.212-227-153-4.plesk.page\/de\/wp-json\/wp\/v2\/product_brand?post=5854517"},{"taxonomy":"product_cat","embeddable":true,"href":"https:\/\/stoic-curie.212-227-153-4.plesk.page\/de\/wp-json\/wp\/v2\/product_cat?post=5854517"},{"taxonomy":"product_tag","embeddable":true,"href":"https:\/\/stoic-curie.212-227-153-4.plesk.page\/de\/wp-json\/wp\/v2\/product_tag?post=5854517"}],"curies":[{"name":"wp","href":"https:\/\/api.w.org\/{rel}","templated":true}]}}