{"id":5854521,"date":"2026-02-18T18:21:06","date_gmt":"2026-02-18T17:21:06","guid":{"rendered":"https:\/\/stoic-curie.212-227-153-4.plesk.page\/product\/wasserpumpen-und-antriebseinheiten-reparaturkit-fuer-yamaha-aussenbordmotoren-original-692-w0078-02-60-90-ps\/"},"modified":"2026-02-24T23:36:15","modified_gmt":"2026-02-24T23:36:15","slug":"wasserpumpen-und-antriebseinheiten-reparaturkit-fuer-yamaha-aussenbordmotoren-original-692-w0078-02-60-90-ps","status":"publish","type":"product","link":"https:\/\/stoic-curie.212-227-153-4.plesk.page\/de\/product\/wasserpumpen-und-antriebseinheiten-reparaturkit-fuer-yamaha-aussenbordmotoren-original-692-w0078-02-60-90-ps\/","title":{"rendered":"Wasserpumpen- und Antriebseinheiten-Reparaturkit f\u00fcr Yamaha Au\u00dfenbordmotoren &#8211; Original 692-W0078-02 (60\/90 PS)"},"content":{"rendered":"<p>Wasserpumpen- und Antriebseinheiten-Reparaturkit f\u00fcr Yamaha Au\u00dfenbordmotoren &#8211; Original 692-W0078-02 (60\/90 PS) &#8211; Dieses originale Reparaturkit wurde speziell f\u00fcr Yamaha Au\u00dfenbordmotoren mit der Code 692-W0078-02 entwickelt, geeignet f\u00fcr Modelle mit 60 und 90 PS. Stellen Sie die optimale Leistung und Langlebigkeit Ihres Motors mit diesem wesentlichen Wartungskit sicher.<\/p>\n","protected":false},"excerpt":{"rendered":"<p>Wasserpumpen- und Antriebseinheiten-Reparaturkit f\u00fcr Yamaha Au\u00dfenbordmotoren &#8211; Original 692-W0078-02 (60\/90 PS) &#8211; Dieses originale Reparaturkit wurde speziell f\u00fcr Yamaha Au\u00dfenbordmotoren<\/p>\n","protected":false},"featured_media":5735996,"comment_status":"open","ping_status":"closed","template":"","meta":[],"product_brand":[3390],"product_cat":[1544],"product_tag":[],"class_list":{"0":"post-5854521","1":"product","2":"type-product","3":"status-publish","4":"has-post-thumbnail","6":"product_brand-sierra-marine-de","7":"product_cat-marine-ersatzteile-fuer-yamaha","9":"first","10":"instock","11":"shipping-taxable","12":"purchasable","13":"product-type-simple"},"_links":{"self":[{"href":"https:\/\/stoic-curie.212-227-153-4.plesk.page\/de\/wp-json\/wp\/v2\/product\/5854521","targetHints":{"allow":["GET"]}}],"collection":[{"href":"https:\/\/stoic-curie.212-227-153-4.plesk.page\/de\/wp-json\/wp\/v2\/product"}],"about":[{"href":"https:\/\/stoic-curie.212-227-153-4.plesk.page\/de\/wp-json\/wp\/v2\/types\/product"}],"replies":[{"embeddable":true,"href":"https:\/\/stoic-curie.212-227-153-4.plesk.page\/de\/wp-json\/wp\/v2\/comments?post=5854521"}],"version-history":[{"count":0,"href":"https:\/\/stoic-curie.212-227-153-4.plesk.page\/de\/wp-json\/wp\/v2\/product\/5854521\/revisions"}],"wp:featuredmedia":[{"embeddable":true,"href":"https:\/\/stoic-curie.212-227-153-4.plesk.page\/de\/wp-json\/wp\/v2\/media\/5735996"}],"wp:attachment":[{"href":"https:\/\/stoic-curie.212-227-153-4.plesk.page\/de\/wp-json\/wp\/v2\/media?parent=5854521"}],"wp:term":[{"taxonomy":"product_brand","embeddable":true,"href":"https:\/\/stoic-curie.212-227-153-4.plesk.page\/de\/wp-json\/wp\/v2\/product_brand?post=5854521"},{"taxonomy":"product_cat","embeddable":true,"href":"https:\/\/stoic-curie.212-227-153-4.plesk.page\/de\/wp-json\/wp\/v2\/product_cat?post=5854521"},{"taxonomy":"product_tag","embeddable":true,"href":"https:\/\/stoic-curie.212-227-153-4.plesk.page\/de\/wp-json\/wp\/v2\/product_tag?post=5854521"}],"curies":[{"name":"wp","href":"https:\/\/api.w.org\/{rel}","templated":true}]}}