{"id":5854525,"date":"2026-02-18T18:21:08","date_gmt":"2026-02-18T17:21:08","guid":{"rendered":"https:\/\/stoic-curie.212-227-153-4.plesk.page\/product\/yamaha-motorantrieb-impeller-schluessel-original-90280-05013-fuer-f8-25\/"},"modified":"2026-02-24T23:36:15","modified_gmt":"2026-02-24T23:36:15","slug":"yamaha-motorantrieb-impeller-schluessel-original-90280-05013-fuer-f8-25","status":"publish","type":"product","link":"https:\/\/stoic-curie.212-227-153-4.plesk.page\/de\/product\/yamaha-motorantrieb-impeller-schluessel-original-90280-05013-fuer-f8-25\/","title":{"rendered":"Yamaha Motorantrieb Impeller Schl\u00fcssel Original 90280-05013 f\u00fcr F8\/25"},"content":{"rendered":"<p>Yamaha Motorantrieb Impeller Schl\u00fcssel Original 90280-05013 f\u00fcr F8\/25 &#8211; <\/p>\n<p>Impeller Schl\u00fcssel, der f\u00fcr Yamaha Au\u00dfenbordmotoren entwickelt wurde. Dieses Teil ist mit verschiedenen Ersatzteilen kompatibel.<\/p>\n","protected":false},"excerpt":{"rendered":"<p>Yamaha Motorantrieb Impeller Schl\u00fcssel Original 90280-05013 f\u00fcr F8\/25 &#8211; Impeller Schl\u00fcssel, der f\u00fcr Yamaha Au\u00dfenbordmotoren entwickelt wurde. Dieses Teil ist<\/p>\n","protected":false},"featured_media":5853284,"comment_status":"open","ping_status":"closed","template":"","meta":[],"product_brand":[3390],"product_cat":[1544],"product_tag":[],"class_list":{"0":"post-5854525","1":"product","2":"type-product","3":"status-publish","4":"has-post-thumbnail","6":"product_brand-sierra-marine-de","7":"product_cat-marine-ersatzteile-fuer-yamaha","9":"first","10":"instock","11":"shipping-taxable","12":"purchasable","13":"product-type-simple"},"_links":{"self":[{"href":"https:\/\/stoic-curie.212-227-153-4.plesk.page\/de\/wp-json\/wp\/v2\/product\/5854525","targetHints":{"allow":["GET"]}}],"collection":[{"href":"https:\/\/stoic-curie.212-227-153-4.plesk.page\/de\/wp-json\/wp\/v2\/product"}],"about":[{"href":"https:\/\/stoic-curie.212-227-153-4.plesk.page\/de\/wp-json\/wp\/v2\/types\/product"}],"replies":[{"embeddable":true,"href":"https:\/\/stoic-curie.212-227-153-4.plesk.page\/de\/wp-json\/wp\/v2\/comments?post=5854525"}],"version-history":[{"count":0,"href":"https:\/\/stoic-curie.212-227-153-4.plesk.page\/de\/wp-json\/wp\/v2\/product\/5854525\/revisions"}],"wp:featuredmedia":[{"embeddable":true,"href":"https:\/\/stoic-curie.212-227-153-4.plesk.page\/de\/wp-json\/wp\/v2\/media\/5853284"}],"wp:attachment":[{"href":"https:\/\/stoic-curie.212-227-153-4.plesk.page\/de\/wp-json\/wp\/v2\/media?parent=5854525"}],"wp:term":[{"taxonomy":"product_brand","embeddable":true,"href":"https:\/\/stoic-curie.212-227-153-4.plesk.page\/de\/wp-json\/wp\/v2\/product_brand?post=5854525"},{"taxonomy":"product_cat","embeddable":true,"href":"https:\/\/stoic-curie.212-227-153-4.plesk.page\/de\/wp-json\/wp\/v2\/product_cat?post=5854525"},{"taxonomy":"product_tag","embeddable":true,"href":"https:\/\/stoic-curie.212-227-153-4.plesk.page\/de\/wp-json\/wp\/v2\/product_tag?post=5854525"}],"curies":[{"name":"wp","href":"https:\/\/api.w.org\/{rel}","templated":true}]}}