{"id":5854527,"date":"2026-02-18T18:21:10","date_gmt":"2026-02-18T17:21:10","guid":{"rendered":"https:\/\/stoic-curie.212-227-153-4.plesk.page\/product\/yamaha-motorimpeller-schluessel-original-90280-04m00-fuer-motor-40\/"},"modified":"2026-02-24T23:36:15","modified_gmt":"2026-02-24T23:36:15","slug":"yamaha-motorimpeller-schluessel-original-90280-04m00-fuer-motor-40","status":"publish","type":"product","link":"https:\/\/stoic-curie.212-227-153-4.plesk.page\/de\/product\/yamaha-motorimpeller-schluessel-original-90280-04m00-fuer-motor-40\/","title":{"rendered":"Yamaha Motorimpeller Schl\u00fcssel Original 90280-04M00 f\u00fcr Motor 40"},"content":{"rendered":"<p>Yamaha Motorimpeller Schl\u00fcssel Original 90280-04M00 f\u00fcr Motor 40 &#8211; <\/p>\n<p>Impeller Schl\u00fcssel, der speziell f\u00fcr Yamaha Au\u00dfenbordmotoren entwickelt wurde. Dieses Teil ist ein kompatibles Ersatzteil und gew\u00e4hrleistet eine zuverl\u00e4ssige Leistung.<\/p>\n","protected":false},"excerpt":{"rendered":"<p>Yamaha Motorimpeller Schl\u00fcssel Original 90280-04M00 f\u00fcr Motor 40 &#8211; Impeller Schl\u00fcssel, der speziell f\u00fcr Yamaha Au\u00dfenbordmotoren entwickelt wurde. Dieses Teil<\/p>\n","protected":false},"featured_media":5853284,"comment_status":"open","ping_status":"closed","template":"","meta":[],"product_brand":[3390],"product_cat":[1544],"product_tag":[],"class_list":{"0":"post-5854527","1":"product","2":"type-product","3":"status-publish","4":"has-post-thumbnail","6":"product_brand-sierra-marine-de","7":"product_cat-marine-ersatzteile-fuer-yamaha","9":"first","10":"instock","11":"shipping-taxable","12":"purchasable","13":"product-type-simple"},"_links":{"self":[{"href":"https:\/\/stoic-curie.212-227-153-4.plesk.page\/de\/wp-json\/wp\/v2\/product\/5854527","targetHints":{"allow":["GET"]}}],"collection":[{"href":"https:\/\/stoic-curie.212-227-153-4.plesk.page\/de\/wp-json\/wp\/v2\/product"}],"about":[{"href":"https:\/\/stoic-curie.212-227-153-4.plesk.page\/de\/wp-json\/wp\/v2\/types\/product"}],"replies":[{"embeddable":true,"href":"https:\/\/stoic-curie.212-227-153-4.plesk.page\/de\/wp-json\/wp\/v2\/comments?post=5854527"}],"version-history":[{"count":0,"href":"https:\/\/stoic-curie.212-227-153-4.plesk.page\/de\/wp-json\/wp\/v2\/product\/5854527\/revisions"}],"wp:featuredmedia":[{"embeddable":true,"href":"https:\/\/stoic-curie.212-227-153-4.plesk.page\/de\/wp-json\/wp\/v2\/media\/5853284"}],"wp:attachment":[{"href":"https:\/\/stoic-curie.212-227-153-4.plesk.page\/de\/wp-json\/wp\/v2\/media?parent=5854527"}],"wp:term":[{"taxonomy":"product_brand","embeddable":true,"href":"https:\/\/stoic-curie.212-227-153-4.plesk.page\/de\/wp-json\/wp\/v2\/product_brand?post=5854527"},{"taxonomy":"product_cat","embeddable":true,"href":"https:\/\/stoic-curie.212-227-153-4.plesk.page\/de\/wp-json\/wp\/v2\/product_cat?post=5854527"},{"taxonomy":"product_tag","embeddable":true,"href":"https:\/\/stoic-curie.212-227-153-4.plesk.page\/de\/wp-json\/wp\/v2\/product_tag?post=5854527"}],"curies":[{"name":"wp","href":"https:\/\/api.w.org\/{rel}","templated":true}]}}