{"id":5854530,"date":"2026-02-18T18:21:12","date_gmt":"2026-02-18T17:21:12","guid":{"rendered":"https:\/\/stoic-curie.212-227-153-4.plesk.page\/product\/yamaha-motor-impeller-schluessel-original-90280-04m04-fuer-f75-100\/"},"modified":"2026-02-24T23:36:15","modified_gmt":"2026-02-24T23:36:15","slug":"yamaha-motor-impeller-schluessel-original-90280-04m04-fuer-f75-100","status":"publish","type":"product","link":"https:\/\/stoic-curie.212-227-153-4.plesk.page\/de\/product\/yamaha-motor-impeller-schluessel-original-90280-04m04-fuer-f75-100\/","title":{"rendered":"Yamaha Motor Impeller Schl\u00fcssel Original 90280-04M04 f\u00fcr F75\/100"},"content":{"rendered":"<p>Yamaha Motor Impeller Schl\u00fcssel Original 90280-04M04 f\u00fcr F75\/100 &#8211; <\/p>\n<p>Originaler Impeller-Schl\u00fcssel, der f\u00fcr Yamaha Au\u00dfenbordmotoren entwickelt wurde. Kompatibel mit verschiedenen Yamaha-Modellen und sorgt f\u00fcr zuverl\u00e4ssige Leistung.<\/p>\n","protected":false},"excerpt":{"rendered":"<p>Yamaha Motor Impeller Schl\u00fcssel Original 90280-04M04 f\u00fcr F75\/100 &#8211; Originaler Impeller-Schl\u00fcssel, der f\u00fcr Yamaha Au\u00dfenbordmotoren entwickelt wurde. Kompatibel mit verschiedenen<\/p>\n","protected":false},"featured_media":5853284,"comment_status":"open","ping_status":"closed","template":"","meta":[],"product_brand":[3390],"product_cat":[1544],"product_tag":[],"class_list":{"0":"post-5854530","1":"product","2":"type-product","3":"status-publish","4":"has-post-thumbnail","6":"product_brand-sierra-marine-de","7":"product_cat-marine-ersatzteile-fuer-yamaha","9":"first","10":"instock","11":"shipping-taxable","12":"purchasable","13":"product-type-simple"},"_links":{"self":[{"href":"https:\/\/stoic-curie.212-227-153-4.plesk.page\/de\/wp-json\/wp\/v2\/product\/5854530","targetHints":{"allow":["GET"]}}],"collection":[{"href":"https:\/\/stoic-curie.212-227-153-4.plesk.page\/de\/wp-json\/wp\/v2\/product"}],"about":[{"href":"https:\/\/stoic-curie.212-227-153-4.plesk.page\/de\/wp-json\/wp\/v2\/types\/product"}],"replies":[{"embeddable":true,"href":"https:\/\/stoic-curie.212-227-153-4.plesk.page\/de\/wp-json\/wp\/v2\/comments?post=5854530"}],"version-history":[{"count":0,"href":"https:\/\/stoic-curie.212-227-153-4.plesk.page\/de\/wp-json\/wp\/v2\/product\/5854530\/revisions"}],"wp:featuredmedia":[{"embeddable":true,"href":"https:\/\/stoic-curie.212-227-153-4.plesk.page\/de\/wp-json\/wp\/v2\/media\/5853284"}],"wp:attachment":[{"href":"https:\/\/stoic-curie.212-227-153-4.plesk.page\/de\/wp-json\/wp\/v2\/media?parent=5854530"}],"wp:term":[{"taxonomy":"product_brand","embeddable":true,"href":"https:\/\/stoic-curie.212-227-153-4.plesk.page\/de\/wp-json\/wp\/v2\/product_brand?post=5854530"},{"taxonomy":"product_cat","embeddable":true,"href":"https:\/\/stoic-curie.212-227-153-4.plesk.page\/de\/wp-json\/wp\/v2\/product_cat?post=5854530"},{"taxonomy":"product_tag","embeddable":true,"href":"https:\/\/stoic-curie.212-227-153-4.plesk.page\/de\/wp-json\/wp\/v2\/product_tag?post=5854530"}],"curies":[{"name":"wp","href":"https:\/\/api.w.org\/{rel}","templated":true}]}}