{"id":5854533,"date":"2026-02-18T18:21:14","date_gmt":"2026-02-18T17:21:14","guid":{"rendered":"https:\/\/stoic-curie.212-227-153-4.plesk.page\/product\/echte-kraftstofffilter-fuer-yamaha-motoren-6d8-ws24a-00-code-f20-130\/"},"modified":"2026-02-24T23:36:15","modified_gmt":"2026-02-24T23:36:15","slug":"echte-kraftstofffilter-fuer-yamaha-motoren-6d8-ws24a-00-code-f20-130","status":"publish","type":"product","link":"https:\/\/stoic-curie.212-227-153-4.plesk.page\/de\/product\/echte-kraftstofffilter-fuer-yamaha-motoren-6d8-ws24a-00-code-f20-130\/","title":{"rendered":"Echte Kraftstofffilter f\u00fcr Yamaha-Motoren &#8211; 6D8-WS24A-00 Code, F20\/130"},"content":{"rendered":"<p>Echte Kraftstofffilter f\u00fcr Yamaha-Motoren &#8211; 6D8-WS24A-00 Code, F20\/130 &#8211; <\/p>\n<p>Hochwertige Kraftstofffilter f\u00fcr Yamaha-Au\u00dfenbordmotoren. Kompatible Ersatzteile, die optimale Leistung gew\u00e4hrleisten.<\/p>\n","protected":false},"excerpt":{"rendered":"<p>Echte Kraftstofffilter f\u00fcr Yamaha-Motoren &#8211; 6D8-WS24A-00 Code, F20\/130 &#8211; Hochwertige Kraftstofffilter f\u00fcr Yamaha-Au\u00dfenbordmotoren. Kompatible Ersatzteile, die optimale Leistung gew\u00e4hrleisten.<\/p>\n","protected":false},"featured_media":5853356,"comment_status":"open","ping_status":"closed","template":"","meta":[],"product_brand":[3390],"product_cat":[1544],"product_tag":[],"class_list":{"0":"post-5854533","1":"product","2":"type-product","3":"status-publish","4":"has-post-thumbnail","6":"product_brand-sierra-marine-de","7":"product_cat-marine-ersatzteile-fuer-yamaha","9":"first","10":"instock","11":"shipping-taxable","12":"purchasable","13":"product-type-simple"},"_links":{"self":[{"href":"https:\/\/stoic-curie.212-227-153-4.plesk.page\/de\/wp-json\/wp\/v2\/product\/5854533","targetHints":{"allow":["GET"]}}],"collection":[{"href":"https:\/\/stoic-curie.212-227-153-4.plesk.page\/de\/wp-json\/wp\/v2\/product"}],"about":[{"href":"https:\/\/stoic-curie.212-227-153-4.plesk.page\/de\/wp-json\/wp\/v2\/types\/product"}],"replies":[{"embeddable":true,"href":"https:\/\/stoic-curie.212-227-153-4.plesk.page\/de\/wp-json\/wp\/v2\/comments?post=5854533"}],"version-history":[{"count":0,"href":"https:\/\/stoic-curie.212-227-153-4.plesk.page\/de\/wp-json\/wp\/v2\/product\/5854533\/revisions"}],"wp:featuredmedia":[{"embeddable":true,"href":"https:\/\/stoic-curie.212-227-153-4.plesk.page\/de\/wp-json\/wp\/v2\/media\/5853356"}],"wp:attachment":[{"href":"https:\/\/stoic-curie.212-227-153-4.plesk.page\/de\/wp-json\/wp\/v2\/media?parent=5854533"}],"wp:term":[{"taxonomy":"product_brand","embeddable":true,"href":"https:\/\/stoic-curie.212-227-153-4.plesk.page\/de\/wp-json\/wp\/v2\/product_brand?post=5854533"},{"taxonomy":"product_cat","embeddable":true,"href":"https:\/\/stoic-curie.212-227-153-4.plesk.page\/de\/wp-json\/wp\/v2\/product_cat?post=5854533"},{"taxonomy":"product_tag","embeddable":true,"href":"https:\/\/stoic-curie.212-227-153-4.plesk.page\/de\/wp-json\/wp\/v2\/product_tag?post=5854533"}],"curies":[{"name":"wp","href":"https:\/\/api.w.org\/{rel}","templated":true}]}}