{"id":5854537,"date":"2026-02-18T18:21:20","date_gmt":"2026-02-18T17:21:20","guid":{"rendered":"https:\/\/stoic-curie.212-227-153-4.plesk.page\/product\/echte-kraftstofffilter-fuer-yamaha-motoren-code-6p3-24563-00\/"},"modified":"2026-02-24T23:36:15","modified_gmt":"2026-02-24T23:36:15","slug":"echte-kraftstofffilter-fuer-yamaha-motoren-code-6p3-24563-00","status":"publish","type":"product","link":"https:\/\/stoic-curie.212-227-153-4.plesk.page\/de\/product\/echte-kraftstofffilter-fuer-yamaha-motoren-code-6p3-24563-00\/","title":{"rendered":"Echte Kraftstofffilter f\u00fcr Yamaha Motoren &#8211; Code 6P3-24563-00"},"content":{"rendered":"<p>Echte Kraftstofffilter f\u00fcr Yamaha Motoren &#8211; Code 6P3-24563-00 &#8211; <\/p>\n<p>Kraftstofffilter von hoher Qualit\u00e4t f\u00fcr Yamaha Au\u00dfenbordmotoren. Entwickelt f\u00fcr die Modelle F150, F350, Z150 und Z350. Zuverl\u00e4ssige und kompatible Ersatzteile.<\/p>\n","protected":false},"excerpt":{"rendered":"<p>Echte Kraftstofffilter f\u00fcr Yamaha Motoren &#8211; Code 6P3-24563-00 &#8211; Kraftstofffilter von hoher Qualit\u00e4t f\u00fcr Yamaha Au\u00dfenbordmotoren. Entwickelt f\u00fcr die Modelle<\/p>\n","protected":false},"featured_media":5853356,"comment_status":"open","ping_status":"closed","template":"","meta":[],"product_brand":[3390],"product_cat":[1544],"product_tag":[],"class_list":{"0":"post-5854537","1":"product","2":"type-product","3":"status-publish","4":"has-post-thumbnail","6":"product_brand-sierra-marine-de","7":"product_cat-marine-ersatzteile-fuer-yamaha","9":"first","10":"instock","11":"shipping-taxable","12":"purchasable","13":"product-type-simple"},"_links":{"self":[{"href":"https:\/\/stoic-curie.212-227-153-4.plesk.page\/de\/wp-json\/wp\/v2\/product\/5854537","targetHints":{"allow":["GET"]}}],"collection":[{"href":"https:\/\/stoic-curie.212-227-153-4.plesk.page\/de\/wp-json\/wp\/v2\/product"}],"about":[{"href":"https:\/\/stoic-curie.212-227-153-4.plesk.page\/de\/wp-json\/wp\/v2\/types\/product"}],"replies":[{"embeddable":true,"href":"https:\/\/stoic-curie.212-227-153-4.plesk.page\/de\/wp-json\/wp\/v2\/comments?post=5854537"}],"version-history":[{"count":0,"href":"https:\/\/stoic-curie.212-227-153-4.plesk.page\/de\/wp-json\/wp\/v2\/product\/5854537\/revisions"}],"wp:featuredmedia":[{"embeddable":true,"href":"https:\/\/stoic-curie.212-227-153-4.plesk.page\/de\/wp-json\/wp\/v2\/media\/5853356"}],"wp:attachment":[{"href":"https:\/\/stoic-curie.212-227-153-4.plesk.page\/de\/wp-json\/wp\/v2\/media?parent=5854537"}],"wp:term":[{"taxonomy":"product_brand","embeddable":true,"href":"https:\/\/stoic-curie.212-227-153-4.plesk.page\/de\/wp-json\/wp\/v2\/product_brand?post=5854537"},{"taxonomy":"product_cat","embeddable":true,"href":"https:\/\/stoic-curie.212-227-153-4.plesk.page\/de\/wp-json\/wp\/v2\/product_cat?post=5854537"},{"taxonomy":"product_tag","embeddable":true,"href":"https:\/\/stoic-curie.212-227-153-4.plesk.page\/de\/wp-json\/wp\/v2\/product_tag?post=5854537"}],"curies":[{"name":"wp","href":"https:\/\/api.w.org\/{rel}","templated":true}]}}