{"id":5854539,"date":"2026-02-18T18:21:21","date_gmt":"2026-02-18T17:21:21","guid":{"rendered":"https:\/\/stoic-curie.212-227-153-4.plesk.page\/product\/trim-buerste-fuer-yamaha-motoren-original-64e-43891-00-code-motor-f95-275\/"},"modified":"2026-02-24T23:36:15","modified_gmt":"2026-02-24T23:36:15","slug":"trim-buerste-fuer-yamaha-motoren-original-64e-43891-00-code-motor-f95-275","status":"publish","type":"product","link":"https:\/\/stoic-curie.212-227-153-4.plesk.page\/de\/product\/trim-buerste-fuer-yamaha-motoren-original-64e-43891-00-code-motor-f95-275\/","title":{"rendered":"Trim-B\u00fcrste f\u00fcr Yamaha-Motoren Original 64E-43891-00 Code Motor F95\/275"},"content":{"rendered":"<p>Trim-B\u00fcrste f\u00fcr Yamaha-Motoren Original 64E-43891-00 Code Motor F95\/275 &#8211; <\/p>\n<p>Trim-Motorb\u00fcrste f\u00fcr Yamaha Au\u00dfenbordmotoren. Kompatible Ersatzteile.<\/p>\n","protected":false},"excerpt":{"rendered":"<p>Trim-B\u00fcrste f\u00fcr Yamaha-Motoren Original 64E-43891-00 Code Motor F95\/275 &#8211; Trim-Motorb\u00fcrste f\u00fcr Yamaha Au\u00dfenbordmotoren. Kompatible Ersatzteile.<\/p>\n","protected":false},"featured_media":5853404,"comment_status":"open","ping_status":"closed","template":"","meta":[],"product_brand":[3390],"product_cat":[1544],"product_tag":[],"class_list":{"0":"post-5854539","1":"product","2":"type-product","3":"status-publish","4":"has-post-thumbnail","6":"product_brand-sierra-marine-de","7":"product_cat-marine-ersatzteile-fuer-yamaha","9":"first","10":"instock","11":"shipping-taxable","12":"purchasable","13":"product-type-simple"},"_links":{"self":[{"href":"https:\/\/stoic-curie.212-227-153-4.plesk.page\/de\/wp-json\/wp\/v2\/product\/5854539","targetHints":{"allow":["GET"]}}],"collection":[{"href":"https:\/\/stoic-curie.212-227-153-4.plesk.page\/de\/wp-json\/wp\/v2\/product"}],"about":[{"href":"https:\/\/stoic-curie.212-227-153-4.plesk.page\/de\/wp-json\/wp\/v2\/types\/product"}],"replies":[{"embeddable":true,"href":"https:\/\/stoic-curie.212-227-153-4.plesk.page\/de\/wp-json\/wp\/v2\/comments?post=5854539"}],"version-history":[{"count":0,"href":"https:\/\/stoic-curie.212-227-153-4.plesk.page\/de\/wp-json\/wp\/v2\/product\/5854539\/revisions"}],"wp:featuredmedia":[{"embeddable":true,"href":"https:\/\/stoic-curie.212-227-153-4.plesk.page\/de\/wp-json\/wp\/v2\/media\/5853404"}],"wp:attachment":[{"href":"https:\/\/stoic-curie.212-227-153-4.plesk.page\/de\/wp-json\/wp\/v2\/media?parent=5854539"}],"wp:term":[{"taxonomy":"product_brand","embeddable":true,"href":"https:\/\/stoic-curie.212-227-153-4.plesk.page\/de\/wp-json\/wp\/v2\/product_brand?post=5854539"},{"taxonomy":"product_cat","embeddable":true,"href":"https:\/\/stoic-curie.212-227-153-4.plesk.page\/de\/wp-json\/wp\/v2\/product_cat?post=5854539"},{"taxonomy":"product_tag","embeddable":true,"href":"https:\/\/stoic-curie.212-227-153-4.plesk.page\/de\/wp-json\/wp\/v2\/product_tag?post=5854539"}],"curies":[{"name":"wp","href":"https:\/\/api.w.org\/{rel}","templated":true}]}}