{"id":5854556,"date":"2026-02-18T18:21:33","date_gmt":"2026-02-18T17:21:33","guid":{"rendered":"https:\/\/stoic-curie.212-227-153-4.plesk.page\/product\/wasserpumpen-und-antriebseinheit-reparatursatz-fuer-honda-aussenbordmotoren-original-06192-zy3-000-motor-bf175-225\/"},"modified":"2026-02-24T23:36:15","modified_gmt":"2026-02-24T23:36:15","slug":"wasserpumpen-und-antriebseinheit-reparatursatz-fuer-honda-aussenbordmotoren-original-06192-zy3-000-motor-bf175-225","status":"publish","type":"product","link":"https:\/\/stoic-curie.212-227-153-4.plesk.page\/de\/product\/wasserpumpen-und-antriebseinheit-reparatursatz-fuer-honda-aussenbordmotoren-original-06192-zy3-000-motor-bf175-225\/","title":{"rendered":"Wasserpumpen- und Antriebseinheit Reparatursatz f\u00fcr Honda Au\u00dfenbordmotoren Original 06192-ZY3-000 Motor BF175\/225"},"content":{"rendered":"<p>Wasserpumpen- und Antriebseinheit Reparatursatz f\u00fcr Honda Au\u00dfenbordmotoren Original 06192-ZY3-000 Motor BF175\/225 &#8211; Dieses originale Wasserpumpen- und Antriebseinheit Reparatursatz ist speziell f\u00fcr Honda Au\u00dfenbordmotoren, Modell BF175 und BF225, mit dem Code 06192-ZY3-000 konzipiert. Sorgen Sie daf\u00fcr, dass Ihr Motor effizient l\u00e4uft mit diesem hochwertigen Reparatursatz.<\/p>\n","protected":false},"excerpt":{"rendered":"<p>Wasserpumpen- und Antriebseinheit Reparatursatz f\u00fcr Honda Au\u00dfenbordmotoren Original 06192-ZY3-000 Motor BF175\/225 &#8211; Dieses originale Wasserpumpen- und Antriebseinheit Reparatursatz ist speziell<\/p>\n","protected":false},"featured_media":5853464,"comment_status":"open","ping_status":"closed","template":"","meta":[],"product_brand":[3390],"product_cat":[1538],"product_tag":[],"class_list":{"0":"post-5854556","1":"product","2":"type-product","3":"status-publish","4":"has-post-thumbnail","6":"product_brand-sierra-marine-de","7":"product_cat-marine-ersatzteile-fuer-honda","9":"first","10":"instock","11":"shipping-taxable","12":"purchasable","13":"product-type-simple"},"_links":{"self":[{"href":"https:\/\/stoic-curie.212-227-153-4.plesk.page\/de\/wp-json\/wp\/v2\/product\/5854556","targetHints":{"allow":["GET"]}}],"collection":[{"href":"https:\/\/stoic-curie.212-227-153-4.plesk.page\/de\/wp-json\/wp\/v2\/product"}],"about":[{"href":"https:\/\/stoic-curie.212-227-153-4.plesk.page\/de\/wp-json\/wp\/v2\/types\/product"}],"replies":[{"embeddable":true,"href":"https:\/\/stoic-curie.212-227-153-4.plesk.page\/de\/wp-json\/wp\/v2\/comments?post=5854556"}],"version-history":[{"count":0,"href":"https:\/\/stoic-curie.212-227-153-4.plesk.page\/de\/wp-json\/wp\/v2\/product\/5854556\/revisions"}],"wp:featuredmedia":[{"embeddable":true,"href":"https:\/\/stoic-curie.212-227-153-4.plesk.page\/de\/wp-json\/wp\/v2\/media\/5853464"}],"wp:attachment":[{"href":"https:\/\/stoic-curie.212-227-153-4.plesk.page\/de\/wp-json\/wp\/v2\/media?parent=5854556"}],"wp:term":[{"taxonomy":"product_brand","embeddable":true,"href":"https:\/\/stoic-curie.212-227-153-4.plesk.page\/de\/wp-json\/wp\/v2\/product_brand?post=5854556"},{"taxonomy":"product_cat","embeddable":true,"href":"https:\/\/stoic-curie.212-227-153-4.plesk.page\/de\/wp-json\/wp\/v2\/product_cat?post=5854556"},{"taxonomy":"product_tag","embeddable":true,"href":"https:\/\/stoic-curie.212-227-153-4.plesk.page\/de\/wp-json\/wp\/v2\/product_tag?post=5854556"}],"curies":[{"name":"wp","href":"https:\/\/api.w.org\/{rel}","templated":true}]}}