{"id":5854557,"date":"2026-02-18T18:21:33","date_gmt":"2026-02-18T17:21:33","guid":{"rendered":"https:\/\/stoic-curie.212-227-153-4.plesk.page\/product\/echtes-kraftstofffilter-fuer-honda-motoren-16911-zy3-010\/"},"modified":"2026-02-24T23:36:15","modified_gmt":"2026-02-24T23:36:15","slug":"echtes-kraftstofffilter-fuer-honda-motoren-16911-zy3-010","status":"publish","type":"product","link":"https:\/\/stoic-curie.212-227-153-4.plesk.page\/de\/product\/echtes-kraftstofffilter-fuer-honda-motoren-16911-zy3-010\/","title":{"rendered":"Echtes Kraftstofffilter f\u00fcr Honda-Motoren 16911-ZY3-010"},"content":{"rendered":"<p>Echtes Kraftstofffilter f\u00fcr Honda-Motoren 16911-ZY3-010 &#8211; <\/p>\n<p>Kraftstofffilter f\u00fcr Honda-Au\u00dfenbordmotoren. Kompatible Ersatzteile.<\/p>\n","protected":false},"excerpt":{"rendered":"<p>Echtes Kraftstofffilter f\u00fcr Honda-Motoren 16911-ZY3-010 &#8211; Kraftstofffilter f\u00fcr Honda-Au\u00dfenbordmotoren. Kompatible Ersatzteile.<\/p>\n","protected":false},"featured_media":5853512,"comment_status":"open","ping_status":"closed","template":"","meta":[],"product_brand":[3390],"product_cat":[1538],"product_tag":[],"class_list":{"0":"post-5854557","1":"product","2":"type-product","3":"status-publish","4":"has-post-thumbnail","6":"product_brand-sierra-marine-de","7":"product_cat-marine-ersatzteile-fuer-honda","9":"first","10":"instock","11":"shipping-taxable","12":"purchasable","13":"product-type-simple"},"_links":{"self":[{"href":"https:\/\/stoic-curie.212-227-153-4.plesk.page\/de\/wp-json\/wp\/v2\/product\/5854557","targetHints":{"allow":["GET"]}}],"collection":[{"href":"https:\/\/stoic-curie.212-227-153-4.plesk.page\/de\/wp-json\/wp\/v2\/product"}],"about":[{"href":"https:\/\/stoic-curie.212-227-153-4.plesk.page\/de\/wp-json\/wp\/v2\/types\/product"}],"replies":[{"embeddable":true,"href":"https:\/\/stoic-curie.212-227-153-4.plesk.page\/de\/wp-json\/wp\/v2\/comments?post=5854557"}],"version-history":[{"count":0,"href":"https:\/\/stoic-curie.212-227-153-4.plesk.page\/de\/wp-json\/wp\/v2\/product\/5854557\/revisions"}],"wp:featuredmedia":[{"embeddable":true,"href":"https:\/\/stoic-curie.212-227-153-4.plesk.page\/de\/wp-json\/wp\/v2\/media\/5853512"}],"wp:attachment":[{"href":"https:\/\/stoic-curie.212-227-153-4.plesk.page\/de\/wp-json\/wp\/v2\/media?parent=5854557"}],"wp:term":[{"taxonomy":"product_brand","embeddable":true,"href":"https:\/\/stoic-curie.212-227-153-4.plesk.page\/de\/wp-json\/wp\/v2\/product_brand?post=5854557"},{"taxonomy":"product_cat","embeddable":true,"href":"https:\/\/stoic-curie.212-227-153-4.plesk.page\/de\/wp-json\/wp\/v2\/product_cat?post=5854557"},{"taxonomy":"product_tag","embeddable":true,"href":"https:\/\/stoic-curie.212-227-153-4.plesk.page\/de\/wp-json\/wp\/v2\/product_tag?post=5854557"}],"curies":[{"name":"wp","href":"https:\/\/api.w.org\/{rel}","templated":true}]}}