{"id":5854562,"date":"2026-02-18T18:21:37","date_gmt":"2026-02-18T17:21:37","guid":{"rendered":"https:\/\/stoic-curie.212-227-153-4.plesk.page\/product\/echter-thermostat-fuer-tohatsu-motoren-3h6-01030-0\/"},"modified":"2026-02-24T23:36:15","modified_gmt":"2026-02-24T23:36:15","slug":"echter-thermostat-fuer-tohatsu-motoren-3h6-01030-0","status":"publish","type":"product","link":"https:\/\/stoic-curie.212-227-153-4.plesk.page\/de\/product\/echter-thermostat-fuer-tohatsu-motoren-3h6-01030-0\/","title":{"rendered":"Echter Thermostat f\u00fcr Tohatsu-Motoren 3H6-01030-0"},"content":{"rendered":"<p>Echter Thermostat f\u00fcr Tohatsu-Motoren 3H6-01030-0 &#8211; <\/p>\n<p>K\u00fchlerthermostat f\u00fcr Tohatsu-Au\u00dfenbordmotoren.<br \/>Kompatibles Ersatzteil.<\/p>\n","protected":false},"excerpt":{"rendered":"<p>Echter Thermostat f\u00fcr Tohatsu-Motoren 3H6-01030-0 &#8211; K\u00fchlerthermostat f\u00fcr Tohatsu-Au\u00dfenbordmotoren.Kompatibles Ersatzteil.<\/p>\n","protected":false},"featured_media":5853528,"comment_status":"open","ping_status":"closed","template":"","meta":[],"product_brand":[3390],"product_cat":[1530],"product_tag":[],"class_list":{"0":"post-5854562","1":"product","2":"type-product","3":"status-publish","4":"has-post-thumbnail","6":"product_brand-sierra-marine-de","7":"product_cat-marine-ersatzteile-fuer-tohatsu","9":"first","10":"instock","11":"shipping-taxable","12":"purchasable","13":"product-type-simple"},"_links":{"self":[{"href":"https:\/\/stoic-curie.212-227-153-4.plesk.page\/de\/wp-json\/wp\/v2\/product\/5854562","targetHints":{"allow":["GET"]}}],"collection":[{"href":"https:\/\/stoic-curie.212-227-153-4.plesk.page\/de\/wp-json\/wp\/v2\/product"}],"about":[{"href":"https:\/\/stoic-curie.212-227-153-4.plesk.page\/de\/wp-json\/wp\/v2\/types\/product"}],"replies":[{"embeddable":true,"href":"https:\/\/stoic-curie.212-227-153-4.plesk.page\/de\/wp-json\/wp\/v2\/comments?post=5854562"}],"version-history":[{"count":0,"href":"https:\/\/stoic-curie.212-227-153-4.plesk.page\/de\/wp-json\/wp\/v2\/product\/5854562\/revisions"}],"wp:featuredmedia":[{"embeddable":true,"href":"https:\/\/stoic-curie.212-227-153-4.plesk.page\/de\/wp-json\/wp\/v2\/media\/5853528"}],"wp:attachment":[{"href":"https:\/\/stoic-curie.212-227-153-4.plesk.page\/de\/wp-json\/wp\/v2\/media?parent=5854562"}],"wp:term":[{"taxonomy":"product_brand","embeddable":true,"href":"https:\/\/stoic-curie.212-227-153-4.plesk.page\/de\/wp-json\/wp\/v2\/product_brand?post=5854562"},{"taxonomy":"product_cat","embeddable":true,"href":"https:\/\/stoic-curie.212-227-153-4.plesk.page\/de\/wp-json\/wp\/v2\/product_cat?post=5854562"},{"taxonomy":"product_tag","embeddable":true,"href":"https:\/\/stoic-curie.212-227-153-4.plesk.page\/de\/wp-json\/wp\/v2\/product_tag?post=5854562"}],"curies":[{"name":"wp","href":"https:\/\/api.w.org\/{rel}","templated":true}]}}