{"id":5854566,"date":"2026-02-18T18:21:39","date_gmt":"2026-02-18T17:21:39","guid":{"rendered":"https:\/\/stoic-curie.212-227-153-4.plesk.page\/product\/echte-pumpen-untereinheitsdichtungen-fuer-tohatsu-motoren-3b2-65020-0-fuer-6-98-ps\/"},"modified":"2026-02-24T23:36:15","modified_gmt":"2026-02-24T23:36:15","slug":"echte-pumpen-untereinheitsdichtungen-fuer-tohatsu-motoren-3b2-65020-0-fuer-6-98-ps","status":"publish","type":"product","link":"https:\/\/stoic-curie.212-227-153-4.plesk.page\/de\/product\/echte-pumpen-untereinheitsdichtungen-fuer-tohatsu-motoren-3b2-65020-0-fuer-6-98-ps\/","title":{"rendered":"Echte Pumpen\/Untereinheitsdichtungen f\u00fcr Tohatsu Motoren 3B2-65020-0 f\u00fcr 6\/9,8 PS"},"content":{"rendered":"<p>Echte Pumpen\/Untereinheitsdichtungen f\u00fcr Tohatsu Motoren 3B2-65020-0 f\u00fcr 6\/9,8 PS &#8211; <\/p>\n<p>Echte Pumpen\/Untereinheitsdichtungen f\u00fcr Tohatsu Au\u00dfenbordmotoren. Diese sind kompatible Ersatzteile, die f\u00fcr optimale Leistung sorgen.<\/p>\n","protected":false},"excerpt":{"rendered":"<p>Echte Pumpen\/Untereinheitsdichtungen f\u00fcr Tohatsu Motoren 3B2-65020-0 f\u00fcr 6\/9,8 PS &#8211; Echte Pumpen\/Untereinheitsdichtungen f\u00fcr Tohatsu Au\u00dfenbordmotoren. Diese sind kompatible Ersatzteile, die<\/p>\n","protected":false},"featured_media":5853538,"comment_status":"open","ping_status":"closed","template":"","meta":[],"product_brand":[3390],"product_cat":[1530],"product_tag":[],"class_list":{"0":"post-5854566","1":"product","2":"type-product","3":"status-publish","4":"has-post-thumbnail","6":"product_brand-sierra-marine-de","7":"product_cat-marine-ersatzteile-fuer-tohatsu","9":"first","10":"instock","11":"shipping-taxable","12":"purchasable","13":"product-type-simple"},"_links":{"self":[{"href":"https:\/\/stoic-curie.212-227-153-4.plesk.page\/de\/wp-json\/wp\/v2\/product\/5854566","targetHints":{"allow":["GET"]}}],"collection":[{"href":"https:\/\/stoic-curie.212-227-153-4.plesk.page\/de\/wp-json\/wp\/v2\/product"}],"about":[{"href":"https:\/\/stoic-curie.212-227-153-4.plesk.page\/de\/wp-json\/wp\/v2\/types\/product"}],"replies":[{"embeddable":true,"href":"https:\/\/stoic-curie.212-227-153-4.plesk.page\/de\/wp-json\/wp\/v2\/comments?post=5854566"}],"version-history":[{"count":0,"href":"https:\/\/stoic-curie.212-227-153-4.plesk.page\/de\/wp-json\/wp\/v2\/product\/5854566\/revisions"}],"wp:featuredmedia":[{"embeddable":true,"href":"https:\/\/stoic-curie.212-227-153-4.plesk.page\/de\/wp-json\/wp\/v2\/media\/5853538"}],"wp:attachment":[{"href":"https:\/\/stoic-curie.212-227-153-4.plesk.page\/de\/wp-json\/wp\/v2\/media?parent=5854566"}],"wp:term":[{"taxonomy":"product_brand","embeddable":true,"href":"https:\/\/stoic-curie.212-227-153-4.plesk.page\/de\/wp-json\/wp\/v2\/product_brand?post=5854566"},{"taxonomy":"product_cat","embeddable":true,"href":"https:\/\/stoic-curie.212-227-153-4.plesk.page\/de\/wp-json\/wp\/v2\/product_cat?post=5854566"},{"taxonomy":"product_tag","embeddable":true,"href":"https:\/\/stoic-curie.212-227-153-4.plesk.page\/de\/wp-json\/wp\/v2\/product_tag?post=5854566"}],"curies":[{"name":"wp","href":"https:\/\/api.w.org\/{rel}","templated":true}]}}