{"id":5854567,"date":"2026-02-18T18:21:40","date_gmt":"2026-02-18T17:21:40","guid":{"rendered":"https:\/\/stoic-curie.212-227-153-4.plesk.page\/product\/pumpen-unterhausdichtungen-fuer-tohatsu-motoren-original-3b2-65029-1-code-motor-mfs6-9-8\/"},"modified":"2026-02-24T23:36:15","modified_gmt":"2026-02-24T23:36:15","slug":"pumpen-unterhausdichtungen-fuer-tohatsu-motoren-original-3b2-65029-1-code-motor-mfs6-9-8","status":"publish","type":"product","link":"https:\/\/stoic-curie.212-227-153-4.plesk.page\/de\/product\/pumpen-unterhausdichtungen-fuer-tohatsu-motoren-original-3b2-65029-1-code-motor-mfs6-9-8\/","title":{"rendered":"Pumpen-\/Unterhausdichtungen f\u00fcr Tohatsu-Motoren Original 3B2-65029-1 Code Motor MFS6\/9.8"},"content":{"rendered":"<p>Pumpen-\/Unterhausdichtungen f\u00fcr Tohatsu-Motoren Original 3B2-65029-1 Code Motor MFS6\/9.8 &#8211; <\/p>\n<p>Pumpen-\/Unterhausdichtungen f\u00fcr Tohatsu Au\u00dfenbordmotoren. Dies sind kompatible Ersatzteile, die f\u00fcr zuverl\u00e4ssige Leistung ausgelegt sind.<\/p>\n","protected":false},"excerpt":{"rendered":"<p>Pumpen-\/Unterhausdichtungen f\u00fcr Tohatsu-Motoren Original 3B2-65029-1 Code Motor MFS6\/9.8 &#8211; Pumpen-\/Unterhausdichtungen f\u00fcr Tohatsu Au\u00dfenbordmotoren. Dies sind kompatible Ersatzteile, die f\u00fcr zuverl\u00e4ssige<\/p>\n","protected":false},"featured_media":5853538,"comment_status":"open","ping_status":"closed","template":"","meta":[],"product_brand":[3390],"product_cat":[1530],"product_tag":[],"class_list":{"0":"post-5854567","1":"product","2":"type-product","3":"status-publish","4":"has-post-thumbnail","6":"product_brand-sierra-marine-de","7":"product_cat-marine-ersatzteile-fuer-tohatsu","9":"first","10":"instock","11":"shipping-taxable","12":"purchasable","13":"product-type-simple"},"_links":{"self":[{"href":"https:\/\/stoic-curie.212-227-153-4.plesk.page\/de\/wp-json\/wp\/v2\/product\/5854567","targetHints":{"allow":["GET"]}}],"collection":[{"href":"https:\/\/stoic-curie.212-227-153-4.plesk.page\/de\/wp-json\/wp\/v2\/product"}],"about":[{"href":"https:\/\/stoic-curie.212-227-153-4.plesk.page\/de\/wp-json\/wp\/v2\/types\/product"}],"replies":[{"embeddable":true,"href":"https:\/\/stoic-curie.212-227-153-4.plesk.page\/de\/wp-json\/wp\/v2\/comments?post=5854567"}],"version-history":[{"count":0,"href":"https:\/\/stoic-curie.212-227-153-4.plesk.page\/de\/wp-json\/wp\/v2\/product\/5854567\/revisions"}],"wp:featuredmedia":[{"embeddable":true,"href":"https:\/\/stoic-curie.212-227-153-4.plesk.page\/de\/wp-json\/wp\/v2\/media\/5853538"}],"wp:attachment":[{"href":"https:\/\/stoic-curie.212-227-153-4.plesk.page\/de\/wp-json\/wp\/v2\/media?parent=5854567"}],"wp:term":[{"taxonomy":"product_brand","embeddable":true,"href":"https:\/\/stoic-curie.212-227-153-4.plesk.page\/de\/wp-json\/wp\/v2\/product_brand?post=5854567"},{"taxonomy":"product_cat","embeddable":true,"href":"https:\/\/stoic-curie.212-227-153-4.plesk.page\/de\/wp-json\/wp\/v2\/product_cat?post=5854567"},{"taxonomy":"product_tag","embeddable":true,"href":"https:\/\/stoic-curie.212-227-153-4.plesk.page\/de\/wp-json\/wp\/v2\/product_tag?post=5854567"}],"curies":[{"name":"wp","href":"https:\/\/api.w.org\/{rel}","templated":true}]}}