{"id":5854569,"date":"2026-02-18T18:21:41","date_gmt":"2026-02-18T17:21:41","guid":{"rendered":"https:\/\/stoic-curie.212-227-153-4.plesk.page\/product\/echte-pumpen-getriebeeinheit-dichtungen-fuer-tohatsu-motoren-3c8-65029-2\/"},"modified":"2026-02-24T23:36:15","modified_gmt":"2026-02-24T23:36:15","slug":"echte-pumpen-getriebeeinheit-dichtungen-fuer-tohatsu-motoren-3c8-65029-2","status":"publish","type":"product","link":"https:\/\/stoic-curie.212-227-153-4.plesk.page\/de\/product\/echte-pumpen-getriebeeinheit-dichtungen-fuer-tohatsu-motoren-3c8-65029-2\/","title":{"rendered":"Echte Pumpen-\/Getriebeeinheit-Dichtungen f\u00fcr Tohatsu-Motoren 3C8-65029-2"},"content":{"rendered":"<p>Echte Pumpen-\/Getriebeeinheit-Dichtungen f\u00fcr Tohatsu-Motoren 3C8-65029-2 &#8211; <\/p>\n<p>Echte Pumpen- und Getriebeeinheit-Dichtungen f\u00fcr Tohatsu-Au\u00dfenbordmotoren. Diese Teile sind mit den Modellen MFS40\/60 kompatibel und gew\u00e4hrleisten optimale Leistung und Zuverl\u00e4ssigkeit.<\/p>\n","protected":false},"excerpt":{"rendered":"<p>Echte Pumpen-\/Getriebeeinheit-Dichtungen f\u00fcr Tohatsu-Motoren 3C8-65029-2 &#8211; Echte Pumpen- und Getriebeeinheit-Dichtungen f\u00fcr Tohatsu-Au\u00dfenbordmotoren. Diese Teile sind mit den Modellen MFS40\/60 kompatibel<\/p>\n","protected":false},"featured_media":5853538,"comment_status":"open","ping_status":"closed","template":"","meta":[],"product_brand":[3390],"product_cat":[1530],"product_tag":[],"class_list":{"0":"post-5854569","1":"product","2":"type-product","3":"status-publish","4":"has-post-thumbnail","6":"product_brand-sierra-marine-de","7":"product_cat-marine-ersatzteile-fuer-tohatsu","9":"first","10":"instock","11":"shipping-taxable","12":"purchasable","13":"product-type-simple"},"_links":{"self":[{"href":"https:\/\/stoic-curie.212-227-153-4.plesk.page\/de\/wp-json\/wp\/v2\/product\/5854569","targetHints":{"allow":["GET"]}}],"collection":[{"href":"https:\/\/stoic-curie.212-227-153-4.plesk.page\/de\/wp-json\/wp\/v2\/product"}],"about":[{"href":"https:\/\/stoic-curie.212-227-153-4.plesk.page\/de\/wp-json\/wp\/v2\/types\/product"}],"replies":[{"embeddable":true,"href":"https:\/\/stoic-curie.212-227-153-4.plesk.page\/de\/wp-json\/wp\/v2\/comments?post=5854569"}],"version-history":[{"count":0,"href":"https:\/\/stoic-curie.212-227-153-4.plesk.page\/de\/wp-json\/wp\/v2\/product\/5854569\/revisions"}],"wp:featuredmedia":[{"embeddable":true,"href":"https:\/\/stoic-curie.212-227-153-4.plesk.page\/de\/wp-json\/wp\/v2\/media\/5853538"}],"wp:attachment":[{"href":"https:\/\/stoic-curie.212-227-153-4.plesk.page\/de\/wp-json\/wp\/v2\/media?parent=5854569"}],"wp:term":[{"taxonomy":"product_brand","embeddable":true,"href":"https:\/\/stoic-curie.212-227-153-4.plesk.page\/de\/wp-json\/wp\/v2\/product_brand?post=5854569"},{"taxonomy":"product_cat","embeddable":true,"href":"https:\/\/stoic-curie.212-227-153-4.plesk.page\/de\/wp-json\/wp\/v2\/product_cat?post=5854569"},{"taxonomy":"product_tag","embeddable":true,"href":"https:\/\/stoic-curie.212-227-153-4.plesk.page\/de\/wp-json\/wp\/v2\/product_tag?post=5854569"}],"curies":[{"name":"wp","href":"https:\/\/api.w.org\/{rel}","templated":true}]}}