{"id":5854573,"date":"2026-02-18T18:21:46","date_gmt":"2026-02-18T17:21:46","guid":{"rendered":"https:\/\/stoic-curie.212-227-153-4.plesk.page\/product\/echte-wellendichtringe-fuer-johnson-evinrude-motoren-code-342786-fuer-40-70-ps\/"},"modified":"2026-02-24T23:36:15","modified_gmt":"2026-02-24T23:36:15","slug":"echte-wellendichtringe-fuer-johnson-evinrude-motoren-code-342786-fuer-40-70-ps","status":"publish","type":"product","link":"https:\/\/stoic-curie.212-227-153-4.plesk.page\/de\/product\/echte-wellendichtringe-fuer-johnson-evinrude-motoren-code-342786-fuer-40-70-ps\/","title":{"rendered":"Echte Wellendichtringe f\u00fcr Johnson-Evinrude Motoren &#8211; Code 342786 f\u00fcr 40\/70 PS"},"content":{"rendered":"<p>Echte Wellendichtringe f\u00fcr Johnson-Evinrude Motoren &#8211; Code 342786 f\u00fcr 40\/70 PS &#8211; Hochwertige Wellendichtringe, die speziell f\u00fcr Johnson-Evinrude Motoren entwickelt wurden. Diese Originalteile gew\u00e4hrleisten eine optimale Leistung und Haltbarkeit f\u00fcr Ihre 40 bis 70 PS Au\u00dfenbordmotoren.<\/p>\n","protected":false},"excerpt":{"rendered":"<p>Echte Wellendichtringe f\u00fcr Johnson-Evinrude Motoren &#8211; Code 342786 f\u00fcr 40\/70 PS &#8211; Hochwertige Wellendichtringe, die speziell f\u00fcr Johnson-Evinrude Motoren entwickelt<\/p>\n","protected":false},"featured_media":5853582,"comment_status":"open","ping_status":"closed","template":"","meta":[],"product_brand":[3390],"product_cat":[1534],"product_tag":[],"class_list":{"0":"post-5854573","1":"product","2":"type-product","3":"status-publish","4":"has-post-thumbnail","6":"product_brand-sierra-marine-de","7":"product_cat-marine-ersatzteile-fuer-johnson-und-evinrude","9":"first","10":"instock","11":"shipping-taxable","12":"purchasable","13":"product-type-simple"},"_links":{"self":[{"href":"https:\/\/stoic-curie.212-227-153-4.plesk.page\/de\/wp-json\/wp\/v2\/product\/5854573","targetHints":{"allow":["GET"]}}],"collection":[{"href":"https:\/\/stoic-curie.212-227-153-4.plesk.page\/de\/wp-json\/wp\/v2\/product"}],"about":[{"href":"https:\/\/stoic-curie.212-227-153-4.plesk.page\/de\/wp-json\/wp\/v2\/types\/product"}],"replies":[{"embeddable":true,"href":"https:\/\/stoic-curie.212-227-153-4.plesk.page\/de\/wp-json\/wp\/v2\/comments?post=5854573"}],"version-history":[{"count":0,"href":"https:\/\/stoic-curie.212-227-153-4.plesk.page\/de\/wp-json\/wp\/v2\/product\/5854573\/revisions"}],"wp:featuredmedia":[{"embeddable":true,"href":"https:\/\/stoic-curie.212-227-153-4.plesk.page\/de\/wp-json\/wp\/v2\/media\/5853582"}],"wp:attachment":[{"href":"https:\/\/stoic-curie.212-227-153-4.plesk.page\/de\/wp-json\/wp\/v2\/media?parent=5854573"}],"wp:term":[{"taxonomy":"product_brand","embeddable":true,"href":"https:\/\/stoic-curie.212-227-153-4.plesk.page\/de\/wp-json\/wp\/v2\/product_brand?post=5854573"},{"taxonomy":"product_cat","embeddable":true,"href":"https:\/\/stoic-curie.212-227-153-4.plesk.page\/de\/wp-json\/wp\/v2\/product_cat?post=5854573"},{"taxonomy":"product_tag","embeddable":true,"href":"https:\/\/stoic-curie.212-227-153-4.plesk.page\/de\/wp-json\/wp\/v2\/product_tag?post=5854573"}],"curies":[{"name":"wp","href":"https:\/\/api.w.org\/{rel}","templated":true}]}}