{"id":5854574,"date":"2026-02-18T18:21:47","date_gmt":"2026-02-18T17:21:47","guid":{"rendered":"https:\/\/stoic-curie.212-227-153-4.plesk.page\/product\/echte-wellen-dichtungen-fuer-johnson-evinrude-motoren-0329922-75-300-ps\/"},"modified":"2026-02-24T23:36:15","modified_gmt":"2026-02-24T23:36:15","slug":"echte-wellen-dichtungen-fuer-johnson-evinrude-motoren-0329922-75-300-ps","status":"publish","type":"product","link":"https:\/\/stoic-curie.212-227-153-4.plesk.page\/de\/product\/echte-wellen-dichtungen-fuer-johnson-evinrude-motoren-0329922-75-300-ps\/","title":{"rendered":"Echte Wellen Dichtungen f\u00fcr Johnson-Evinrude Motoren 0329922 (75\/300 PS)"},"content":{"rendered":"<p>Echte Wellen Dichtungen f\u00fcr Johnson-Evinrude Motoren 0329922 (75\/300 PS) &#8211; Hochwertige Wellen Dichtungen, die speziell f\u00fcr Johnson-Evinrude Motoren entwickelt wurden. Diese originalen Dichtungen gew\u00e4hrleisten optimale Leistung und Langlebigkeit und sind eine zuverl\u00e4ssige Wahl f\u00fcr Wartung und Reparaturen.<\/p>\n","protected":false},"excerpt":{"rendered":"<p>Echte Wellen Dichtungen f\u00fcr Johnson-Evinrude Motoren 0329922 (75\/300 PS) &#8211; Hochwertige Wellen Dichtungen, die speziell f\u00fcr Johnson-Evinrude Motoren entwickelt wurden.<\/p>\n","protected":false},"featured_media":5853582,"comment_status":"open","ping_status":"closed","template":"","meta":[],"product_brand":[3390],"product_cat":[1534],"product_tag":[],"class_list":{"0":"post-5854574","1":"product","2":"type-product","3":"status-publish","4":"has-post-thumbnail","6":"product_brand-sierra-marine-de","7":"product_cat-marine-ersatzteile-fuer-johnson-und-evinrude","9":"first","10":"instock","11":"shipping-taxable","12":"purchasable","13":"product-type-simple"},"_links":{"self":[{"href":"https:\/\/stoic-curie.212-227-153-4.plesk.page\/de\/wp-json\/wp\/v2\/product\/5854574","targetHints":{"allow":["GET"]}}],"collection":[{"href":"https:\/\/stoic-curie.212-227-153-4.plesk.page\/de\/wp-json\/wp\/v2\/product"}],"about":[{"href":"https:\/\/stoic-curie.212-227-153-4.plesk.page\/de\/wp-json\/wp\/v2\/types\/product"}],"replies":[{"embeddable":true,"href":"https:\/\/stoic-curie.212-227-153-4.plesk.page\/de\/wp-json\/wp\/v2\/comments?post=5854574"}],"version-history":[{"count":0,"href":"https:\/\/stoic-curie.212-227-153-4.plesk.page\/de\/wp-json\/wp\/v2\/product\/5854574\/revisions"}],"wp:featuredmedia":[{"embeddable":true,"href":"https:\/\/stoic-curie.212-227-153-4.plesk.page\/de\/wp-json\/wp\/v2\/media\/5853582"}],"wp:attachment":[{"href":"https:\/\/stoic-curie.212-227-153-4.plesk.page\/de\/wp-json\/wp\/v2\/media?parent=5854574"}],"wp:term":[{"taxonomy":"product_brand","embeddable":true,"href":"https:\/\/stoic-curie.212-227-153-4.plesk.page\/de\/wp-json\/wp\/v2\/product_brand?post=5854574"},{"taxonomy":"product_cat","embeddable":true,"href":"https:\/\/stoic-curie.212-227-153-4.plesk.page\/de\/wp-json\/wp\/v2\/product_cat?post=5854574"},{"taxonomy":"product_tag","embeddable":true,"href":"https:\/\/stoic-curie.212-227-153-4.plesk.page\/de\/wp-json\/wp\/v2\/product_tag?post=5854574"}],"curies":[{"name":"wp","href":"https:\/\/api.w.org\/{rel}","templated":true}]}}