{"id":5854576,"date":"2026-02-18T18:21:48","date_gmt":"2026-02-18T17:21:48","guid":{"rendered":"https:\/\/stoic-curie.212-227-153-4.plesk.page\/product\/echte-wellendichtringdichtungen-fuer-johnson-evinrude-motoren-0334950\/"},"modified":"2026-02-24T23:36:15","modified_gmt":"2026-02-24T23:36:15","slug":"echte-wellendichtringdichtungen-fuer-johnson-evinrude-motoren-0334950","status":"publish","type":"product","link":"https:\/\/stoic-curie.212-227-153-4.plesk.page\/de\/product\/echte-wellendichtringdichtungen-fuer-johnson-evinrude-motoren-0334950\/","title":{"rendered":"Echte Wellendichtringdichtungen f\u00fcr Johnson-Evinrude Motoren 0334950"},"content":{"rendered":"<p>Echte Wellendichtringdichtungen f\u00fcr Johnson-Evinrude Motoren 0334950 &#8211; Diese hochwertigen Wellendichtringdichtungen sind speziell f\u00fcr Johnson-Evinrude Motoren entwickelt und gew\u00e4hrleisten eine perfekte Passform und Leistung f\u00fcr Modelle mit 90 bis 300 PS.<\/p>\n","protected":false},"excerpt":{"rendered":"<p>Echte Wellendichtringdichtungen f\u00fcr Johnson-Evinrude Motoren 0334950 &#8211; Diese hochwertigen Wellendichtringdichtungen sind speziell f\u00fcr Johnson-Evinrude Motoren entwickelt und gew\u00e4hrleisten eine perfekte<\/p>\n","protected":false},"featured_media":5853582,"comment_status":"open","ping_status":"closed","template":"","meta":[],"product_brand":[3390],"product_cat":[1534],"product_tag":[],"class_list":{"0":"post-5854576","1":"product","2":"type-product","3":"status-publish","4":"has-post-thumbnail","6":"product_brand-sierra-marine-de","7":"product_cat-marine-ersatzteile-fuer-johnson-und-evinrude","9":"first","10":"instock","11":"shipping-taxable","12":"purchasable","13":"product-type-simple"},"_links":{"self":[{"href":"https:\/\/stoic-curie.212-227-153-4.plesk.page\/de\/wp-json\/wp\/v2\/product\/5854576","targetHints":{"allow":["GET"]}}],"collection":[{"href":"https:\/\/stoic-curie.212-227-153-4.plesk.page\/de\/wp-json\/wp\/v2\/product"}],"about":[{"href":"https:\/\/stoic-curie.212-227-153-4.plesk.page\/de\/wp-json\/wp\/v2\/types\/product"}],"replies":[{"embeddable":true,"href":"https:\/\/stoic-curie.212-227-153-4.plesk.page\/de\/wp-json\/wp\/v2\/comments?post=5854576"}],"version-history":[{"count":0,"href":"https:\/\/stoic-curie.212-227-153-4.plesk.page\/de\/wp-json\/wp\/v2\/product\/5854576\/revisions"}],"wp:featuredmedia":[{"embeddable":true,"href":"https:\/\/stoic-curie.212-227-153-4.plesk.page\/de\/wp-json\/wp\/v2\/media\/5853582"}],"wp:attachment":[{"href":"https:\/\/stoic-curie.212-227-153-4.plesk.page\/de\/wp-json\/wp\/v2\/media?parent=5854576"}],"wp:term":[{"taxonomy":"product_brand","embeddable":true,"href":"https:\/\/stoic-curie.212-227-153-4.plesk.page\/de\/wp-json\/wp\/v2\/product_brand?post=5854576"},{"taxonomy":"product_cat","embeddable":true,"href":"https:\/\/stoic-curie.212-227-153-4.plesk.page\/de\/wp-json\/wp\/v2\/product_cat?post=5854576"},{"taxonomy":"product_tag","embeddable":true,"href":"https:\/\/stoic-curie.212-227-153-4.plesk.page\/de\/wp-json\/wp\/v2\/product_tag?post=5854576"}],"curies":[{"name":"wp","href":"https:\/\/api.w.org\/{rel}","templated":true}]}}