{"id":5854579,"date":"2026-02-18T18:21:50","date_gmt":"2026-02-18T17:21:50","guid":{"rendered":"https:\/\/stoic-curie.212-227-153-4.plesk.page\/product\/wasserpumpengehaeuse-fuer-johnson-evinrude-motoren-echtes-teil-438545-code-40-60-ps\/"},"modified":"2026-02-24T23:36:15","modified_gmt":"2026-02-24T23:36:15","slug":"wasserpumpengehaeuse-fuer-johnson-evinrude-motoren-echtes-teil-438545-code-40-60-ps","status":"publish","type":"product","link":"https:\/\/stoic-curie.212-227-153-4.plesk.page\/de\/product\/wasserpumpengehaeuse-fuer-johnson-evinrude-motoren-echtes-teil-438545-code-40-60-ps\/","title":{"rendered":"Wasserpumpengeh\u00e4use f\u00fcr Johnson-Evinrude Motoren &#8211; Echtes Teil 438545 Code &#8211; 40\/60 PS"},"content":{"rendered":"<p>Wasserpumpengeh\u00e4use f\u00fcr Johnson-Evinrude Motoren &#8211; Echtes Teil 438545 Code &#8211; 40\/60 PS &#8211; <\/p>\n<p>Wasserpumpengeh\u00e4use, das f\u00fcr Johnson-Evinrude Au\u00dfenbordmotoren konzipiert ist. Dies ist ein kompatibles Ersatzteil, das optimale Leistung gew\u00e4hrleistet.<\/p>\n","protected":false},"excerpt":{"rendered":"<p>Wasserpumpengeh\u00e4use f\u00fcr Johnson-Evinrude Motoren &#8211; Echtes Teil 438545 Code &#8211; 40\/60 PS &#8211; Wasserpumpengeh\u00e4use, das f\u00fcr Johnson-Evinrude Au\u00dfenbordmotoren konzipiert ist.<\/p>\n","protected":false},"featured_media":5853614,"comment_status":"open","ping_status":"closed","template":"","meta":[],"product_brand":[3390],"product_cat":[1534],"product_tag":[],"class_list":{"0":"post-5854579","1":"product","2":"type-product","3":"status-publish","4":"has-post-thumbnail","6":"product_brand-sierra-marine-de","7":"product_cat-marine-ersatzteile-fuer-johnson-und-evinrude","9":"first","10":"instock","11":"shipping-taxable","12":"purchasable","13":"product-type-simple"},"_links":{"self":[{"href":"https:\/\/stoic-curie.212-227-153-4.plesk.page\/de\/wp-json\/wp\/v2\/product\/5854579","targetHints":{"allow":["GET"]}}],"collection":[{"href":"https:\/\/stoic-curie.212-227-153-4.plesk.page\/de\/wp-json\/wp\/v2\/product"}],"about":[{"href":"https:\/\/stoic-curie.212-227-153-4.plesk.page\/de\/wp-json\/wp\/v2\/types\/product"}],"replies":[{"embeddable":true,"href":"https:\/\/stoic-curie.212-227-153-4.plesk.page\/de\/wp-json\/wp\/v2\/comments?post=5854579"}],"version-history":[{"count":0,"href":"https:\/\/stoic-curie.212-227-153-4.plesk.page\/de\/wp-json\/wp\/v2\/product\/5854579\/revisions"}],"wp:featuredmedia":[{"embeddable":true,"href":"https:\/\/stoic-curie.212-227-153-4.plesk.page\/de\/wp-json\/wp\/v2\/media\/5853614"}],"wp:attachment":[{"href":"https:\/\/stoic-curie.212-227-153-4.plesk.page\/de\/wp-json\/wp\/v2\/media?parent=5854579"}],"wp:term":[{"taxonomy":"product_brand","embeddable":true,"href":"https:\/\/stoic-curie.212-227-153-4.plesk.page\/de\/wp-json\/wp\/v2\/product_brand?post=5854579"},{"taxonomy":"product_cat","embeddable":true,"href":"https:\/\/stoic-curie.212-227-153-4.plesk.page\/de\/wp-json\/wp\/v2\/product_cat?post=5854579"},{"taxonomy":"product_tag","embeddable":true,"href":"https:\/\/stoic-curie.212-227-153-4.plesk.page\/de\/wp-json\/wp\/v2\/product_tag?post=5854579"}],"curies":[{"name":"wp","href":"https:\/\/api.w.org\/{rel}","templated":true}]}}