{"id":5854581,"date":"2026-02-18T18:21:51","date_gmt":"2026-02-18T17:21:51","guid":{"rendered":"https:\/\/stoic-curie.212-227-153-4.plesk.page\/product\/echtes-wasserpumpengehaeuse-fuer-johnson-evinrude-motoren-code-435959-90-250-v4-v6-v8\/"},"modified":"2026-02-24T23:36:15","modified_gmt":"2026-02-24T23:36:15","slug":"echtes-wasserpumpengehaeuse-fuer-johnson-evinrude-motoren-code-435959-90-250-v4-v6-v8","status":"publish","type":"product","link":"https:\/\/stoic-curie.212-227-153-4.plesk.page\/de\/product\/echtes-wasserpumpengehaeuse-fuer-johnson-evinrude-motoren-code-435959-90-250-v4-v6-v8\/","title":{"rendered":"Echtes Wasserpumpengeh\u00e4use f\u00fcr Johnson-Evinrude-Motoren &#8211; Code 435959 (90\/250\/V4\/V6\/V8)"},"content":{"rendered":"<p>Echtes Wasserpumpengeh\u00e4use f\u00fcr Johnson-Evinrude-Motoren &#8211; Code 435959 (90\/250\/V4\/V6\/V8) &#8211; <\/p>\n<p>Hochwertiges Wasserpumpengeh\u00e4use, das f\u00fcr Johnson-Evinrude Au\u00dfenbordmotoren entwickelt wurde. Diese ersetzen Teile sind kompatibel und gew\u00e4hrleisten eine optimale Leistung Ihres Motors.<\/p>\n","protected":false},"excerpt":{"rendered":"<p>Echtes Wasserpumpengeh\u00e4use f\u00fcr Johnson-Evinrude-Motoren &#8211; Code 435959 (90\/250\/V4\/V6\/V8) &#8211; Hochwertiges Wasserpumpengeh\u00e4use, das f\u00fcr Johnson-Evinrude Au\u00dfenbordmotoren entwickelt wurde. Diese ersetzen Teile<\/p>\n","protected":false},"featured_media":5853614,"comment_status":"open","ping_status":"closed","template":"","meta":[],"product_brand":[3390],"product_cat":[1534],"product_tag":[],"class_list":{"0":"post-5854581","1":"product","2":"type-product","3":"status-publish","4":"has-post-thumbnail","6":"product_brand-sierra-marine-de","7":"product_cat-marine-ersatzteile-fuer-johnson-und-evinrude","9":"first","10":"instock","11":"shipping-taxable","12":"purchasable","13":"product-type-simple"},"_links":{"self":[{"href":"https:\/\/stoic-curie.212-227-153-4.plesk.page\/de\/wp-json\/wp\/v2\/product\/5854581","targetHints":{"allow":["GET"]}}],"collection":[{"href":"https:\/\/stoic-curie.212-227-153-4.plesk.page\/de\/wp-json\/wp\/v2\/product"}],"about":[{"href":"https:\/\/stoic-curie.212-227-153-4.plesk.page\/de\/wp-json\/wp\/v2\/types\/product"}],"replies":[{"embeddable":true,"href":"https:\/\/stoic-curie.212-227-153-4.plesk.page\/de\/wp-json\/wp\/v2\/comments?post=5854581"}],"version-history":[{"count":0,"href":"https:\/\/stoic-curie.212-227-153-4.plesk.page\/de\/wp-json\/wp\/v2\/product\/5854581\/revisions"}],"wp:featuredmedia":[{"embeddable":true,"href":"https:\/\/stoic-curie.212-227-153-4.plesk.page\/de\/wp-json\/wp\/v2\/media\/5853614"}],"wp:attachment":[{"href":"https:\/\/stoic-curie.212-227-153-4.plesk.page\/de\/wp-json\/wp\/v2\/media?parent=5854581"}],"wp:term":[{"taxonomy":"product_brand","embeddable":true,"href":"https:\/\/stoic-curie.212-227-153-4.plesk.page\/de\/wp-json\/wp\/v2\/product_brand?post=5854581"},{"taxonomy":"product_cat","embeddable":true,"href":"https:\/\/stoic-curie.212-227-153-4.plesk.page\/de\/wp-json\/wp\/v2\/product_cat?post=5854581"},{"taxonomy":"product_tag","embeddable":true,"href":"https:\/\/stoic-curie.212-227-153-4.plesk.page\/de\/wp-json\/wp\/v2\/product_tag?post=5854581"}],"curies":[{"name":"wp","href":"https:\/\/api.w.org\/{rel}","templated":true}]}}