{"id":5854582,"date":"2026-02-18T18:21:52","date_gmt":"2026-02-18T17:21:52","guid":{"rendered":"https:\/\/stoic-curie.212-227-153-4.plesk.page\/product\/wasserpumpen-und-antriebseinheit-reparaturkit-fuer-johnson-evinrude-aussenbordmotoren-echtes-393630-code-motor-20-35\/"},"modified":"2026-02-24T23:36:15","modified_gmt":"2026-02-24T23:36:15","slug":"wasserpumpen-und-antriebseinheit-reparaturkit-fuer-johnson-evinrude-aussenbordmotoren-echtes-393630-code-motor-20-35","status":"publish","type":"product","link":"https:\/\/stoic-curie.212-227-153-4.plesk.page\/de\/product\/wasserpumpen-und-antriebseinheit-reparaturkit-fuer-johnson-evinrude-aussenbordmotoren-echtes-393630-code-motor-20-35\/","title":{"rendered":"Wasserpumpen- und Antriebseinheit Reparaturkit f\u00fcr Johnson-Evinrude Au\u00dfenbordmotoren Echtes 393630 Code Motor 20\/35"},"content":{"rendered":"<p>Wasserpumpen- und Antriebseinheit Reparaturkit f\u00fcr Johnson-Evinrude Au\u00dfenbordmotoren Echtes 393630 Code Motor 20\/35 &#8211; Dieses originale Reparaturset wurde speziell f\u00fcr Johnson-Evinrude Au\u00dfenbordmotoren mit der 393630-Codierung entwickelt und ist perfekt f\u00fcr die Modelle mit 20 und 35 PS. Stellen Sie die optimale Leistung und Langlebigkeit Ihres Motors mit diesem hochwertigen Reparaturkit sicher.<\/p>\n","protected":false},"excerpt":{"rendered":"<p>Wasserpumpen- und Antriebseinheit Reparaturkit f\u00fcr Johnson-Evinrude Au\u00dfenbordmotoren Echtes 393630 Code Motor 20\/35 &#8211; Dieses originale Reparaturset wurde speziell f\u00fcr Johnson-Evinrude<\/p>\n","protected":false},"featured_media":5736096,"comment_status":"open","ping_status":"closed","template":"","meta":[],"product_brand":[3390],"product_cat":[1534],"product_tag":[],"class_list":{"0":"post-5854582","1":"product","2":"type-product","3":"status-publish","4":"has-post-thumbnail","6":"product_brand-sierra-marine-de","7":"product_cat-marine-ersatzteile-fuer-johnson-und-evinrude","9":"first","10":"instock","11":"shipping-taxable","12":"purchasable","13":"product-type-simple"},"_links":{"self":[{"href":"https:\/\/stoic-curie.212-227-153-4.plesk.page\/de\/wp-json\/wp\/v2\/product\/5854582","targetHints":{"allow":["GET"]}}],"collection":[{"href":"https:\/\/stoic-curie.212-227-153-4.plesk.page\/de\/wp-json\/wp\/v2\/product"}],"about":[{"href":"https:\/\/stoic-curie.212-227-153-4.plesk.page\/de\/wp-json\/wp\/v2\/types\/product"}],"replies":[{"embeddable":true,"href":"https:\/\/stoic-curie.212-227-153-4.plesk.page\/de\/wp-json\/wp\/v2\/comments?post=5854582"}],"version-history":[{"count":0,"href":"https:\/\/stoic-curie.212-227-153-4.plesk.page\/de\/wp-json\/wp\/v2\/product\/5854582\/revisions"}],"wp:featuredmedia":[{"embeddable":true,"href":"https:\/\/stoic-curie.212-227-153-4.plesk.page\/de\/wp-json\/wp\/v2\/media\/5736096"}],"wp:attachment":[{"href":"https:\/\/stoic-curie.212-227-153-4.plesk.page\/de\/wp-json\/wp\/v2\/media?parent=5854582"}],"wp:term":[{"taxonomy":"product_brand","embeddable":true,"href":"https:\/\/stoic-curie.212-227-153-4.plesk.page\/de\/wp-json\/wp\/v2\/product_brand?post=5854582"},{"taxonomy":"product_cat","embeddable":true,"href":"https:\/\/stoic-curie.212-227-153-4.plesk.page\/de\/wp-json\/wp\/v2\/product_cat?post=5854582"},{"taxonomy":"product_tag","embeddable":true,"href":"https:\/\/stoic-curie.212-227-153-4.plesk.page\/de\/wp-json\/wp\/v2\/product_tag?post=5854582"}],"curies":[{"name":"wp","href":"https:\/\/api.w.org\/{rel}","templated":true}]}}