{"id":5854595,"date":"2026-02-18T18:22:03","date_gmt":"2026-02-18T17:22:03","guid":{"rendered":"https:\/\/stoic-curie.212-227-153-4.plesk.page\/product\/zuendkerzen-cod-itr4a-15-oem\/"},"modified":"2026-02-24T23:36:15","modified_gmt":"2026-02-24T23:36:15","slug":"zuendkerzen-cod-itr4a-15-oem","status":"publish","type":"product","link":"https:\/\/stoic-curie.212-227-153-4.plesk.page\/de\/product\/zuendkerzen-cod-itr4a-15-oem\/","title":{"rendered":"Z\u00fcndkerzen COD ITR4A-15 OEM"},"content":{"rendered":"<p>Z\u00fcndkerzen COD ITR4A-15 OEM &#8211; <\/p>\n<p>Motomarine vs OEM Kreuzreferenztabelle. Die linke Spalte enth\u00e4lt die Motomarine Z\u00fcndkerzen-Codes, w\u00e4hrend die rechte Spalte die entsprechenden OEM Z\u00fcndkerzen-Codes auflistet.<\/p>\n","protected":false},"excerpt":{"rendered":"<p>Z\u00fcndkerzen COD ITR4A-15 OEM &#8211; Motomarine vs OEM Kreuzreferenztabelle. Die linke Spalte enth\u00e4lt die Motomarine Z\u00fcndkerzen-Codes, w\u00e4hrend die rechte Spalte<\/p>\n","protected":false},"featured_media":5940460,"comment_status":"open","ping_status":"closed","template":"","meta":[],"product_brand":[3390],"product_cat":[1532],"product_tag":[],"class_list":{"0":"post-5854595","1":"product","2":"type-product","3":"status-publish","4":"has-post-thumbnail","6":"product_brand-sierra-marine-de","7":"product_cat-marine-zuendkerzen","9":"first","10":"instock","11":"shipping-taxable","12":"purchasable","13":"product-type-simple"},"_links":{"self":[{"href":"https:\/\/stoic-curie.212-227-153-4.plesk.page\/de\/wp-json\/wp\/v2\/product\/5854595","targetHints":{"allow":["GET"]}}],"collection":[{"href":"https:\/\/stoic-curie.212-227-153-4.plesk.page\/de\/wp-json\/wp\/v2\/product"}],"about":[{"href":"https:\/\/stoic-curie.212-227-153-4.plesk.page\/de\/wp-json\/wp\/v2\/types\/product"}],"replies":[{"embeddable":true,"href":"https:\/\/stoic-curie.212-227-153-4.plesk.page\/de\/wp-json\/wp\/v2\/comments?post=5854595"}],"version-history":[{"count":0,"href":"https:\/\/stoic-curie.212-227-153-4.plesk.page\/de\/wp-json\/wp\/v2\/product\/5854595\/revisions"}],"wp:featuredmedia":[{"embeddable":true,"href":"https:\/\/stoic-curie.212-227-153-4.plesk.page\/de\/wp-json\/wp\/v2\/media\/5940460"}],"wp:attachment":[{"href":"https:\/\/stoic-curie.212-227-153-4.plesk.page\/de\/wp-json\/wp\/v2\/media?parent=5854595"}],"wp:term":[{"taxonomy":"product_brand","embeddable":true,"href":"https:\/\/stoic-curie.212-227-153-4.plesk.page\/de\/wp-json\/wp\/v2\/product_brand?post=5854595"},{"taxonomy":"product_cat","embeddable":true,"href":"https:\/\/stoic-curie.212-227-153-4.plesk.page\/de\/wp-json\/wp\/v2\/product_cat?post=5854595"},{"taxonomy":"product_tag","embeddable":true,"href":"https:\/\/stoic-curie.212-227-153-4.plesk.page\/de\/wp-json\/wp\/v2\/product_tag?post=5854595"}],"curies":[{"name":"wp","href":"https:\/\/api.w.org\/{rel}","templated":true}]}}