{"id":5854603,"date":"2026-02-18T18:22:08","date_gmt":"2026-02-18T17:22:08","guid":{"rendered":"https:\/\/stoic-curie.212-227-153-4.plesk.page\/product\/metrischer-klemm-seilschnitt-fuer-25-welle-o-mm-aussen-80-o-mm-dicke-18-mm\/"},"modified":"2026-02-24T23:36:15","modified_gmt":"2026-02-24T23:36:15","slug":"metrischer-klemm-seilschnitt-fuer-25-welle-o-mm-aussen-80-o-mm-dicke-18-mm","status":"publish","type":"product","link":"https:\/\/stoic-curie.212-227-153-4.plesk.page\/de\/product\/metrischer-klemm-seilschnitt-fuer-25-welle-o-mm-aussen-80-o-mm-dicke-18-mm\/","title":{"rendered":"Metrischer Klemm-Seilschnitt f\u00fcr 25 Welle \u00d8 mm Au\u00dfen 80 \u00d8 mm Dicke 18 mm"},"content":{"rendered":"<p>Metrischer Klemm-Seilschnitt f\u00fcr 25 Welle \u00d8 mm Au\u00dfen 80 \u00d8 mm Dicke 18 mm &#8211; <\/p>\n<p>Dieser Seilschnitt ist aus AISI 316L Edelstahl gefertigt und sch\u00fctzt die Schraube und die Welle vor Seilen, Kabeln und Ablagerungen, die w\u00e4hrend der Rotation verheddern k\u00f6nnen. Das Klemm-System mit Schrauben erm\u00f6glicht eine einfache Installation, ohne die Schraube entfernen zu m\u00fcssen. Die Klingen sind so konstruiert, dass sie ohne Vibration schneiden und ohne Kavitation rotieren.<\/p>\n","protected":false},"excerpt":{"rendered":"<p>Metrischer Klemm-Seilschnitt f\u00fcr 25 Welle \u00d8 mm Au\u00dfen 80 \u00d8 mm Dicke 18 mm &#8211; Dieser Seilschnitt ist aus AISI<\/p>\n","protected":false},"featured_media":5853684,"comment_status":"open","ping_status":"closed","template":"","meta":[],"product_brand":[3465],"product_cat":[1511],"product_tag":[],"class_list":{"0":"post-5854603","1":"product","2":"type-product","3":"status-publish","4":"has-post-thumbnail","6":"product_brand-technodrive-de","7":"product_cat-propellerwellenseilschneider","9":"first","10":"instock","11":"shipping-taxable","12":"purchasable","13":"product-type-simple"},"_links":{"self":[{"href":"https:\/\/stoic-curie.212-227-153-4.plesk.page\/de\/wp-json\/wp\/v2\/product\/5854603","targetHints":{"allow":["GET"]}}],"collection":[{"href":"https:\/\/stoic-curie.212-227-153-4.plesk.page\/de\/wp-json\/wp\/v2\/product"}],"about":[{"href":"https:\/\/stoic-curie.212-227-153-4.plesk.page\/de\/wp-json\/wp\/v2\/types\/product"}],"replies":[{"embeddable":true,"href":"https:\/\/stoic-curie.212-227-153-4.plesk.page\/de\/wp-json\/wp\/v2\/comments?post=5854603"}],"version-history":[{"count":0,"href":"https:\/\/stoic-curie.212-227-153-4.plesk.page\/de\/wp-json\/wp\/v2\/product\/5854603\/revisions"}],"wp:featuredmedia":[{"embeddable":true,"href":"https:\/\/stoic-curie.212-227-153-4.plesk.page\/de\/wp-json\/wp\/v2\/media\/5853684"}],"wp:attachment":[{"href":"https:\/\/stoic-curie.212-227-153-4.plesk.page\/de\/wp-json\/wp\/v2\/media?parent=5854603"}],"wp:term":[{"taxonomy":"product_brand","embeddable":true,"href":"https:\/\/stoic-curie.212-227-153-4.plesk.page\/de\/wp-json\/wp\/v2\/product_brand?post=5854603"},{"taxonomy":"product_cat","embeddable":true,"href":"https:\/\/stoic-curie.212-227-153-4.plesk.page\/de\/wp-json\/wp\/v2\/product_cat?post=5854603"},{"taxonomy":"product_tag","embeddable":true,"href":"https:\/\/stoic-curie.212-227-153-4.plesk.page\/de\/wp-json\/wp\/v2\/product_tag?post=5854603"}],"curies":[{"name":"wp","href":"https:\/\/api.w.org\/{rel}","templated":true}]}}