{"id":5854605,"date":"2026-02-18T18:22:10","date_gmt":"2026-02-18T17:22:10","guid":{"rendered":"https:\/\/stoic-curie.212-227-153-4.plesk.page\/product\/messbarer-klemmen-seilkutter-fuer-35mm-welle-aussendurchmesser-100mm-dicke-18mm\/"},"modified":"2026-02-24T23:36:15","modified_gmt":"2026-02-24T23:36:15","slug":"messbarer-klemmen-seilkutter-fuer-35mm-welle-aussendurchmesser-100mm-dicke-18mm","status":"publish","type":"product","link":"https:\/\/stoic-curie.212-227-153-4.plesk.page\/de\/product\/messbarer-klemmen-seilkutter-fuer-35mm-welle-aussendurchmesser-100mm-dicke-18mm\/","title":{"rendered":"Messbarer Klemmen-Seilkutter f\u00fcr 35mm Welle &#8211; Au\u00dfendurchmesser 100mm, Dicke 18mm"},"content":{"rendered":"<p>Messbarer Klemmen-Seilkutter f\u00fcr 35mm Welle &#8211; Au\u00dfendurchmesser 100mm, Dicke 18mm &#8211; <\/p>\n<p>Der Seilkutter besteht aus AISI 316L Edelstahl und sch\u00fctzt die Propeller und Wellenlinie vor Seilen, Kabeln und Schmutz, die sich w\u00e4hrend der Rotation verwickeln k\u00f6nnen. Das Klemmsystem mit Schrauben erm\u00f6glicht die Installation, ohne den Propeller abnehmen zu m\u00fcssen. Die Klingen sind speziell daf\u00fcr entworfen, ohne Vibration zu schneiden und zu rotieren, ohne Kavitation zu erzeugen.<\/p>\n","protected":false},"excerpt":{"rendered":"<p>Messbarer Klemmen-Seilkutter f\u00fcr 35mm Welle &#8211; Au\u00dfendurchmesser 100mm, Dicke 18mm &#8211; Der Seilkutter besteht aus AISI 316L Edelstahl und sch\u00fctzt<\/p>\n","protected":false},"featured_media":5853684,"comment_status":"open","ping_status":"closed","template":"","meta":[],"product_brand":[3465],"product_cat":[1511],"product_tag":[],"class_list":{"0":"post-5854605","1":"product","2":"type-product","3":"status-publish","4":"has-post-thumbnail","6":"product_brand-technodrive-de","7":"product_cat-propellerwellenseilschneider","9":"first","10":"instock","11":"shipping-taxable","12":"purchasable","13":"product-type-simple"},"_links":{"self":[{"href":"https:\/\/stoic-curie.212-227-153-4.plesk.page\/de\/wp-json\/wp\/v2\/product\/5854605","targetHints":{"allow":["GET"]}}],"collection":[{"href":"https:\/\/stoic-curie.212-227-153-4.plesk.page\/de\/wp-json\/wp\/v2\/product"}],"about":[{"href":"https:\/\/stoic-curie.212-227-153-4.plesk.page\/de\/wp-json\/wp\/v2\/types\/product"}],"replies":[{"embeddable":true,"href":"https:\/\/stoic-curie.212-227-153-4.plesk.page\/de\/wp-json\/wp\/v2\/comments?post=5854605"}],"version-history":[{"count":0,"href":"https:\/\/stoic-curie.212-227-153-4.plesk.page\/de\/wp-json\/wp\/v2\/product\/5854605\/revisions"}],"wp:featuredmedia":[{"embeddable":true,"href":"https:\/\/stoic-curie.212-227-153-4.plesk.page\/de\/wp-json\/wp\/v2\/media\/5853684"}],"wp:attachment":[{"href":"https:\/\/stoic-curie.212-227-153-4.plesk.page\/de\/wp-json\/wp\/v2\/media?parent=5854605"}],"wp:term":[{"taxonomy":"product_brand","embeddable":true,"href":"https:\/\/stoic-curie.212-227-153-4.plesk.page\/de\/wp-json\/wp\/v2\/product_brand?post=5854605"},{"taxonomy":"product_cat","embeddable":true,"href":"https:\/\/stoic-curie.212-227-153-4.plesk.page\/de\/wp-json\/wp\/v2\/product_cat?post=5854605"},{"taxonomy":"product_tag","embeddable":true,"href":"https:\/\/stoic-curie.212-227-153-4.plesk.page\/de\/wp-json\/wp\/v2\/product_tag?post=5854605"}],"curies":[{"name":"wp","href":"https:\/\/api.w.org\/{rel}","templated":true}]}}