{"id":5854606,"date":"2026-02-18T18:22:11","date_gmt":"2026-02-18T17:22:11","guid":{"rendered":"https:\/\/stoic-curie.212-227-153-4.plesk.page\/product\/metrische-klemm-seilklinge-fuer-40-mm-welle-aeussere-100-mm-dicke-18-mm\/"},"modified":"2026-02-24T23:36:15","modified_gmt":"2026-02-24T23:36:15","slug":"metrische-klemm-seilklinge-fuer-40-mm-welle-aeussere-100-mm-dicke-18-mm","status":"publish","type":"product","link":"https:\/\/stoic-curie.212-227-153-4.plesk.page\/de\/product\/metrische-klemm-seilklinge-fuer-40-mm-welle-aeussere-100-mm-dicke-18-mm\/","title":{"rendered":"Metrische Klemm-Seilklinge f\u00fcr 40 mm Welle (\u00c4u\u00dfere 100 mm, Dicke 18 mm)"},"content":{"rendered":"<p>Metrische Klemm-Seilklinge f\u00fcr 40 mm Welle (\u00c4u\u00dfere 100 mm, Dicke 18 mm) &#8211; <\/p>\n<p>Diese Seilklinge besteht aus AISI 316L-Edelstahl und dient zum Schutz der Schraube und des Wellenbereichs vor Seilen, Kabeln und Schutt, die sich w\u00e4hrend der Rotation verfangen k\u00f6nnen. Das Klemm-System mit Schrauben erm\u00f6glicht eine einfache Installation, ohne die Schraube zu entfernen. Die Klingen sind so konzipiert, dass sie vibrationsfrei schneiden und ohne Kavitation rotieren.<\/p>\n","protected":false},"excerpt":{"rendered":"<p>Metrische Klemm-Seilklinge f\u00fcr 40 mm Welle (\u00c4u\u00dfere 100 mm, Dicke 18 mm) &#8211; Diese Seilklinge besteht aus AISI 316L-Edelstahl und<\/p>\n","protected":false},"featured_media":5853684,"comment_status":"open","ping_status":"closed","template":"","meta":[],"product_brand":[3465],"product_cat":[1511],"product_tag":[],"class_list":{"0":"post-5854606","1":"product","2":"type-product","3":"status-publish","4":"has-post-thumbnail","6":"product_brand-technodrive-de","7":"product_cat-propellerwellenseilschneider","9":"first","10":"instock","11":"shipping-taxable","12":"purchasable","13":"product-type-simple"},"_links":{"self":[{"href":"https:\/\/stoic-curie.212-227-153-4.plesk.page\/de\/wp-json\/wp\/v2\/product\/5854606","targetHints":{"allow":["GET"]}}],"collection":[{"href":"https:\/\/stoic-curie.212-227-153-4.plesk.page\/de\/wp-json\/wp\/v2\/product"}],"about":[{"href":"https:\/\/stoic-curie.212-227-153-4.plesk.page\/de\/wp-json\/wp\/v2\/types\/product"}],"replies":[{"embeddable":true,"href":"https:\/\/stoic-curie.212-227-153-4.plesk.page\/de\/wp-json\/wp\/v2\/comments?post=5854606"}],"version-history":[{"count":0,"href":"https:\/\/stoic-curie.212-227-153-4.plesk.page\/de\/wp-json\/wp\/v2\/product\/5854606\/revisions"}],"wp:featuredmedia":[{"embeddable":true,"href":"https:\/\/stoic-curie.212-227-153-4.plesk.page\/de\/wp-json\/wp\/v2\/media\/5853684"}],"wp:attachment":[{"href":"https:\/\/stoic-curie.212-227-153-4.plesk.page\/de\/wp-json\/wp\/v2\/media?parent=5854606"}],"wp:term":[{"taxonomy":"product_brand","embeddable":true,"href":"https:\/\/stoic-curie.212-227-153-4.plesk.page\/de\/wp-json\/wp\/v2\/product_brand?post=5854606"},{"taxonomy":"product_cat","embeddable":true,"href":"https:\/\/stoic-curie.212-227-153-4.plesk.page\/de\/wp-json\/wp\/v2\/product_cat?post=5854606"},{"taxonomy":"product_tag","embeddable":true,"href":"https:\/\/stoic-curie.212-227-153-4.plesk.page\/de\/wp-json\/wp\/v2\/product_tag?post=5854606"}],"curies":[{"name":"wp","href":"https:\/\/api.w.org\/{rel}","templated":true}]}}