{"id":5854607,"date":"2026-02-18T18:22:11","date_gmt":"2026-02-18T17:22:11","guid":{"rendered":"https:\/\/stoic-curie.212-227-153-4.plesk.page\/product\/metrischer-klemmen-seilscheider-fuer-50-welle-o-mm-aeussere-o-120-mm-dicke-20-mm\/"},"modified":"2026-02-24T23:36:15","modified_gmt":"2026-02-24T23:36:15","slug":"metrischer-klemmen-seilscheider-fuer-50-welle-o-mm-aeussere-o-120-mm-dicke-20-mm","status":"publish","type":"product","link":"https:\/\/stoic-curie.212-227-153-4.plesk.page\/de\/product\/metrischer-klemmen-seilscheider-fuer-50-welle-o-mm-aeussere-o-120-mm-dicke-20-mm\/","title":{"rendered":"Metrischer Klemmen-Seilscheider f\u00fcr 50 Welle \u00d8 mm, \u00c4u\u00dfere \u00d8 120 mm, Dicke 20 mm"},"content":{"rendered":"<p>Metrischer Klemmen-Seilscheider f\u00fcr 50 Welle \u00d8 mm, \u00c4u\u00dfere \u00d8 120 mm, Dicke 20 mm &#8211; <\/p>\n<p>Der Seilscheider besteht aus AISI 316L-Edelstahl und dient dem Schutz der Schraube und der Wellenlinie vor Seilen, Kabeln und Ablagerungen, die sich w\u00e4hrend des Betriebs verfangen k\u00f6nnen. Das Klemmsystem, das mit Schrauben gesichert ist, erm\u00f6glicht eine einfache Installation, ohne die Schraube entfernen zu m\u00fcssen. Die Klingen sind so konstruiert, dass sie vibrationsfrei schneiden und drehen, ohne Kavitation zu verursachen.<\/p>\n","protected":false},"excerpt":{"rendered":"<p>Metrischer Klemmen-Seilscheider f\u00fcr 50 Welle \u00d8 mm, \u00c4u\u00dfere \u00d8 120 mm, Dicke 20 mm &#8211; Der Seilscheider besteht aus AISI<\/p>\n","protected":false},"featured_media":5853684,"comment_status":"open","ping_status":"closed","template":"","meta":[],"product_brand":[3465],"product_cat":[1511],"product_tag":[],"class_list":{"0":"post-5854607","1":"product","2":"type-product","3":"status-publish","4":"has-post-thumbnail","6":"product_brand-technodrive-de","7":"product_cat-propellerwellenseilschneider","9":"first","10":"instock","11":"shipping-taxable","12":"purchasable","13":"product-type-simple"},"_links":{"self":[{"href":"https:\/\/stoic-curie.212-227-153-4.plesk.page\/de\/wp-json\/wp\/v2\/product\/5854607","targetHints":{"allow":["GET"]}}],"collection":[{"href":"https:\/\/stoic-curie.212-227-153-4.plesk.page\/de\/wp-json\/wp\/v2\/product"}],"about":[{"href":"https:\/\/stoic-curie.212-227-153-4.plesk.page\/de\/wp-json\/wp\/v2\/types\/product"}],"replies":[{"embeddable":true,"href":"https:\/\/stoic-curie.212-227-153-4.plesk.page\/de\/wp-json\/wp\/v2\/comments?post=5854607"}],"version-history":[{"count":0,"href":"https:\/\/stoic-curie.212-227-153-4.plesk.page\/de\/wp-json\/wp\/v2\/product\/5854607\/revisions"}],"wp:featuredmedia":[{"embeddable":true,"href":"https:\/\/stoic-curie.212-227-153-4.plesk.page\/de\/wp-json\/wp\/v2\/media\/5853684"}],"wp:attachment":[{"href":"https:\/\/stoic-curie.212-227-153-4.plesk.page\/de\/wp-json\/wp\/v2\/media?parent=5854607"}],"wp:term":[{"taxonomy":"product_brand","embeddable":true,"href":"https:\/\/stoic-curie.212-227-153-4.plesk.page\/de\/wp-json\/wp\/v2\/product_brand?post=5854607"},{"taxonomy":"product_cat","embeddable":true,"href":"https:\/\/stoic-curie.212-227-153-4.plesk.page\/de\/wp-json\/wp\/v2\/product_cat?post=5854607"},{"taxonomy":"product_tag","embeddable":true,"href":"https:\/\/stoic-curie.212-227-153-4.plesk.page\/de\/wp-json\/wp\/v2\/product_tag?post=5854607"}],"curies":[{"name":"wp","href":"https:\/\/api.w.org\/{rel}","templated":true}]}}