{"id":5871125,"date":"2026-02-19T19:35:27","date_gmt":"2026-02-19T18:35:27","guid":{"rendered":"https:\/\/stoic-curie.212-227-153-4.plesk.page\/product\/ersatz-elektronische-einheit-fuer-12-24v-115-220v-kuehlschraenke-mit-stromversorgung\/"},"modified":"2026-02-24T23:35:28","modified_gmt":"2026-02-24T23:35:28","slug":"ersatz-elektronische-einheit-fuer-12-24v-115-220v-kuehlschraenke-mit-stromversorgung","status":"publish","type":"product","link":"https:\/\/stoic-curie.212-227-153-4.plesk.page\/de\/product\/ersatz-elektronische-einheit-fuer-12-24v-115-220v-kuehlschraenke-mit-stromversorgung\/","title":{"rendered":"Ersatz elektronische Einheit f\u00fcr 12\/24V + 115\/220V K\u00fchlschr\u00e4nke mit Stromversorgung"},"content":{"rendered":"<p>Ersatz elektronische Einheit f\u00fcr 12\/24V + 115\/220V K\u00fchlschr\u00e4nke mit Stromversorgung &#8211; <\/p>\n<p>Ersatz elektronische Einheit, die f\u00fcr Vitrifrigo K\u00fchlschr\u00e4nke und Gefrierger\u00e4te verwendet wird.<\/p>\n","protected":false},"excerpt":{"rendered":"<p>Ersatz elektronische Einheit f\u00fcr 12\/24V + 115\/220V K\u00fchlschr\u00e4nke mit Stromversorgung &#8211; Ersatz elektronische Einheit, die f\u00fcr Vitrifrigo K\u00fchlschr\u00e4nke und Gefrierger\u00e4te<\/p>\n","protected":false},"featured_media":5938832,"comment_status":"open","ping_status":"closed","template":"","meta":[],"product_brand":[3525],"product_cat":[1464],"product_tag":[],"class_list":{"0":"post-5871125","1":"product","2":"type-product","3":"status-publish","4":"has-post-thumbnail","6":"product_brand-vitrifrigo-de","7":"product_cat-kuehlschraenke-und-gefriertruhen","9":"first","10":"instock","11":"shipping-taxable","12":"purchasable","13":"product-type-simple"},"_links":{"self":[{"href":"https:\/\/stoic-curie.212-227-153-4.plesk.page\/de\/wp-json\/wp\/v2\/product\/5871125","targetHints":{"allow":["GET"]}}],"collection":[{"href":"https:\/\/stoic-curie.212-227-153-4.plesk.page\/de\/wp-json\/wp\/v2\/product"}],"about":[{"href":"https:\/\/stoic-curie.212-227-153-4.plesk.page\/de\/wp-json\/wp\/v2\/types\/product"}],"replies":[{"embeddable":true,"href":"https:\/\/stoic-curie.212-227-153-4.plesk.page\/de\/wp-json\/wp\/v2\/comments?post=5871125"}],"version-history":[{"count":0,"href":"https:\/\/stoic-curie.212-227-153-4.plesk.page\/de\/wp-json\/wp\/v2\/product\/5871125\/revisions"}],"wp:featuredmedia":[{"embeddable":true,"href":"https:\/\/stoic-curie.212-227-153-4.plesk.page\/de\/wp-json\/wp\/v2\/media\/5938832"}],"wp:attachment":[{"href":"https:\/\/stoic-curie.212-227-153-4.plesk.page\/de\/wp-json\/wp\/v2\/media?parent=5871125"}],"wp:term":[{"taxonomy":"product_brand","embeddable":true,"href":"https:\/\/stoic-curie.212-227-153-4.plesk.page\/de\/wp-json\/wp\/v2\/product_brand?post=5871125"},{"taxonomy":"product_cat","embeddable":true,"href":"https:\/\/stoic-curie.212-227-153-4.plesk.page\/de\/wp-json\/wp\/v2\/product_cat?post=5871125"},{"taxonomy":"product_tag","embeddable":true,"href":"https:\/\/stoic-curie.212-227-153-4.plesk.page\/de\/wp-json\/wp\/v2\/product_tag?post=5871125"}],"curies":[{"name":"wp","href":"https:\/\/api.w.org\/{rel}","templated":true}]}}