{"id":5871130,"date":"2026-02-19T19:35:31","date_gmt":"2026-02-19T18:35:31","guid":{"rendered":"https:\/\/stoic-curie.212-227-153-4.plesk.page\/product\/bep-batterieschalter-mit-fernbedienung-dc-275a-ac-455a-start-1250a\/"},"modified":"2026-02-24T23:35:39","modified_gmt":"2026-02-24T23:35:39","slug":"bep-batterieschalter-mit-fernbedienung-dc-275a-ac-455a-start-1250a","status":"publish","type":"product","link":"https:\/\/stoic-curie.212-227-153-4.plesk.page\/de\/product\/bep-batterieschalter-mit-fernbedienung-dc-275a-ac-455a-start-1250a\/","title":{"rendered":"BEP Batterieschalter mit Fernbedienung DC 275A AC 455A Start 1250A"},"content":{"rendered":"<p>BEP Batterieschalter mit Fernbedienung DC 275A AC 455A Start 1250A &#8211; <\/p>\n<p>Der BEP Batterieschalter verf\u00fcgt \u00fcber einen robusten Knopf und verzinnte Kupfer M10\/M12 Stifte, die zuverl\u00e4ssige Verbindungen gew\u00e4hrleisten. Er wird mit einem 9-32V-Anschluss f\u00fcr die Fernsteuerung geliefert. Dieser Schalter erm\u00f6glicht die Installation in der N\u00e4he der Batterie, wodurch die Kabell\u00e4nge und die damit verbundenen Kosten minimiert werden. Er wurde gr\u00fcndlich auf die Stromkapazit\u00e4t getestet und erf\u00fcllt die Anforderungen an Explosionsschutz. <br \/> Strom = Maximale Kapazit\u00e4t<\/p>\n","protected":false},"excerpt":{"rendered":"<p>BEP Batterieschalter mit Fernbedienung DC 275A AC 455A Start 1250A &#8211; Der BEP Batterieschalter verf\u00fcgt \u00fcber einen robusten Knopf und<\/p>\n","protected":false},"featured_media":5870040,"comment_status":"open","ping_status":"closed","template":"","meta":[],"product_brand":[2825],"product_cat":[1458],"product_tag":[],"class_list":{"0":"post-5871130","1":"product","2":"type-product","3":"status-publish","4":"has-post-thumbnail","6":"product_brand-bep-marine-de","7":"product_cat-batterieschalter","9":"first","10":"instock","11":"shipping-taxable","12":"purchasable","13":"product-type-simple"},"_links":{"self":[{"href":"https:\/\/stoic-curie.212-227-153-4.plesk.page\/de\/wp-json\/wp\/v2\/product\/5871130","targetHints":{"allow":["GET"]}}],"collection":[{"href":"https:\/\/stoic-curie.212-227-153-4.plesk.page\/de\/wp-json\/wp\/v2\/product"}],"about":[{"href":"https:\/\/stoic-curie.212-227-153-4.plesk.page\/de\/wp-json\/wp\/v2\/types\/product"}],"replies":[{"embeddable":true,"href":"https:\/\/stoic-curie.212-227-153-4.plesk.page\/de\/wp-json\/wp\/v2\/comments?post=5871130"}],"version-history":[{"count":0,"href":"https:\/\/stoic-curie.212-227-153-4.plesk.page\/de\/wp-json\/wp\/v2\/product\/5871130\/revisions"}],"wp:featuredmedia":[{"embeddable":true,"href":"https:\/\/stoic-curie.212-227-153-4.plesk.page\/de\/wp-json\/wp\/v2\/media\/5870040"}],"wp:attachment":[{"href":"https:\/\/stoic-curie.212-227-153-4.plesk.page\/de\/wp-json\/wp\/v2\/media?parent=5871130"}],"wp:term":[{"taxonomy":"product_brand","embeddable":true,"href":"https:\/\/stoic-curie.212-227-153-4.plesk.page\/de\/wp-json\/wp\/v2\/product_brand?post=5871130"},{"taxonomy":"product_cat","embeddable":true,"href":"https:\/\/stoic-curie.212-227-153-4.plesk.page\/de\/wp-json\/wp\/v2\/product_cat?post=5871130"},{"taxonomy":"product_tag","embeddable":true,"href":"https:\/\/stoic-curie.212-227-153-4.plesk.page\/de\/wp-json\/wp\/v2\/product_tag?post=5871130"}],"curies":[{"name":"wp","href":"https:\/\/api.w.org\/{rel}","templated":true}]}}