{"id":5871131,"date":"2026-02-19T19:35:32","date_gmt":"2026-02-19T18:35:32","guid":{"rendered":"https:\/\/stoic-curie.212-227-153-4.plesk.page\/product\/bep-batterie-schalter-mit-fernsteuerung-dc-500a-ac-700a-start-2500a-stromdim-102-x-102-x-h109-mm\/"},"modified":"2026-02-24T23:35:39","modified_gmt":"2026-02-24T23:35:39","slug":"bep-batterie-schalter-mit-fernsteuerung-dc-500a-ac-700a-start-2500a-stromdim-102-x-102-x-h109-mm","status":"publish","type":"product","link":"https:\/\/stoic-curie.212-227-153-4.plesk.page\/de\/product\/bep-batterie-schalter-mit-fernsteuerung-dc-500a-ac-700a-start-2500a-stromdim-102-x-102-x-h109-mm\/","title":{"rendered":"BEP Batterie-Schalter mit Fernsteuerung DC 500A AC 700A Start 2500A Stromdim 102 x 102 x H109 mm"},"content":{"rendered":"<p>BEP Batterie-Schalter mit Fernsteuerung DC 500A AC 700A Start 2500A Stromdim 102 x 102 x H109 mm &#8211; <\/p>\n<p>Dieser Batterieschalter verf\u00fcgt \u00fcber einen Knopf und verzinnte Kupfer M10\/M12 Pins. Er ist mit einem 9-32V Stecker f\u00fcr die Fernsteuerung ausgestattet. Das Design erm\u00f6glicht eine nahe Montage am Batterie, wodurch die Kabell\u00e4nge und die damit verbundenen Kosten minimiert werden. Er wurde auf maximale Stromkapazit\u00e4t getestet und erf\u00fcllt die Anforderungen an Explosionsschutz.<\/p>\n","protected":false},"excerpt":{"rendered":"<p>BEP Batterie-Schalter mit Fernsteuerung DC 500A AC 700A Start 2500A Stromdim 102 x 102 x H109 mm &#8211; Dieser Batterieschalter<\/p>\n","protected":false},"featured_media":5870040,"comment_status":"open","ping_status":"closed","template":"","meta":[],"product_brand":[2825],"product_cat":[1458],"product_tag":[],"class_list":{"0":"post-5871131","1":"product","2":"type-product","3":"status-publish","4":"has-post-thumbnail","6":"product_brand-bep-marine-de","7":"product_cat-batterieschalter","9":"first","10":"instock","11":"shipping-taxable","12":"purchasable","13":"product-type-simple"},"_links":{"self":[{"href":"https:\/\/stoic-curie.212-227-153-4.plesk.page\/de\/wp-json\/wp\/v2\/product\/5871131","targetHints":{"allow":["GET"]}}],"collection":[{"href":"https:\/\/stoic-curie.212-227-153-4.plesk.page\/de\/wp-json\/wp\/v2\/product"}],"about":[{"href":"https:\/\/stoic-curie.212-227-153-4.plesk.page\/de\/wp-json\/wp\/v2\/types\/product"}],"replies":[{"embeddable":true,"href":"https:\/\/stoic-curie.212-227-153-4.plesk.page\/de\/wp-json\/wp\/v2\/comments?post=5871131"}],"version-history":[{"count":0,"href":"https:\/\/stoic-curie.212-227-153-4.plesk.page\/de\/wp-json\/wp\/v2\/product\/5871131\/revisions"}],"wp:featuredmedia":[{"embeddable":true,"href":"https:\/\/stoic-curie.212-227-153-4.plesk.page\/de\/wp-json\/wp\/v2\/media\/5870040"}],"wp:attachment":[{"href":"https:\/\/stoic-curie.212-227-153-4.plesk.page\/de\/wp-json\/wp\/v2\/media?parent=5871131"}],"wp:term":[{"taxonomy":"product_brand","embeddable":true,"href":"https:\/\/stoic-curie.212-227-153-4.plesk.page\/de\/wp-json\/wp\/v2\/product_brand?post=5871131"},{"taxonomy":"product_cat","embeddable":true,"href":"https:\/\/stoic-curie.212-227-153-4.plesk.page\/de\/wp-json\/wp\/v2\/product_cat?post=5871131"},{"taxonomy":"product_tag","embeddable":true,"href":"https:\/\/stoic-curie.212-227-153-4.plesk.page\/de\/wp-json\/wp\/v2\/product_tag?post=5871131"}],"curies":[{"name":"wp","href":"https:\/\/api.w.org\/{rel}","templated":true}]}}