{"id":5871132,"date":"2026-02-19T19:35:33","date_gmt":"2026-02-19T18:35:33","guid":{"rendered":"https:\/\/stoic-curie.212-227-153-4.plesk.page\/product\/bep-distanz-batteriewahlschalter-mit-notfallparallelreferenz-701-md-vss-dc-275a-ac-455a-start-1250a-stromabmessungen-68-x-68-x-h100-mm\/"},"modified":"2026-02-24T23:35:39","modified_gmt":"2026-02-24T23:35:39","slug":"bep-distanz-batteriewahlschalter-mit-notfallparallelreferenz-701-md-vss-dc-275a-ac-455a-start-1250a-stromabmessungen-68-x-68-x-h100-mm","status":"publish","type":"product","link":"https:\/\/stoic-curie.212-227-153-4.plesk.page\/de\/product\/bep-distanz-batteriewahlschalter-mit-notfallparallelreferenz-701-md-vss-dc-275a-ac-455a-start-1250a-stromabmessungen-68-x-68-x-h100-mm\/","title":{"rendered":"BEP Distanz-Batteriewahlschalter mit Notfallparallelreferenz 701-MD-VSS DC 275A AC 455A Start 1250A Stromabmessungen 68 x 68 x H100 mm"},"content":{"rendered":"<p>BEP Distanz-Batteriewahlschalter mit Notfallparallelreferenz 701-MD-VSS DC 275A AC 455A Start 1250A Stromabmessungen 68 x 68 x H100 mm &#8211; <\/p>\n<p>Dieser Batteriewahlschalter verf\u00fcgt \u00fcber einen Knopf und verzinnte Kupfer M10-Stifte. Er erm\u00f6glicht es, Batterien im Notfall parallel zu verbinden. Das VSS (Spannungsf\u00fchlerschalter) Modell erkennt automatisch die Spannung und l\u00e4dt die Batterien so, als w\u00e4ren sie eine einzige Einheit und w\u00e4hlt effizient die aktive Ladestelle aus. Er wird mit einem 9-32V-Stecker f\u00fcr die Fernbedienung geliefert. Dieses Produkt wurde auf die Stromwerte getestet und entspricht den explosionsgesch\u00fctzten Anforderungen.<br \/> Strom = Maximale Kapazit\u00e4t<\/p>\n","protected":false},"excerpt":{"rendered":"<p>BEP Distanz-Batteriewahlschalter mit Notfallparallelreferenz 701-MD-VSS DC 275A AC 455A Start 1250A Stromabmessungen 68 x 68 x H100 mm &#8211; Dieser<\/p>\n","protected":false},"featured_media":5870050,"comment_status":"open","ping_status":"closed","template":"","meta":[],"product_brand":[2825],"product_cat":[1458],"product_tag":[],"class_list":{"0":"post-5871132","1":"product","2":"type-product","3":"status-publish","4":"has-post-thumbnail","6":"product_brand-bep-marine-de","7":"product_cat-batterieschalter","9":"first","10":"instock","11":"shipping-taxable","12":"purchasable","13":"product-type-simple"},"_links":{"self":[{"href":"https:\/\/stoic-curie.212-227-153-4.plesk.page\/de\/wp-json\/wp\/v2\/product\/5871132","targetHints":{"allow":["GET"]}}],"collection":[{"href":"https:\/\/stoic-curie.212-227-153-4.plesk.page\/de\/wp-json\/wp\/v2\/product"}],"about":[{"href":"https:\/\/stoic-curie.212-227-153-4.plesk.page\/de\/wp-json\/wp\/v2\/types\/product"}],"replies":[{"embeddable":true,"href":"https:\/\/stoic-curie.212-227-153-4.plesk.page\/de\/wp-json\/wp\/v2\/comments?post=5871132"}],"version-history":[{"count":0,"href":"https:\/\/stoic-curie.212-227-153-4.plesk.page\/de\/wp-json\/wp\/v2\/product\/5871132\/revisions"}],"wp:featuredmedia":[{"embeddable":true,"href":"https:\/\/stoic-curie.212-227-153-4.plesk.page\/de\/wp-json\/wp\/v2\/media\/5870050"}],"wp:attachment":[{"href":"https:\/\/stoic-curie.212-227-153-4.plesk.page\/de\/wp-json\/wp\/v2\/media?parent=5871132"}],"wp:term":[{"taxonomy":"product_brand","embeddable":true,"href":"https:\/\/stoic-curie.212-227-153-4.plesk.page\/de\/wp-json\/wp\/v2\/product_brand?post=5871132"},{"taxonomy":"product_cat","embeddable":true,"href":"https:\/\/stoic-curie.212-227-153-4.plesk.page\/de\/wp-json\/wp\/v2\/product_cat?post=5871132"},{"taxonomy":"product_tag","embeddable":true,"href":"https:\/\/stoic-curie.212-227-153-4.plesk.page\/de\/wp-json\/wp\/v2\/product_tag?post=5871132"}],"curies":[{"name":"wp","href":"https:\/\/api.w.org\/{rel}","templated":true}]}}