{"id":5871133,"date":"2026-02-19T19:35:33","date_gmt":"2026-02-19T18:35:33","guid":{"rendered":"https:\/\/stoic-curie.212-227-153-4.plesk.page\/product\/bep-distanz-batteriewahlschalter-mit-notfallparallel\/"},"modified":"2026-02-24T23:35:39","modified_gmt":"2026-02-24T23:35:39","slug":"bep-distanz-batteriewahlschalter-mit-notfallparallel","status":"publish","type":"product","link":"https:\/\/stoic-curie.212-227-153-4.plesk.page\/de\/product\/bep-distanz-batteriewahlschalter-mit-notfallparallel\/","title":{"rendered":"BEP Distanz-Batteriewahlschalter mit Notfallparallel"},"content":{"rendered":"<p>BEP Distanz-Batteriewahlschalter mit Notfallparallel &#8211; <\/p>\n<p>Dieser Batteriewahlschalter verf\u00fcgt \u00fcber einen Knopf und verzinnte Kupfer M10-Pins. Er erm\u00f6glicht es, Batterien im Notfall parallel zu schalten. Das VSS (Spannungssensitiver Schalter) Modell erkennt automatisch die Spannung und l\u00e4dt die Batterien, als w\u00e4ren sie ein einzelnes Ger\u00e4t, indem die aktive Ladequelle selbstst\u00e4ndig ausgew\u00e4hlt wird. Der Schalter wird mit einem 9-32V-Stecker f\u00fcr die Fernbedienung geliefert. Diese Schalter wurde auf Stromst\u00e4rken getestet und erf\u00fcllt die Anforderungen an explosionssichere Ger\u00e4te. <br \/>Strom = Maximalleistung<\/p>\n","protected":false},"excerpt":{"rendered":"<p>BEP Distanz-Batteriewahlschalter mit Notfallparallel &#8211; Dieser Batteriewahlschalter verf\u00fcgt \u00fcber einen Knopf und verzinnte Kupfer M10-Pins. Er erm\u00f6glicht es, Batterien im<\/p>\n","protected":false},"featured_media":5870050,"comment_status":"open","ping_status":"closed","template":"","meta":[],"product_brand":[2825],"product_cat":[1458],"product_tag":[],"class_list":{"0":"post-5871133","1":"product","2":"type-product","3":"status-publish","4":"has-post-thumbnail","6":"product_brand-bep-marine-de","7":"product_cat-batterieschalter","9":"first","10":"instock","11":"shipping-taxable","12":"purchasable","13":"product-type-simple"},"_links":{"self":[{"href":"https:\/\/stoic-curie.212-227-153-4.plesk.page\/de\/wp-json\/wp\/v2\/product\/5871133","targetHints":{"allow":["GET"]}}],"collection":[{"href":"https:\/\/stoic-curie.212-227-153-4.plesk.page\/de\/wp-json\/wp\/v2\/product"}],"about":[{"href":"https:\/\/stoic-curie.212-227-153-4.plesk.page\/de\/wp-json\/wp\/v2\/types\/product"}],"replies":[{"embeddable":true,"href":"https:\/\/stoic-curie.212-227-153-4.plesk.page\/de\/wp-json\/wp\/v2\/comments?post=5871133"}],"version-history":[{"count":0,"href":"https:\/\/stoic-curie.212-227-153-4.plesk.page\/de\/wp-json\/wp\/v2\/product\/5871133\/revisions"}],"wp:featuredmedia":[{"embeddable":true,"href":"https:\/\/stoic-curie.212-227-153-4.plesk.page\/de\/wp-json\/wp\/v2\/media\/5870050"}],"wp:attachment":[{"href":"https:\/\/stoic-curie.212-227-153-4.plesk.page\/de\/wp-json\/wp\/v2\/media?parent=5871133"}],"wp:term":[{"taxonomy":"product_brand","embeddable":true,"href":"https:\/\/stoic-curie.212-227-153-4.plesk.page\/de\/wp-json\/wp\/v2\/product_brand?post=5871133"},{"taxonomy":"product_cat","embeddable":true,"href":"https:\/\/stoic-curie.212-227-153-4.plesk.page\/de\/wp-json\/wp\/v2\/product_cat?post=5871133"},{"taxonomy":"product_tag","embeddable":true,"href":"https:\/\/stoic-curie.212-227-153-4.plesk.page\/de\/wp-json\/wp\/v2\/product_tag?post=5871133"}],"curies":[{"name":"wp","href":"https:\/\/api.w.org\/{rel}","templated":true}]}}