{"id":5871134,"date":"2026-02-19T19:35:36","date_gmt":"2026-02-19T18:35:36","guid":{"rendered":"https:\/\/stoic-curie.212-227-153-4.plesk.page\/product\/boss-marine-verstaerker-mpd740-5\/"},"modified":"2026-02-24T23:35:45","modified_gmt":"2026-02-24T23:35:45","slug":"boss-marine-verstaerker-mpd740-5","status":"publish","type":"product","link":"https:\/\/stoic-curie.212-227-153-4.plesk.page\/de\/product\/boss-marine-verstaerker-mpd740-5\/","title":{"rendered":"Boss Marine Verst\u00e4rker MPD740-5"},"content":{"rendered":"<p>Boss Marine Verst\u00e4rker MPD740-5 &#8211; <\/p>\n<p>Die maritimen Class D Verst\u00e4rker von Boss verf\u00fcgen \u00fcber eine lineare Schaltung, die daf\u00fcr sorgt, dass Verzerrungen minimiert und die Leistung sowie die Audioqualit\u00e4t verbessert werden. Jeder Verst\u00e4rker wird mit einem Panel zur individuellen Lautsprechersteuerung und der M\u00f6glichkeit zur Br\u00fcckenschaltung geliefert.<\/p>\n","protected":false},"excerpt":{"rendered":"<p>Boss Marine Verst\u00e4rker MPD740-5 &#8211; Die maritimen Class D Verst\u00e4rker von Boss verf\u00fcgen \u00fcber eine lineare Schaltung, die daf\u00fcr sorgt,<\/p>\n","protected":false},"featured_media":5949350,"comment_status":"open","ping_status":"closed","template":"","meta":[],"product_brand":[2840],"product_cat":[1446],"product_tag":[],"class_list":{"0":"post-5871134","1":"product","2":"type-product","3":"status-publish","4":"has-post-thumbnail","6":"product_brand-boss-marine-de","7":"product_cat-stereoanlage-und-lautsprecher","9":"first","10":"outofstock","11":"shipping-taxable","12":"purchasable","13":"product-type-simple"},"_links":{"self":[{"href":"https:\/\/stoic-curie.212-227-153-4.plesk.page\/de\/wp-json\/wp\/v2\/product\/5871134","targetHints":{"allow":["GET"]}}],"collection":[{"href":"https:\/\/stoic-curie.212-227-153-4.plesk.page\/de\/wp-json\/wp\/v2\/product"}],"about":[{"href":"https:\/\/stoic-curie.212-227-153-4.plesk.page\/de\/wp-json\/wp\/v2\/types\/product"}],"replies":[{"embeddable":true,"href":"https:\/\/stoic-curie.212-227-153-4.plesk.page\/de\/wp-json\/wp\/v2\/comments?post=5871134"}],"version-history":[{"count":0,"href":"https:\/\/stoic-curie.212-227-153-4.plesk.page\/de\/wp-json\/wp\/v2\/product\/5871134\/revisions"}],"wp:featuredmedia":[{"embeddable":true,"href":"https:\/\/stoic-curie.212-227-153-4.plesk.page\/de\/wp-json\/wp\/v2\/media\/5949350"}],"wp:attachment":[{"href":"https:\/\/stoic-curie.212-227-153-4.plesk.page\/de\/wp-json\/wp\/v2\/media?parent=5871134"}],"wp:term":[{"taxonomy":"product_brand","embeddable":true,"href":"https:\/\/stoic-curie.212-227-153-4.plesk.page\/de\/wp-json\/wp\/v2\/product_brand?post=5871134"},{"taxonomy":"product_cat","embeddable":true,"href":"https:\/\/stoic-curie.212-227-153-4.plesk.page\/de\/wp-json\/wp\/v2\/product_cat?post=5871134"},{"taxonomy":"product_tag","embeddable":true,"href":"https:\/\/stoic-curie.212-227-153-4.plesk.page\/de\/wp-json\/wp\/v2\/product_tag?post=5871134"}],"curies":[{"name":"wp","href":"https:\/\/api.w.org\/{rel}","templated":true}]}}