{"id":5871145,"date":"2026-02-19T19:35:53","date_gmt":"2026-02-19T18:35:53","guid":{"rendered":"https:\/\/stoic-curie.212-227-153-4.plesk.page\/product\/keelshield-3m-klebefolie-l-183-6-cm-farbe-schwarz\/"},"modified":"2026-02-24T23:35:57","modified_gmt":"2026-02-24T23:35:57","slug":"keelshield-3m-klebefolie-l-183-6-cm-farbe-schwarz","status":"publish","type":"product","link":"https:\/\/stoic-curie.212-227-153-4.plesk.page\/de\/product\/keelshield-3m-klebefolie-l-183-6-cm-farbe-schwarz\/","title":{"rendered":"Keelshield 3m Klebefolie L 183 (6&#8242;) cm Farbe Schwarz"},"content":{"rendered":"<p>Keelshield 3m Klebefolie L 183 (6&#8242;) cm Farbe Schwarz &#8211; <\/p>\n<p>Das Keelshield ist eine sch\u00fctzende Folie aus reinem Polyurethan mit starkem 3M Kleber, bereit f\u00fcr eine einfache Anwendung. Es wurde entwickelt, um den Kiel vor St\u00f6\u00dfen und Kratzern zu sch\u00fctzen und kostspielige Reparaturen zu verhindern. Die Breite betr\u00e4gt 125 mm. F\u00fcr eine optimale Haftung wird die Verwendung des 3M Primers 5722402 empfohlen.<\/p>\n","protected":false},"excerpt":{"rendered":"<p>Keelshield 3m Klebefolie L 183 (6&#8242;) cm Farbe Schwarz &#8211; Das Keelshield ist eine sch\u00fctzende Folie aus reinem Polyurethan mit<\/p>\n","protected":false},"featured_media":5870188,"comment_status":"open","ping_status":"closed","template":"","meta":[],"product_brand":[2770],"product_cat":[1347],"product_tag":[],"class_list":{"0":"post-5871145","1":"product","2":"type-product","3":"status-publish","4":"has-post-thumbnail","6":"product_brand-3m-marine-de","7":"product_cat-marine-lack","9":"first","10":"instock","11":"shipping-taxable","12":"purchasable","13":"product-type-simple"},"_links":{"self":[{"href":"https:\/\/stoic-curie.212-227-153-4.plesk.page\/de\/wp-json\/wp\/v2\/product\/5871145","targetHints":{"allow":["GET"]}}],"collection":[{"href":"https:\/\/stoic-curie.212-227-153-4.plesk.page\/de\/wp-json\/wp\/v2\/product"}],"about":[{"href":"https:\/\/stoic-curie.212-227-153-4.plesk.page\/de\/wp-json\/wp\/v2\/types\/product"}],"replies":[{"embeddable":true,"href":"https:\/\/stoic-curie.212-227-153-4.plesk.page\/de\/wp-json\/wp\/v2\/comments?post=5871145"}],"version-history":[{"count":0,"href":"https:\/\/stoic-curie.212-227-153-4.plesk.page\/de\/wp-json\/wp\/v2\/product\/5871145\/revisions"}],"wp:featuredmedia":[{"embeddable":true,"href":"https:\/\/stoic-curie.212-227-153-4.plesk.page\/de\/wp-json\/wp\/v2\/media\/5870188"}],"wp:attachment":[{"href":"https:\/\/stoic-curie.212-227-153-4.plesk.page\/de\/wp-json\/wp\/v2\/media?parent=5871145"}],"wp:term":[{"taxonomy":"product_brand","embeddable":true,"href":"https:\/\/stoic-curie.212-227-153-4.plesk.page\/de\/wp-json\/wp\/v2\/product_brand?post=5871145"},{"taxonomy":"product_cat","embeddable":true,"href":"https:\/\/stoic-curie.212-227-153-4.plesk.page\/de\/wp-json\/wp\/v2\/product_cat?post=5871145"},{"taxonomy":"product_tag","embeddable":true,"href":"https:\/\/stoic-curie.212-227-153-4.plesk.page\/de\/wp-json\/wp\/v2\/product_tag?post=5871145"}],"curies":[{"name":"wp","href":"https:\/\/api.w.org\/{rel}","templated":true}]}}