{"id":5871152,"date":"2026-02-19T19:36:02","date_gmt":"2026-02-19T18:36:02","guid":{"rendered":"https:\/\/stoic-curie.212-227-153-4.plesk.page\/product\/propeller-fuer-yamaha-9-7-8x14\/"},"modified":"2026-02-24T23:35:57","modified_gmt":"2026-02-24T23:35:57","slug":"propeller-fuer-yamaha-9-7-8x14","status":"publish","type":"product","link":"https:\/\/stoic-curie.212-227-153-4.plesk.page\/de\/product\/propeller-fuer-yamaha-9-7-8x14\/","title":{"rendered":"Propeller f\u00fcr Yamaha 9 7\/8&#215;14"},"content":{"rendered":"<p>Propeller f\u00fcr Yamaha 9 7\/8&#215;14 &#8211; <\/p>\n<p>Alice Aluminium-Propeller sind f\u00fcr Yamaha Au\u00dfenbordmotoren konzipiert. Sie bestehen aus einer Aluminium-Titan-Legierung in Luftfahrtqualit\u00e4t und verf\u00fcgen \u00fcber 3D-Laserscanning f\u00fcr pr\u00e4zise statische und dynamische Kontrolle. Die robotergest\u00fctzte AkzoNobel-Pulverbeschichtung sorgt f\u00fcr Langlebigkeit, w\u00e4hrend die speziell gestalteten Bl\u00e4tter eine hohe Effizienz und einen reduzierten Kraftstoffverbrauch dank ihrer optimalen Cupping-Form bieten. Bitte beachten Sie, dass das Montageset separat bestellt werden muss, wenn Sie Muttern, Unterlegscheiben und Abstandshalter ersetzen m\u00fcssen. Kompatibel mit Yamaha Au\u00dfenbordmotoren: 20C\/D (2-Takt) [19961997], 25B\/D\/N\/V (2-Takt) [1980&gt;], F25A\/D\/G (4-Takt) [2010&gt;], 30\/A\/D\/G (2-Takt) [19792002].<\/p>\n","protected":false},"excerpt":{"rendered":"<p>Propeller f\u00fcr Yamaha 9 7\/8&#215;14 &#8211; Alice Aluminium-Propeller sind f\u00fcr Yamaha Au\u00dfenbordmotoren konzipiert. Sie bestehen aus einer Aluminium-Titan-Legierung in Luftfahrtqualit\u00e4t<\/p>\n","protected":false},"featured_media":5949028,"comment_status":"open","ping_status":"closed","template":"","meta":[],"product_brand":[3390],"product_cat":[1544,1516],"product_tag":[],"class_list":{"0":"post-5871152","1":"product","2":"type-product","3":"status-publish","4":"has-post-thumbnail","6":"product_brand-sierra-marine-de","7":"product_cat-marine-ersatzteile-fuer-yamaha","8":"product_cat-propeller-fuer-aussenbordmotoren","10":"first","11":"instock","12":"shipping-taxable","13":"purchasable","14":"product-type-simple"},"_links":{"self":[{"href":"https:\/\/stoic-curie.212-227-153-4.plesk.page\/de\/wp-json\/wp\/v2\/product\/5871152","targetHints":{"allow":["GET"]}}],"collection":[{"href":"https:\/\/stoic-curie.212-227-153-4.plesk.page\/de\/wp-json\/wp\/v2\/product"}],"about":[{"href":"https:\/\/stoic-curie.212-227-153-4.plesk.page\/de\/wp-json\/wp\/v2\/types\/product"}],"replies":[{"embeddable":true,"href":"https:\/\/stoic-curie.212-227-153-4.plesk.page\/de\/wp-json\/wp\/v2\/comments?post=5871152"}],"version-history":[{"count":0,"href":"https:\/\/stoic-curie.212-227-153-4.plesk.page\/de\/wp-json\/wp\/v2\/product\/5871152\/revisions"}],"wp:featuredmedia":[{"embeddable":true,"href":"https:\/\/stoic-curie.212-227-153-4.plesk.page\/de\/wp-json\/wp\/v2\/media\/5949028"}],"wp:attachment":[{"href":"https:\/\/stoic-curie.212-227-153-4.plesk.page\/de\/wp-json\/wp\/v2\/media?parent=5871152"}],"wp:term":[{"taxonomy":"product_brand","embeddable":true,"href":"https:\/\/stoic-curie.212-227-153-4.plesk.page\/de\/wp-json\/wp\/v2\/product_brand?post=5871152"},{"taxonomy":"product_cat","embeddable":true,"href":"https:\/\/stoic-curie.212-227-153-4.plesk.page\/de\/wp-json\/wp\/v2\/product_cat?post=5871152"},{"taxonomy":"product_tag","embeddable":true,"href":"https:\/\/stoic-curie.212-227-153-4.plesk.page\/de\/wp-json\/wp\/v2\/product_tag?post=5871152"}],"curies":[{"name":"wp","href":"https:\/\/api.w.org\/{rel}","templated":true}]}}