{"id":5871188,"date":"2026-02-19T19:36:32","date_gmt":"2026-02-19T18:36:32","guid":{"rendered":"https:\/\/stoic-curie.212-227-153-4.plesk.page\/product\/solas-hub-kit-hub-kit-f25-15t-suzuki\/"},"modified":"2026-02-24T23:35:57","modified_gmt":"2026-02-24T23:35:57","slug":"solas-hub-kit-hub-kit-f25-15t-suzuki","status":"publish","type":"product","link":"https:\/\/stoic-curie.212-227-153-4.plesk.page\/de\/product\/solas-hub-kit-hub-kit-f25-15t-suzuki\/","title":{"rendered":"Solas Hub kit Hub Kit F25-15T Suzuki"},"content":{"rendered":"<p>Solas Hub kit Hub Kit F25-15T Suzuki &#8211; <\/p>\n<p>Edelstahl Solas Propeller f\u00fcr Suzuki Au\u00dfenbordmotoren. Das hervorragende Design und die Bauqualit\u00e4t erm\u00f6glichen es, Solas-Propeller leicht als Ersatz f\u00fcr original Propeller zu verwenden. Zu den Plusfunktionen geh\u00f6rt eine vergr\u00f6\u00dferte Blattfl\u00e4che f\u00fcr verbesserte Leistung. Dieses Modell ist ein linksh\u00e4ndiger Propeller (gegen den Uhrzeigersinn).<\/p>\n","protected":false},"excerpt":{"rendered":"<p>Solas Hub kit Hub Kit F25-15T Suzuki &#8211; Edelstahl Solas Propeller f\u00fcr Suzuki Au\u00dfenbordmotoren. Das hervorragende Design und die Bauqualit\u00e4t<\/p>\n","protected":false},"featured_media":5949572,"comment_status":"open","ping_status":"closed","template":"","meta":[],"product_brand":[3410],"product_cat":[1545,1516],"product_tag":[],"class_list":{"0":"post-5871188","1":"product","2":"type-product","3":"status-publish","4":"has-post-thumbnail","6":"product_brand-solas-de","7":"product_cat-marine-ersatzteile-fuer-suzuki","8":"product_cat-propeller-fuer-aussenbordmotoren","10":"first","11":"instock","12":"shipping-taxable","13":"purchasable","14":"product-type-simple"},"_links":{"self":[{"href":"https:\/\/stoic-curie.212-227-153-4.plesk.page\/de\/wp-json\/wp\/v2\/product\/5871188","targetHints":{"allow":["GET"]}}],"collection":[{"href":"https:\/\/stoic-curie.212-227-153-4.plesk.page\/de\/wp-json\/wp\/v2\/product"}],"about":[{"href":"https:\/\/stoic-curie.212-227-153-4.plesk.page\/de\/wp-json\/wp\/v2\/types\/product"}],"replies":[{"embeddable":true,"href":"https:\/\/stoic-curie.212-227-153-4.plesk.page\/de\/wp-json\/wp\/v2\/comments?post=5871188"}],"version-history":[{"count":0,"href":"https:\/\/stoic-curie.212-227-153-4.plesk.page\/de\/wp-json\/wp\/v2\/product\/5871188\/revisions"}],"wp:featuredmedia":[{"embeddable":true,"href":"https:\/\/stoic-curie.212-227-153-4.plesk.page\/de\/wp-json\/wp\/v2\/media\/5949572"}],"wp:attachment":[{"href":"https:\/\/stoic-curie.212-227-153-4.plesk.page\/de\/wp-json\/wp\/v2\/media?parent=5871188"}],"wp:term":[{"taxonomy":"product_brand","embeddable":true,"href":"https:\/\/stoic-curie.212-227-153-4.plesk.page\/de\/wp-json\/wp\/v2\/product_brand?post=5871188"},{"taxonomy":"product_cat","embeddable":true,"href":"https:\/\/stoic-curie.212-227-153-4.plesk.page\/de\/wp-json\/wp\/v2\/product_cat?post=5871188"},{"taxonomy":"product_tag","embeddable":true,"href":"https:\/\/stoic-curie.212-227-153-4.plesk.page\/de\/wp-json\/wp\/v2\/product_tag?post=5871188"}],"curies":[{"name":"wp","href":"https:\/\/api.w.org\/{rel}","templated":true}]}}