{"id":5871193,"date":"2026-02-19T19:36:36","date_gmt":"2026-02-19T18:36:36","guid":{"rendered":"https:\/\/stoic-curie.212-227-153-4.plesk.page\/product\/metrischer-klemmen-rebenschneider-fuer-45-mm-welle-120-mm-aussendurchmesser-20-mm-dicke\/"},"modified":"2026-02-24T23:36:15","modified_gmt":"2026-02-24T23:36:15","slug":"metrischer-klemmen-rebenschneider-fuer-45-mm-welle-120-mm-aussendurchmesser-20-mm-dicke","status":"publish","type":"product","link":"https:\/\/stoic-curie.212-227-153-4.plesk.page\/de\/product\/metrischer-klemmen-rebenschneider-fuer-45-mm-welle-120-mm-aussendurchmesser-20-mm-dicke\/","title":{"rendered":"Metrischer Klemmen-Rebenschneider f\u00fcr 45 mm Welle &#8211; 120 mm Au\u00dfendurchmesser, 20 mm Dicke"},"content":{"rendered":"<p>Metrischer Klemmen-Rebenschneider f\u00fcr 45 mm Welle &#8211; 120 mm Au\u00dfendurchmesser, 20 mm Dicke &#8211; <\/p>\n<p>Dieser Rebenschneider besteht aus AISI 316L Edelstahl und dient zum Schutz der Schraube und der Wellenlinie vor Seilen, Kabeln und Tr\u00fcmmern, die sich w\u00e4hrend der Rotation verfangen k\u00f6nnen. Das Klemmsystem mit Schrauben erm\u00f6glicht eine einfache Installation, ohne die Schraube zu demontieren. Die Klingen sind so gestaltet, dass sie vibrationsfrei schneiden und ohne Kavitation rotieren.<\/p>\n","protected":false},"excerpt":{"rendered":"<p>Metrischer Klemmen-Rebenschneider f\u00fcr 45 mm Welle &#8211; 120 mm Au\u00dfendurchmesser, 20 mm Dicke &#8211; Dieser Rebenschneider besteht aus AISI 316L<\/p>\n","protected":false},"featured_media":5853684,"comment_status":"open","ping_status":"closed","template":"","meta":[],"product_brand":[3465],"product_cat":[1511],"product_tag":[],"class_list":{"0":"post-5871193","1":"product","2":"type-product","3":"status-publish","4":"has-post-thumbnail","6":"product_brand-technodrive-de","7":"product_cat-propellerwellenseilschneider","9":"first","10":"instock","11":"shipping-taxable","12":"purchasable","13":"product-type-simple"},"_links":{"self":[{"href":"https:\/\/stoic-curie.212-227-153-4.plesk.page\/de\/wp-json\/wp\/v2\/product\/5871193","targetHints":{"allow":["GET"]}}],"collection":[{"href":"https:\/\/stoic-curie.212-227-153-4.plesk.page\/de\/wp-json\/wp\/v2\/product"}],"about":[{"href":"https:\/\/stoic-curie.212-227-153-4.plesk.page\/de\/wp-json\/wp\/v2\/types\/product"}],"replies":[{"embeddable":true,"href":"https:\/\/stoic-curie.212-227-153-4.plesk.page\/de\/wp-json\/wp\/v2\/comments?post=5871193"}],"version-history":[{"count":0,"href":"https:\/\/stoic-curie.212-227-153-4.plesk.page\/de\/wp-json\/wp\/v2\/product\/5871193\/revisions"}],"wp:featuredmedia":[{"embeddable":true,"href":"https:\/\/stoic-curie.212-227-153-4.plesk.page\/de\/wp-json\/wp\/v2\/media\/5853684"}],"wp:attachment":[{"href":"https:\/\/stoic-curie.212-227-153-4.plesk.page\/de\/wp-json\/wp\/v2\/media?parent=5871193"}],"wp:term":[{"taxonomy":"product_brand","embeddable":true,"href":"https:\/\/stoic-curie.212-227-153-4.plesk.page\/de\/wp-json\/wp\/v2\/product_brand?post=5871193"},{"taxonomy":"product_cat","embeddable":true,"href":"https:\/\/stoic-curie.212-227-153-4.plesk.page\/de\/wp-json\/wp\/v2\/product_cat?post=5871193"},{"taxonomy":"product_tag","embeddable":true,"href":"https:\/\/stoic-curie.212-227-153-4.plesk.page\/de\/wp-json\/wp\/v2\/product_tag?post=5871193"}],"curies":[{"name":"wp","href":"https:\/\/api.w.org\/{rel}","templated":true}]}}