{"id":5871195,"date":"2026-02-19T19:36:37","date_gmt":"2026-02-19T18:36:37","guid":{"rendered":"https:\/\/stoic-curie.212-227-153-4.plesk.page\/product\/vetus-auspuffdaempfer-h-168-mm-l-580-mm-b-158-mm-fuer-102-schlauch-o-mm\/"},"modified":"2026-02-24T23:36:15","modified_gmt":"2026-02-24T23:36:15","slug":"vetus-auspuffdaempfer-h-168-mm-l-580-mm-b-158-mm-fuer-102-schlauch-o-mm","status":"publish","type":"product","link":"https:\/\/stoic-curie.212-227-153-4.plesk.page\/de\/product\/vetus-auspuffdaempfer-h-168-mm-l-580-mm-b-158-mm-fuer-102-schlauch-o-mm\/","title":{"rendered":"Vetus Auspuffd\u00e4mpfer H 168 mm L 580 mm B 158 mm f\u00fcr 102 Schlauch \u00d8 mm"},"content":{"rendered":"<p>Vetus Auspuffd\u00e4mpfer H 168 mm L 580 mm B 158 mm f\u00fcr 102 Schlauch \u00d8 mm &#8211; <\/p>\n<p>Hochwertiger Auspuffd\u00e4mpfer f\u00fcr kleine und mittelgro\u00dfe Motoren.<\/p>\n","protected":false},"excerpt":{"rendered":"<p>Vetus Auspuffd\u00e4mpfer H 168 mm L 580 mm B 158 mm f\u00fcr 102 Schlauch \u00d8 mm &#8211; Hochwertiger Auspuffd\u00e4mpfer f\u00fcr<\/p>\n","protected":false},"featured_media":5940504,"comment_status":"open","ping_status":"closed","template":"","meta":[],"product_brand":[3520],"product_cat":[1507],"product_tag":[],"class_list":{"0":"post-5871195","1":"product","2":"type-product","3":"status-publish","4":"has-post-thumbnail","6":"product_brand-vetus-de","7":"product_cat-abgas-wasserperren-und-schalldaempfer","9":"first","10":"instock","11":"shipping-taxable","12":"purchasable","13":"product-type-simple"},"_links":{"self":[{"href":"https:\/\/stoic-curie.212-227-153-4.plesk.page\/de\/wp-json\/wp\/v2\/product\/5871195","targetHints":{"allow":["GET"]}}],"collection":[{"href":"https:\/\/stoic-curie.212-227-153-4.plesk.page\/de\/wp-json\/wp\/v2\/product"}],"about":[{"href":"https:\/\/stoic-curie.212-227-153-4.plesk.page\/de\/wp-json\/wp\/v2\/types\/product"}],"replies":[{"embeddable":true,"href":"https:\/\/stoic-curie.212-227-153-4.plesk.page\/de\/wp-json\/wp\/v2\/comments?post=5871195"}],"version-history":[{"count":0,"href":"https:\/\/stoic-curie.212-227-153-4.plesk.page\/de\/wp-json\/wp\/v2\/product\/5871195\/revisions"}],"wp:featuredmedia":[{"embeddable":true,"href":"https:\/\/stoic-curie.212-227-153-4.plesk.page\/de\/wp-json\/wp\/v2\/media\/5940504"}],"wp:attachment":[{"href":"https:\/\/stoic-curie.212-227-153-4.plesk.page\/de\/wp-json\/wp\/v2\/media?parent=5871195"}],"wp:term":[{"taxonomy":"product_brand","embeddable":true,"href":"https:\/\/stoic-curie.212-227-153-4.plesk.page\/de\/wp-json\/wp\/v2\/product_brand?post=5871195"},{"taxonomy":"product_cat","embeddable":true,"href":"https:\/\/stoic-curie.212-227-153-4.plesk.page\/de\/wp-json\/wp\/v2\/product_cat?post=5871195"},{"taxonomy":"product_tag","embeddable":true,"href":"https:\/\/stoic-curie.212-227-153-4.plesk.page\/de\/wp-json\/wp\/v2\/product_tag?post=5871195"}],"curies":[{"name":"wp","href":"https:\/\/api.w.org\/{rel}","templated":true}]}}