{"id":5871196,"date":"2026-02-19T19:36:38","date_gmt":"2026-02-19T18:36:38","guid":{"rendered":"https:\/\/stoic-curie.212-227-153-4.plesk.page\/product\/ersatz-hecksteuermann-fuer-tor-marine-ruder-langer-hecksteuermann-fuer-d40-welle-235-mm\/"},"modified":"2026-02-24T23:36:15","modified_gmt":"2026-02-24T23:36:15","slug":"ersatz-hecksteuermann-fuer-tor-marine-ruder-langer-hecksteuermann-fuer-d40-welle-235-mm","status":"publish","type":"product","link":"https:\/\/stoic-curie.212-227-153-4.plesk.page\/de\/product\/ersatz-hecksteuermann-fuer-tor-marine-ruder-langer-hecksteuermann-fuer-d40-welle-235-mm\/","title":{"rendered":"Ersatz-Hecksteuermann f\u00fcr Tor-Marine Ruder (Langer Hecksteuermann f\u00fcr D40 Welle, 235 mm)"},"content":{"rendered":"<p>Ersatz-Hecksteuermann f\u00fcr Tor-Marine Ruder (Langer Hecksteuermann f\u00fcr D40 Welle, 235 mm) &#8211; <\/p>\n<p>Ersatzhebel f\u00fcr Tor-Marine Ruder. Der Standardhebel wird mit allen Rudern geliefert, w\u00e4hrend der lange Hebel optional ist.<\/p>\n","protected":false},"excerpt":{"rendered":"<p>Ersatz-Hecksteuermann f\u00fcr Tor-Marine Ruder (Langer Hecksteuermann f\u00fcr D40 Welle, 235 mm) &#8211; Ersatzhebel f\u00fcr Tor-Marine Ruder. Der Standardhebel wird mit<\/p>\n","protected":false},"featured_media":5870422,"comment_status":"open","ping_status":"closed","template":"","meta":[],"product_brand":[2930],"product_cat":[1496],"product_tag":[],"class_list":{"0":"post-5871196","1":"product","2":"type-product","3":"status-publish","4":"has-post-thumbnail","6":"product_brand-exalto-marine-de","7":"product_cat-ruder","9":"first","10":"outofstock","11":"shipping-taxable","12":"purchasable","13":"product-type-simple"},"_links":{"self":[{"href":"https:\/\/stoic-curie.212-227-153-4.plesk.page\/de\/wp-json\/wp\/v2\/product\/5871196","targetHints":{"allow":["GET"]}}],"collection":[{"href":"https:\/\/stoic-curie.212-227-153-4.plesk.page\/de\/wp-json\/wp\/v2\/product"}],"about":[{"href":"https:\/\/stoic-curie.212-227-153-4.plesk.page\/de\/wp-json\/wp\/v2\/types\/product"}],"replies":[{"embeddable":true,"href":"https:\/\/stoic-curie.212-227-153-4.plesk.page\/de\/wp-json\/wp\/v2\/comments?post=5871196"}],"version-history":[{"count":0,"href":"https:\/\/stoic-curie.212-227-153-4.plesk.page\/de\/wp-json\/wp\/v2\/product\/5871196\/revisions"}],"wp:featuredmedia":[{"embeddable":true,"href":"https:\/\/stoic-curie.212-227-153-4.plesk.page\/de\/wp-json\/wp\/v2\/media\/5870422"}],"wp:attachment":[{"href":"https:\/\/stoic-curie.212-227-153-4.plesk.page\/de\/wp-json\/wp\/v2\/media?parent=5871196"}],"wp:term":[{"taxonomy":"product_brand","embeddable":true,"href":"https:\/\/stoic-curie.212-227-153-4.plesk.page\/de\/wp-json\/wp\/v2\/product_brand?post=5871196"},{"taxonomy":"product_cat","embeddable":true,"href":"https:\/\/stoic-curie.212-227-153-4.plesk.page\/de\/wp-json\/wp\/v2\/product_cat?post=5871196"},{"taxonomy":"product_tag","embeddable":true,"href":"https:\/\/stoic-curie.212-227-153-4.plesk.page\/de\/wp-json\/wp\/v2\/product_tag?post=5871196"}],"curies":[{"name":"wp","href":"https:\/\/api.w.org\/{rel}","templated":true}]}}