{"id":5871200,"date":"2026-02-19T19:36:41","date_gmt":"2026-02-19T18:36:41","guid":{"rendered":"https:\/\/stoic-curie.212-227-153-4.plesk.page\/product\/radialgeblaese-flexmontage-spx-80-47420-02-code-ref-airv-4-550-flexmontage\/"},"modified":"2026-02-24T23:36:22","modified_gmt":"2026-02-24T23:36:22","slug":"radialgeblaese-flexmontage-spx-80-47420-02-code-ref-airv-4-550-flexmontage","status":"publish","type":"product","link":"https:\/\/stoic-curie.212-227-153-4.plesk.page\/de\/product\/radialgeblaese-flexmontage-spx-80-47420-02-code-ref-airv-4-550-flexmontage\/","title":{"rendered":"Radialgebl\u00e4se &#8211; Flexmontage SPX 80-47420-02 Code Ref AIRV 4-550 Flexmontage"},"content":{"rendered":"<p>Radialgebl\u00e4se &#8211; Flexmontage SPX 80-47420-02 Code Ref AIRV 4-550 Flexmontage &#8211; <\/p>\n<p>Marine-Radialgebl\u00e4se sind speziell f\u00fcr die Bel\u00fcftung von Motorenr\u00e4umen vor dem Start konzipiert. Sie eignen sich ideal f\u00fcr die Luftaufnahme oder -abfuhr in Bilgen, Komb\u00fcsen, Unterk\u00fcnften und anderen R\u00e4umen. Dieses Modell verf\u00fcgt \u00fcber einen Doppel-Kugellagermotor, ein sto\u00dffestes ABS-Geh\u00e4use und eine Welle sowie Schrauben aus Edelstahl.<\/p>\n","protected":false},"excerpt":{"rendered":"<p>Radialgebl\u00e4se &#8211; Flexmontage SPX 80-47420-02 Code Ref AIRV 4-550 Flexmontage &#8211; Marine-Radialgebl\u00e4se sind speziell f\u00fcr die Bel\u00fcftung von Motorenr\u00e4umen vor<\/p>\n","protected":false},"featured_media":5870437,"comment_status":"open","ping_status":"closed","template":"","meta":[],"product_brand":[3045],"product_cat":[1445,1539],"product_tag":[],"class_list":{"0":"post-5871200","1":"product","2":"type-product","3":"status-publish","4":"has-post-thumbnail","6":"product_brand-johnson-marine-de","7":"product_cat-bilgengeblaese","8":"product_cat-motorlueftungssysteme","10":"first","11":"instock","12":"shipping-taxable","13":"purchasable","14":"product-type-simple"},"_links":{"self":[{"href":"https:\/\/stoic-curie.212-227-153-4.plesk.page\/de\/wp-json\/wp\/v2\/product\/5871200","targetHints":{"allow":["GET"]}}],"collection":[{"href":"https:\/\/stoic-curie.212-227-153-4.plesk.page\/de\/wp-json\/wp\/v2\/product"}],"about":[{"href":"https:\/\/stoic-curie.212-227-153-4.plesk.page\/de\/wp-json\/wp\/v2\/types\/product"}],"replies":[{"embeddable":true,"href":"https:\/\/stoic-curie.212-227-153-4.plesk.page\/de\/wp-json\/wp\/v2\/comments?post=5871200"}],"version-history":[{"count":0,"href":"https:\/\/stoic-curie.212-227-153-4.plesk.page\/de\/wp-json\/wp\/v2\/product\/5871200\/revisions"}],"wp:featuredmedia":[{"embeddable":true,"href":"https:\/\/stoic-curie.212-227-153-4.plesk.page\/de\/wp-json\/wp\/v2\/media\/5870437"}],"wp:attachment":[{"href":"https:\/\/stoic-curie.212-227-153-4.plesk.page\/de\/wp-json\/wp\/v2\/media?parent=5871200"}],"wp:term":[{"taxonomy":"product_brand","embeddable":true,"href":"https:\/\/stoic-curie.212-227-153-4.plesk.page\/de\/wp-json\/wp\/v2\/product_brand?post=5871200"},{"taxonomy":"product_cat","embeddable":true,"href":"https:\/\/stoic-curie.212-227-153-4.plesk.page\/de\/wp-json\/wp\/v2\/product_cat?post=5871200"},{"taxonomy":"product_tag","embeddable":true,"href":"https:\/\/stoic-curie.212-227-153-4.plesk.page\/de\/wp-json\/wp\/v2\/product_tag?post=5871200"}],"curies":[{"name":"wp","href":"https:\/\/api.w.org\/{rel}","templated":true}]}}