{"id":5871204,"date":"2026-02-19T19:36:43","date_gmt":"2026-02-19T18:36:43","guid":{"rendered":"https:\/\/stoic-curie.212-227-153-4.plesk.page\/product\/aquat-silent-electric-umruest-kit-spx-81-47240-02\/"},"modified":"2026-02-24T23:36:22","modified_gmt":"2026-02-24T23:36:22","slug":"aquat-silent-electric-umruest-kit-spx-81-47240-02","status":"publish","type":"product","link":"https:\/\/stoic-curie.212-227-153-4.plesk.page\/de\/product\/aquat-silent-electric-umruest-kit-spx-81-47240-02\/","title":{"rendered":"Aquat Silent Electric Umr\u00fcst-Kit SPX 81-47240-02"},"content":{"rendered":"<p>Aquat Silent Electric Umr\u00fcst-Kit SPX 81-47240-02 &#8211; <\/p>\n<p>Das AquaT Silent Electric Umr\u00fcst-Kit ist f\u00fcr Compact- oder Comfort-Schalen ausgelegt. Es ist kompatibel mit einem separaten externen Sp\u00fclsystem mit einer Sp\u00fclpumpe oder kann mit einem bestehenden zentralen Frischwassersystem unter Verwendung eines Magnetventils verwendet werden. Das Kit erm\u00f6glicht die Steuerung der Sp\u00fcl- und Entleerungsfunktionen \u00fcber zwei separate Tasten auf dem Bedienfeld. Im Paket enthalten sind die Entw\u00e4sserungspumpe, die Basis, die Anschl\u00fcsse und ein Bedienfeld mit zwei Schaltern.<\/p>\n","protected":false},"excerpt":{"rendered":"<p>Aquat Silent Electric Umr\u00fcst-Kit SPX 81-47240-02 &#8211; Das AquaT Silent Electric Umr\u00fcst-Kit ist f\u00fcr Compact- oder Comfort-Schalen ausgelegt. Es ist<\/p>\n","protected":false},"featured_media":5870445,"comment_status":"open","ping_status":"closed","template":"","meta":[],"product_brand":[3045],"product_cat":[1388],"product_tag":[],"class_list":{"0":"post-5871204","1":"product","2":"type-product","3":"status-publish","4":"has-post-thumbnail","6":"product_brand-johnson-marine-de","7":"product_cat-marine-wcs","9":"first","10":"outofstock","11":"shipping-taxable","12":"purchasable","13":"product-type-simple"},"_links":{"self":[{"href":"https:\/\/stoic-curie.212-227-153-4.plesk.page\/de\/wp-json\/wp\/v2\/product\/5871204","targetHints":{"allow":["GET"]}}],"collection":[{"href":"https:\/\/stoic-curie.212-227-153-4.plesk.page\/de\/wp-json\/wp\/v2\/product"}],"about":[{"href":"https:\/\/stoic-curie.212-227-153-4.plesk.page\/de\/wp-json\/wp\/v2\/types\/product"}],"replies":[{"embeddable":true,"href":"https:\/\/stoic-curie.212-227-153-4.plesk.page\/de\/wp-json\/wp\/v2\/comments?post=5871204"}],"version-history":[{"count":0,"href":"https:\/\/stoic-curie.212-227-153-4.plesk.page\/de\/wp-json\/wp\/v2\/product\/5871204\/revisions"}],"wp:featuredmedia":[{"embeddable":true,"href":"https:\/\/stoic-curie.212-227-153-4.plesk.page\/de\/wp-json\/wp\/v2\/media\/5870445"}],"wp:attachment":[{"href":"https:\/\/stoic-curie.212-227-153-4.plesk.page\/de\/wp-json\/wp\/v2\/media?parent=5871204"}],"wp:term":[{"taxonomy":"product_brand","embeddable":true,"href":"https:\/\/stoic-curie.212-227-153-4.plesk.page\/de\/wp-json\/wp\/v2\/product_brand?post=5871204"},{"taxonomy":"product_cat","embeddable":true,"href":"https:\/\/stoic-curie.212-227-153-4.plesk.page\/de\/wp-json\/wp\/v2\/product_cat?post=5871204"},{"taxonomy":"product_tag","embeddable":true,"href":"https:\/\/stoic-curie.212-227-153-4.plesk.page\/de\/wp-json\/wp\/v2\/product_tag?post=5871204"}],"curies":[{"name":"wp","href":"https:\/\/api.w.org\/{rel}","templated":true}]}}