{"id":5887430,"date":"2026-02-20T18:47:50","date_gmt":"2026-02-20T17:47:50","guid":{"rendered":"https:\/\/stoic-curie.212-227-153-4.plesk.page\/product\/275a-bep-easyfit-batterieschalter-dc-275a-ac-455a-start-1250a-strom\/"},"modified":"2026-02-24T23:35:39","modified_gmt":"2026-02-24T23:35:39","slug":"275a-bep-easyfit-batterieschalter-dc-275a-ac-455a-start-1250a-strom","status":"publish","type":"product","link":"https:\/\/stoic-curie.212-227-153-4.plesk.page\/de\/product\/275a-bep-easyfit-batterieschalter-dc-275a-ac-455a-start-1250a-strom\/","title":{"rendered":"275A Bep Easyfit Batterieschalter DC 275A AC 455A Start 1250A Strom"},"content":{"rendered":"<p>275A Bep Easyfit Batterieschalter DC 275A AC 455A Start 1250A Strom &#8211; <\/p>\n<p>Dieser Batterieschalter ist mit einem Knopf und verzinnten Kupfer M10-Pins ausgestattet. Dank des Easyfit-Gewindestifts kann er mit einem einfachen 24 mm Loch in Panels von bis zu 19 mm Dicke b\u00fcndig montiert werden. Er wurde gr\u00fcndlich auf Stromwerte getestet und erf\u00fcllt die Anforderungen an explosionsgesch\u00fctzte Sicherheit.<br \/>Strom = Maximale Kapazit\u00e4t<\/p>\n","protected":false},"excerpt":{"rendered":"<p>275A Bep Easyfit Batterieschalter DC 275A AC 455A Start 1250A Strom &#8211; Dieser Batterieschalter ist mit einem Knopf und verzinnten<\/p>\n","protected":false},"featured_media":5886332,"comment_status":"open","ping_status":"closed","template":"","meta":[],"product_brand":[2825],"product_cat":[1458],"product_tag":[],"class_list":{"0":"post-5887430","1":"product","2":"type-product","3":"status-publish","4":"has-post-thumbnail","6":"product_brand-bep-marine-de","7":"product_cat-batterieschalter","9":"first","10":"instock","11":"shipping-taxable","12":"purchasable","13":"product-type-simple"},"_links":{"self":[{"href":"https:\/\/stoic-curie.212-227-153-4.plesk.page\/de\/wp-json\/wp\/v2\/product\/5887430","targetHints":{"allow":["GET"]}}],"collection":[{"href":"https:\/\/stoic-curie.212-227-153-4.plesk.page\/de\/wp-json\/wp\/v2\/product"}],"about":[{"href":"https:\/\/stoic-curie.212-227-153-4.plesk.page\/de\/wp-json\/wp\/v2\/types\/product"}],"replies":[{"embeddable":true,"href":"https:\/\/stoic-curie.212-227-153-4.plesk.page\/de\/wp-json\/wp\/v2\/comments?post=5887430"}],"version-history":[{"count":0,"href":"https:\/\/stoic-curie.212-227-153-4.plesk.page\/de\/wp-json\/wp\/v2\/product\/5887430\/revisions"}],"wp:featuredmedia":[{"embeddable":true,"href":"https:\/\/stoic-curie.212-227-153-4.plesk.page\/de\/wp-json\/wp\/v2\/media\/5886332"}],"wp:attachment":[{"href":"https:\/\/stoic-curie.212-227-153-4.plesk.page\/de\/wp-json\/wp\/v2\/media?parent=5887430"}],"wp:term":[{"taxonomy":"product_brand","embeddable":true,"href":"https:\/\/stoic-curie.212-227-153-4.plesk.page\/de\/wp-json\/wp\/v2\/product_brand?post=5887430"},{"taxonomy":"product_cat","embeddable":true,"href":"https:\/\/stoic-curie.212-227-153-4.plesk.page\/de\/wp-json\/wp\/v2\/product_cat?post=5887430"},{"taxonomy":"product_tag","embeddable":true,"href":"https:\/\/stoic-curie.212-227-153-4.plesk.page\/de\/wp-json\/wp\/v2\/product_tag?post=5887430"}],"curies":[{"name":"wp","href":"https:\/\/api.w.org\/{rel}","templated":true}]}}