{"id":5887431,"date":"2026-02-20T18:47:51","date_gmt":"2026-02-20T17:47:51","guid":{"rendered":"https:\/\/stoic-curie.212-227-153-4.plesk.page\/product\/bep-pro-installer-400a-batterieschalter-ref-770-dp\/"},"modified":"2026-02-24T23:35:39","modified_gmt":"2026-02-24T23:35:39","slug":"bep-pro-installer-400a-batterieschalter-ref-770-dp","status":"publish","type":"product","link":"https:\/\/stoic-curie.212-227-153-4.plesk.page\/de\/product\/bep-pro-installer-400a-batterieschalter-ref-770-dp\/","title":{"rendered":"BEP Pro Installer 400A Batterieschalter Ref 770-DP"},"content":{"rendered":"<p>BEP Pro Installer 400A Batterieschalter Ref 770-DP &#8211; <\/p>\n<p>Doppelpole Batterieschalter mit Knopf und verzinnten Kupfer M10-Stiften. Dieser Schalter unterst\u00fctzt die Montage an der Oberfl\u00e4che, an der R\u00fcckseite oder auf der Vorderseite. Die EZ-Montageversion erm\u00f6glicht eine einfache Frontmontage. Er wurde auf Stromwerte getestet und entspricht den Anforderungen an explosionsgesch\u00fctzte Ger\u00e4te.<br \/>Strom = Max. Kapazit\u00e4t<\/p>\n","protected":false},"excerpt":{"rendered":"<p>BEP Pro Installer 400A Batterieschalter Ref 770-DP &#8211; Doppelpole Batterieschalter mit Knopf und verzinnten Kupfer M10-Stiften. Dieser Schalter unterst\u00fctzt die<\/p>\n","protected":false},"featured_media":5886336,"comment_status":"open","ping_status":"closed","template":"","meta":[],"product_brand":[2825],"product_cat":[1458],"product_tag":[],"class_list":{"0":"post-5887431","1":"product","2":"type-product","3":"status-publish","4":"has-post-thumbnail","6":"product_brand-bep-marine-de","7":"product_cat-batterieschalter","9":"first","10":"instock","11":"shipping-taxable","12":"purchasable","13":"product-type-simple"},"_links":{"self":[{"href":"https:\/\/stoic-curie.212-227-153-4.plesk.page\/de\/wp-json\/wp\/v2\/product\/5887431","targetHints":{"allow":["GET"]}}],"collection":[{"href":"https:\/\/stoic-curie.212-227-153-4.plesk.page\/de\/wp-json\/wp\/v2\/product"}],"about":[{"href":"https:\/\/stoic-curie.212-227-153-4.plesk.page\/de\/wp-json\/wp\/v2\/types\/product"}],"replies":[{"embeddable":true,"href":"https:\/\/stoic-curie.212-227-153-4.plesk.page\/de\/wp-json\/wp\/v2\/comments?post=5887431"}],"version-history":[{"count":0,"href":"https:\/\/stoic-curie.212-227-153-4.plesk.page\/de\/wp-json\/wp\/v2\/product\/5887431\/revisions"}],"wp:featuredmedia":[{"embeddable":true,"href":"https:\/\/stoic-curie.212-227-153-4.plesk.page\/de\/wp-json\/wp\/v2\/media\/5886336"}],"wp:attachment":[{"href":"https:\/\/stoic-curie.212-227-153-4.plesk.page\/de\/wp-json\/wp\/v2\/media?parent=5887431"}],"wp:term":[{"taxonomy":"product_brand","embeddable":true,"href":"https:\/\/stoic-curie.212-227-153-4.plesk.page\/de\/wp-json\/wp\/v2\/product_brand?post=5887431"},{"taxonomy":"product_cat","embeddable":true,"href":"https:\/\/stoic-curie.212-227-153-4.plesk.page\/de\/wp-json\/wp\/v2\/product_cat?post=5887431"},{"taxonomy":"product_tag","embeddable":true,"href":"https:\/\/stoic-curie.212-227-153-4.plesk.page\/de\/wp-json\/wp\/v2\/product_tag?post=5887431"}],"curies":[{"name":"wp","href":"https:\/\/api.w.org\/{rel}","templated":true}]}}