{"id":5887432,"date":"2026-02-20T18:47:52","date_gmt":"2026-02-20T17:47:52","guid":{"rendered":"https:\/\/stoic-curie.212-227-153-4.plesk.page\/product\/bep-pro-installer-400a-batterie-schalter-ref-770-dp-ez\/"},"modified":"2026-02-24T23:35:39","modified_gmt":"2026-02-24T23:35:39","slug":"bep-pro-installer-400a-batterie-schalter-ref-770-dp-ez","status":"publish","type":"product","link":"https:\/\/stoic-curie.212-227-153-4.plesk.page\/de\/product\/bep-pro-installer-400a-batterie-schalter-ref-770-dp-ez\/","title":{"rendered":"BEP Pro Installer 400A Batterie Schalter Ref 770-DP-EZ"},"content":{"rendered":"<p>BEP Pro Installer 400A Batterie Schalter Ref 770-DP-EZ &#8211; <\/p>\n<p>Dieser doppelte Batterie-Schalter verf\u00fcgt \u00fcber einen Knopf und verzinnte Kupfer-M10-Pins. Er kann an der Oberfl\u00e4che, R\u00fcckseite oder Frontplatte montiert werden. Die EZ-Montageversion erm\u00f6glicht eine einfache Frontmontage. Er wurde auf Stromwerte getestet und erf\u00fcllt die Anforderungen an explosionssichere Ger\u00e4te. Strom = Maximalbetrieb.<\/p>\n","protected":false},"excerpt":{"rendered":"<p>BEP Pro Installer 400A Batterie Schalter Ref 770-DP-EZ &#8211; Dieser doppelte Batterie-Schalter verf\u00fcgt \u00fcber einen Knopf und verzinnte Kupfer-M10-Pins. Er<\/p>\n","protected":false},"featured_media":5886336,"comment_status":"open","ping_status":"closed","template":"","meta":[],"product_brand":[2825],"product_cat":[1458],"product_tag":[],"class_list":{"0":"post-5887432","1":"product","2":"type-product","3":"status-publish","4":"has-post-thumbnail","6":"product_brand-bep-marine-de","7":"product_cat-batterieschalter","9":"first","10":"instock","11":"shipping-taxable","12":"purchasable","13":"product-type-simple"},"_links":{"self":[{"href":"https:\/\/stoic-curie.212-227-153-4.plesk.page\/de\/wp-json\/wp\/v2\/product\/5887432","targetHints":{"allow":["GET"]}}],"collection":[{"href":"https:\/\/stoic-curie.212-227-153-4.plesk.page\/de\/wp-json\/wp\/v2\/product"}],"about":[{"href":"https:\/\/stoic-curie.212-227-153-4.plesk.page\/de\/wp-json\/wp\/v2\/types\/product"}],"replies":[{"embeddable":true,"href":"https:\/\/stoic-curie.212-227-153-4.plesk.page\/de\/wp-json\/wp\/v2\/comments?post=5887432"}],"version-history":[{"count":0,"href":"https:\/\/stoic-curie.212-227-153-4.plesk.page\/de\/wp-json\/wp\/v2\/product\/5887432\/revisions"}],"wp:featuredmedia":[{"embeddable":true,"href":"https:\/\/stoic-curie.212-227-153-4.plesk.page\/de\/wp-json\/wp\/v2\/media\/5886336"}],"wp:attachment":[{"href":"https:\/\/stoic-curie.212-227-153-4.plesk.page\/de\/wp-json\/wp\/v2\/media?parent=5887432"}],"wp:term":[{"taxonomy":"product_brand","embeddable":true,"href":"https:\/\/stoic-curie.212-227-153-4.plesk.page\/de\/wp-json\/wp\/v2\/product_brand?post=5887432"},{"taxonomy":"product_cat","embeddable":true,"href":"https:\/\/stoic-curie.212-227-153-4.plesk.page\/de\/wp-json\/wp\/v2\/product_cat?post=5887432"},{"taxonomy":"product_tag","embeddable":true,"href":"https:\/\/stoic-curie.212-227-153-4.plesk.page\/de\/wp-json\/wp\/v2\/product_tag?post=5887432"}],"curies":[{"name":"wp","href":"https:\/\/api.w.org\/{rel}","templated":true}]}}