{"id":5887433,"date":"2026-02-20T18:47:52","date_gmt":"2026-02-20T17:47:52","guid":{"rendered":"https:\/\/stoic-curie.212-227-153-4.plesk.page\/product\/600a-batterieschalter-dc-600a-ac-800a-start-2500a-strom-abmessungen-102-x-102-x-h90-mm\/"},"modified":"2026-02-24T23:35:39","modified_gmt":"2026-02-24T23:35:39","slug":"600a-batterieschalter-dc-600a-ac-800a-start-2500a-strom-abmessungen-102-x-102-x-h90-mm","status":"publish","type":"product","link":"https:\/\/stoic-curie.212-227-153-4.plesk.page\/de\/product\/600a-batterieschalter-dc-600a-ac-800a-start-2500a-strom-abmessungen-102-x-102-x-h90-mm\/","title":{"rendered":"600A Batterieschalter &#8211; DC 600A, AC 800A, Start 2500A Strom, Abmessungen 102 x 102 x H90 mm"},"content":{"rendered":"<p>600A Batterieschalter &#8211; DC 600A, AC 800A, Start 2500A Strom, Abmessungen 102 x 102 x H90 mm &#8211; <\/p>\n<div>\n<div><font><span>Dieser Batterieschalter verf\u00fcgt \u00fcber einen Knopf und verzinnte Kupfer M12-Pins. Er wurde auf Stromkapazit\u00e4t getestet und entspricht den Anforderungen an Explosionsschutz.<br \/> <\/span><\/font><\/div>\n<div><font><span>Strom = Maximale Kapazit\u00e4t<\/span><\/font><\/div>\n<\/div>\n","protected":false},"excerpt":{"rendered":"<p>600A Batterieschalter &#8211; DC 600A, AC 800A, Start 2500A Strom, Abmessungen 102 x 102 x H90 mm &#8211; Dieser Batterieschalter<\/p>\n","protected":false},"featured_media":5886344,"comment_status":"open","ping_status":"closed","template":"","meta":[],"product_brand":[2825],"product_cat":[1458],"product_tag":[],"class_list":{"0":"post-5887433","1":"product","2":"type-product","3":"status-publish","4":"has-post-thumbnail","6":"product_brand-bep-marine-de","7":"product_cat-batterieschalter","9":"first","10":"instock","11":"shipping-taxable","12":"purchasable","13":"product-type-simple"},"_links":{"self":[{"href":"https:\/\/stoic-curie.212-227-153-4.plesk.page\/de\/wp-json\/wp\/v2\/product\/5887433","targetHints":{"allow":["GET"]}}],"collection":[{"href":"https:\/\/stoic-curie.212-227-153-4.plesk.page\/de\/wp-json\/wp\/v2\/product"}],"about":[{"href":"https:\/\/stoic-curie.212-227-153-4.plesk.page\/de\/wp-json\/wp\/v2\/types\/product"}],"replies":[{"embeddable":true,"href":"https:\/\/stoic-curie.212-227-153-4.plesk.page\/de\/wp-json\/wp\/v2\/comments?post=5887433"}],"version-history":[{"count":0,"href":"https:\/\/stoic-curie.212-227-153-4.plesk.page\/de\/wp-json\/wp\/v2\/product\/5887433\/revisions"}],"wp:featuredmedia":[{"embeddable":true,"href":"https:\/\/stoic-curie.212-227-153-4.plesk.page\/de\/wp-json\/wp\/v2\/media\/5886344"}],"wp:attachment":[{"href":"https:\/\/stoic-curie.212-227-153-4.plesk.page\/de\/wp-json\/wp\/v2\/media?parent=5887433"}],"wp:term":[{"taxonomy":"product_brand","embeddable":true,"href":"https:\/\/stoic-curie.212-227-153-4.plesk.page\/de\/wp-json\/wp\/v2\/product_brand?post=5887433"},{"taxonomy":"product_cat","embeddable":true,"href":"https:\/\/stoic-curie.212-227-153-4.plesk.page\/de\/wp-json\/wp\/v2\/product_cat?post=5887433"},{"taxonomy":"product_tag","embeddable":true,"href":"https:\/\/stoic-curie.212-227-153-4.plesk.page\/de\/wp-json\/wp\/v2\/product_tag?post=5887433"}],"curies":[{"name":"wp","href":"https:\/\/api.w.org\/{rel}","templated":true}]}}