{"id":5887443,"date":"2026-02-20T18:47:59","date_gmt":"2026-02-20T17:47:59","guid":{"rendered":"https:\/\/stoic-curie.212-227-153-4.plesk.page\/product\/riviera-zenith-bz1-kompass-hochgeschwindigkeit-schwarz\/"},"modified":"2026-02-24T23:35:39","modified_gmt":"2026-02-24T23:35:39","slug":"riviera-zenith-bz1-kompass-hochgeschwindigkeit-schwarz","status":"publish","type":"product","link":"https:\/\/stoic-curie.212-227-153-4.plesk.page\/de\/product\/riviera-zenith-bz1-kompass-hochgeschwindigkeit-schwarz\/","title":{"rendered":"Riviera Zenith BZ1 Kompass &#8211; Hochgeschwindigkeit &#8211; Schwarz"},"content":{"rendered":"<p>Riviera Zenith BZ1 Kompass &#8211; Hochgeschwindigkeit &#8211; Schwarz &#8211; <\/p>\n<p>Der Zenith BZ1 Flush-Mount-Kompass verf\u00fcgt \u00fcber einen blendfreien Bildschirm. Er ist sowohl in Standard- als auch in Hochgeschwindigkeitsversionen f\u00fcr schnelle Boote erh\u00e4ltlich.<br \/>\u2022 Eingebaute Kompensationsvorrichtung<br \/>\u2022 Interner Gimbal<br \/>\u2022 Beleuchtung: 12V (24V auf Anfrage)<br \/>\u2022 Sichtbarer Kartendurchmesser: 3\u201d &#8211; 80 mm<br \/>\u2022 R\u00fccklesung (Kartengradierung 5\u00b0)<br \/>\u2022 Geeignet f\u00fcr Standard- und Hochgeschwindigkeitsboote<br \/>\u2022 3 Jahre Garantie<br \/>* MED-Zertifizierung (falls erforderlich) kann vor dem Kauf angefordert werden<\/p>\n","protected":false},"excerpt":{"rendered":"<p>Riviera Zenith BZ1 Kompass &#8211; Hochgeschwindigkeit &#8211; Schwarz &#8211; Der Zenith BZ1 Flush-Mount-Kompass verf\u00fcgt \u00fcber einen blendfreien Bildschirm. Er ist<\/p>\n","protected":false},"featured_media":5939540,"comment_status":"open","ping_status":"closed","template":"","meta":[],"product_brand":[3305],"product_cat":[1493],"product_tag":[],"class_list":{"0":"post-5887443","1":"product","2":"type-product","3":"status-publish","4":"has-post-thumbnail","6":"product_brand-riviera-de","7":"product_cat-navigationskompass","9":"first","10":"instock","11":"shipping-taxable","12":"purchasable","13":"product-type-simple"},"_links":{"self":[{"href":"https:\/\/stoic-curie.212-227-153-4.plesk.page\/de\/wp-json\/wp\/v2\/product\/5887443","targetHints":{"allow":["GET"]}}],"collection":[{"href":"https:\/\/stoic-curie.212-227-153-4.plesk.page\/de\/wp-json\/wp\/v2\/product"}],"about":[{"href":"https:\/\/stoic-curie.212-227-153-4.plesk.page\/de\/wp-json\/wp\/v2\/types\/product"}],"replies":[{"embeddable":true,"href":"https:\/\/stoic-curie.212-227-153-4.plesk.page\/de\/wp-json\/wp\/v2\/comments?post=5887443"}],"version-history":[{"count":0,"href":"https:\/\/stoic-curie.212-227-153-4.plesk.page\/de\/wp-json\/wp\/v2\/product\/5887443\/revisions"}],"wp:featuredmedia":[{"embeddable":true,"href":"https:\/\/stoic-curie.212-227-153-4.plesk.page\/de\/wp-json\/wp\/v2\/media\/5939540"}],"wp:attachment":[{"href":"https:\/\/stoic-curie.212-227-153-4.plesk.page\/de\/wp-json\/wp\/v2\/media?parent=5887443"}],"wp:term":[{"taxonomy":"product_brand","embeddable":true,"href":"https:\/\/stoic-curie.212-227-153-4.plesk.page\/de\/wp-json\/wp\/v2\/product_brand?post=5887443"},{"taxonomy":"product_cat","embeddable":true,"href":"https:\/\/stoic-curie.212-227-153-4.plesk.page\/de\/wp-json\/wp\/v2\/product_cat?post=5887443"},{"taxonomy":"product_tag","embeddable":true,"href":"https:\/\/stoic-curie.212-227-153-4.plesk.page\/de\/wp-json\/wp\/v2\/product_tag?post=5887443"}],"curies":[{"name":"wp","href":"https:\/\/api.w.org\/{rel}","templated":true}]}}