{"id":5887444,"date":"2026-02-20T18:48:00","date_gmt":"2026-02-20T17:48:00","guid":{"rendered":"https:\/\/stoic-curie.212-227-153-4.plesk.page\/product\/riviera-zenith-bz2-kompass-hochgeschwindigkeit-schwarz\/"},"modified":"2026-02-24T23:35:39","modified_gmt":"2026-02-24T23:35:39","slug":"riviera-zenith-bz2-kompass-hochgeschwindigkeit-schwarz","status":"publish","type":"product","link":"https:\/\/stoic-curie.212-227-153-4.plesk.page\/de\/product\/riviera-zenith-bz2-kompass-hochgeschwindigkeit-schwarz\/","title":{"rendered":"Riviera Zenith BZ2 Kompass &#8211; Hochgeschwindigkeit &#8211; Schwarz"},"content":{"rendered":"<p>Riviera Zenith BZ2 Kompass &#8211; Hochgeschwindigkeit &#8211; Schwarz &#8211; <\/p>\n<p>Der Zenith BZ1 Halterungs-Kompass verf\u00fcgt \u00fcber einen Antireflexbildschirm. Er ist sowohl in einer Standard- als auch in einer Hochgeschwindigkeitsversion erh\u00e4ltlich, die speziell f\u00fcr schnelle Boote entwickelt wurde. <br \/> \u2022 Eingebaute Kompensationsverstellung <br \/> \u2022 Interner Gimbal <br \/> \u2022 Beleuchtung: 12V (24V auf Anfrage 24V) <br \/> \u2022 Sichtbare Kartendurchmesser: 3 Zoll &#8211; 80 mm <br \/> \u2022 R\u00fccklesung (Kartengradierung 5\u00b0) <br \/> \u2022 Geeignet f\u00fcr Standard- und Hochgeschwindigkeitsboote <br \/> \u2022 3 Jahre Garantie <br \/> * MED-Zertifizierung (falls erforderlich) muss vor dem Kauf angefordert werden.<\/p>\n","protected":false},"excerpt":{"rendered":"<p>Riviera Zenith BZ2 Kompass &#8211; Hochgeschwindigkeit &#8211; Schwarz &#8211; Der Zenith BZ1 Halterungs-Kompass verf\u00fcgt \u00fcber einen Antireflexbildschirm. Er ist sowohl<\/p>\n","protected":false},"featured_media":5886391,"comment_status":"open","ping_status":"closed","template":"","meta":[],"product_brand":[3305],"product_cat":[1493],"product_tag":[],"class_list":{"0":"post-5887444","1":"product","2":"type-product","3":"status-publish","4":"has-post-thumbnail","6":"product_brand-riviera-de","7":"product_cat-navigationskompass","9":"first","10":"instock","11":"shipping-taxable","12":"purchasable","13":"product-type-simple"},"_links":{"self":[{"href":"https:\/\/stoic-curie.212-227-153-4.plesk.page\/de\/wp-json\/wp\/v2\/product\/5887444","targetHints":{"allow":["GET"]}}],"collection":[{"href":"https:\/\/stoic-curie.212-227-153-4.plesk.page\/de\/wp-json\/wp\/v2\/product"}],"about":[{"href":"https:\/\/stoic-curie.212-227-153-4.plesk.page\/de\/wp-json\/wp\/v2\/types\/product"}],"replies":[{"embeddable":true,"href":"https:\/\/stoic-curie.212-227-153-4.plesk.page\/de\/wp-json\/wp\/v2\/comments?post=5887444"}],"version-history":[{"count":0,"href":"https:\/\/stoic-curie.212-227-153-4.plesk.page\/de\/wp-json\/wp\/v2\/product\/5887444\/revisions"}],"wp:featuredmedia":[{"embeddable":true,"href":"https:\/\/stoic-curie.212-227-153-4.plesk.page\/de\/wp-json\/wp\/v2\/media\/5886391"}],"wp:attachment":[{"href":"https:\/\/stoic-curie.212-227-153-4.plesk.page\/de\/wp-json\/wp\/v2\/media?parent=5887444"}],"wp:term":[{"taxonomy":"product_brand","embeddable":true,"href":"https:\/\/stoic-curie.212-227-153-4.plesk.page\/de\/wp-json\/wp\/v2\/product_brand?post=5887444"},{"taxonomy":"product_cat","embeddable":true,"href":"https:\/\/stoic-curie.212-227-153-4.plesk.page\/de\/wp-json\/wp\/v2\/product_cat?post=5887444"},{"taxonomy":"product_tag","embeddable":true,"href":"https:\/\/stoic-curie.212-227-153-4.plesk.page\/de\/wp-json\/wp\/v2\/product_tag?post=5887444"}],"curies":[{"name":"wp","href":"https:\/\/api.w.org\/{rel}","templated":true}]}}