{"id":5887445,"date":"2026-02-20T18:48:01","date_gmt":"2026-02-20T17:48:01","guid":{"rendered":"https:\/\/stoic-curie.212-227-153-4.plesk.page\/product\/secumar-ultra-170-aufblasbare-schwimmweste-grau-schwarz-mit-gurt\/"},"modified":"2026-02-24T23:35:45","modified_gmt":"2026-02-24T23:35:45","slug":"secumar-ultra-170-aufblasbare-schwimmweste-grau-schwarz-mit-gurt","status":"publish","type":"product","link":"https:\/\/stoic-curie.212-227-153-4.plesk.page\/de\/product\/secumar-ultra-170-aufblasbare-schwimmweste-grau-schwarz-mit-gurt\/","title":{"rendered":"Secumar Ultra 170 Aufblasbare Schwimmweste &#8211; Grau\/Schwarz mit Gurt"},"content":{"rendered":"<p>Secumar Ultra 170 Aufblasbare Schwimmweste &#8211; Grau\/Schwarz mit Gurt &#8211; <\/p>\n<p>Secumar Ultra 170 Aufblasbare Schwimmweste<br \/>\u2022 Automatische Aktivierung &#8211; ISO 12402-3 zertifiziert<br \/>\u2022 Auftriebs-Klasse: 150N<br \/>\u2022 Tats\u00e4chlicher Auftrieb: 165N<br \/>\u2022 Gr\u00f6\u00dfe: Eine Gr\u00f6\u00dfe f\u00fcr Erwachsene &gt;50 kg<br \/>\u2022 Standardtyp: Verstellbare Schnellverschluss-Schnalle<br \/>\u2022 Gurttyp: Gurt mit Schnellverschluss-Schnalle, Edelstahlring und Sicherheitsgurt<br \/>\u2022 Navigation: Geeignet f\u00fcr Sportboote innerhalb und au\u00dferhalb von 6 Seemeilen von der K\u00fcste<\/p>\n","protected":false},"excerpt":{"rendered":"<p>Secumar Ultra 170 Aufblasbare Schwimmweste &#8211; Grau\/Schwarz mit Gurt &#8211; Secumar Ultra 170 Aufblasbare Schwimmweste\u2022 Automatische Aktivierung &#8211; ISO 12402-3<\/p>\n","protected":false},"featured_media":5886443,"comment_status":"open","ping_status":"closed","template":"","meta":[],"product_brand":[3365],"product_cat":[1314],"product_tag":[],"class_list":{"0":"post-5887445","1":"product","2":"type-product","3":"status-publish","4":"has-post-thumbnail","6":"product_brand-securmar-de","7":"product_cat-zugelassene-rettungswesten","9":"first","10":"outofstock","11":"shipping-taxable","12":"purchasable","13":"product-type-simple"},"_links":{"self":[{"href":"https:\/\/stoic-curie.212-227-153-4.plesk.page\/de\/wp-json\/wp\/v2\/product\/5887445","targetHints":{"allow":["GET"]}}],"collection":[{"href":"https:\/\/stoic-curie.212-227-153-4.plesk.page\/de\/wp-json\/wp\/v2\/product"}],"about":[{"href":"https:\/\/stoic-curie.212-227-153-4.plesk.page\/de\/wp-json\/wp\/v2\/types\/product"}],"replies":[{"embeddable":true,"href":"https:\/\/stoic-curie.212-227-153-4.plesk.page\/de\/wp-json\/wp\/v2\/comments?post=5887445"}],"version-history":[{"count":0,"href":"https:\/\/stoic-curie.212-227-153-4.plesk.page\/de\/wp-json\/wp\/v2\/product\/5887445\/revisions"}],"wp:featuredmedia":[{"embeddable":true,"href":"https:\/\/stoic-curie.212-227-153-4.plesk.page\/de\/wp-json\/wp\/v2\/media\/5886443"}],"wp:attachment":[{"href":"https:\/\/stoic-curie.212-227-153-4.plesk.page\/de\/wp-json\/wp\/v2\/media?parent=5887445"}],"wp:term":[{"taxonomy":"product_brand","embeddable":true,"href":"https:\/\/stoic-curie.212-227-153-4.plesk.page\/de\/wp-json\/wp\/v2\/product_brand?post=5887445"},{"taxonomy":"product_cat","embeddable":true,"href":"https:\/\/stoic-curie.212-227-153-4.plesk.page\/de\/wp-json\/wp\/v2\/product_cat?post=5887445"},{"taxonomy":"product_tag","embeddable":true,"href":"https:\/\/stoic-curie.212-227-153-4.plesk.page\/de\/wp-json\/wp\/v2\/product_tag?post=5887445"}],"curies":[{"name":"wp","href":"https:\/\/api.w.org\/{rel}","templated":true}]}}