{"id":5887446,"date":"2026-02-20T18:48:01","date_gmt":"2026-02-20T17:48:01","guid":{"rendered":"https:\/\/stoic-curie.212-227-153-4.plesk.page\/product\/jobe-basis-helm-groesse-medium\/"},"modified":"2026-02-24T23:35:45","modified_gmt":"2026-02-24T23:35:45","slug":"jobe-basis-helm-groesse-medium","status":"publish","type":"product","link":"https:\/\/stoic-curie.212-227-153-4.plesk.page\/de\/product\/jobe-basis-helm-groesse-medium\/","title":{"rendered":"Jobe Basis Helm Gr\u00f6\u00dfe Medium"},"content":{"rendered":"<p>Jobe Basis Helm Gr\u00f6\u00dfe Medium &#8211; <\/p>\n<p>Der Jobe Helm ist speziell f\u00fcr Wassersportarten konzipiert. Er verf\u00fcgt \u00fcber einen verstellbaren Kinnriemen, sch\u00fctzende Ohrpolster und abnehmbareInnenschalen f\u00fcr zus\u00e4tzlichen Komfort und Sicherheit.<\/p>\n","protected":false},"excerpt":{"rendered":"<p>Jobe Basis Helm Gr\u00f6\u00dfe Medium &#8211; Der Jobe Helm ist speziell f\u00fcr Wassersportarten konzipiert. Er verf\u00fcgt \u00fcber einen verstellbaren Kinnriemen,<\/p>\n","protected":false},"featured_media":5886449,"comment_status":"open","ping_status":"closed","template":"","meta":[],"product_brand":[3040],"product_cat":[1559],"product_tag":[],"class_list":{"0":"post-5887446","1":"product","2":"type-product","3":"status-publish","4":"has-post-thumbnail","6":"product_brand-jobe-sports-de","7":"product_cat-wasserski-zubehoer","9":"first","10":"instock","11":"shipping-taxable","12":"purchasable","13":"product-type-simple"},"_links":{"self":[{"href":"https:\/\/stoic-curie.212-227-153-4.plesk.page\/de\/wp-json\/wp\/v2\/product\/5887446","targetHints":{"allow":["GET"]}}],"collection":[{"href":"https:\/\/stoic-curie.212-227-153-4.plesk.page\/de\/wp-json\/wp\/v2\/product"}],"about":[{"href":"https:\/\/stoic-curie.212-227-153-4.plesk.page\/de\/wp-json\/wp\/v2\/types\/product"}],"replies":[{"embeddable":true,"href":"https:\/\/stoic-curie.212-227-153-4.plesk.page\/de\/wp-json\/wp\/v2\/comments?post=5887446"}],"version-history":[{"count":0,"href":"https:\/\/stoic-curie.212-227-153-4.plesk.page\/de\/wp-json\/wp\/v2\/product\/5887446\/revisions"}],"wp:featuredmedia":[{"embeddable":true,"href":"https:\/\/stoic-curie.212-227-153-4.plesk.page\/de\/wp-json\/wp\/v2\/media\/5886449"}],"wp:attachment":[{"href":"https:\/\/stoic-curie.212-227-153-4.plesk.page\/de\/wp-json\/wp\/v2\/media?parent=5887446"}],"wp:term":[{"taxonomy":"product_brand","embeddable":true,"href":"https:\/\/stoic-curie.212-227-153-4.plesk.page\/de\/wp-json\/wp\/v2\/product_brand?post=5887446"},{"taxonomy":"product_cat","embeddable":true,"href":"https:\/\/stoic-curie.212-227-153-4.plesk.page\/de\/wp-json\/wp\/v2\/product_cat?post=5887446"},{"taxonomy":"product_tag","embeddable":true,"href":"https:\/\/stoic-curie.212-227-153-4.plesk.page\/de\/wp-json\/wp\/v2\/product_tag?post=5887446"}],"curies":[{"name":"wp","href":"https:\/\/api.w.org\/{rel}","templated":true}]}}