{"id":5887452,"date":"2026-02-20T18:48:07","date_gmt":"2026-02-20T17:48:07","guid":{"rendered":"https:\/\/stoic-curie.212-227-153-4.plesk.page\/product\/aquapac-schienenmontage-wasserdichte-huelle-ref-111-innere-185-mm-h-x-215-mm-c\/"},"modified":"2026-02-24T23:35:53","modified_gmt":"2026-02-24T23:35:53","slug":"aquapac-schienenmontage-wasserdichte-huelle-ref-111-innere-185-mm-h-x-215-mm-c","status":"publish","type":"product","link":"https:\/\/stoic-curie.212-227-153-4.plesk.page\/de\/product\/aquapac-schienenmontage-wasserdichte-huelle-ref-111-innere-185-mm-h-x-215-mm-c\/","title":{"rendered":"Aquapac Schienenmontage Wasserdichte H\u00fclle Ref 111 (Innere 185 mm h x 215 mm c)"},"content":{"rendered":"<p>Aquapac Schienenmontage Wasserdichte H\u00fclle Ref 111 (Innere 185 mm h x 215 mm c) &#8211; <\/p>\n<p>Diese wasserdichte H\u00fclle ist bis zu einer Tiefe von 10 Metern geeignet und f\u00fcr Smartphones konzipiert. Sie verf\u00fcgt \u00fcber eine Schienenhalterung, die f\u00fcr Rohre mit einem Durchmesser von bis zu 32 mm geeignet ist. Die H\u00fclle erm\u00f6glicht die Verwendung des Smartphones in einer verstellbaren vertikalen Position w\u00e4hrend aller nautischen und Outdoor-Aktivit\u00e4ten. Die vollst\u00e4ndige Funktionalit\u00e4t der Tasten und des Touchscreens ist auch durch die H\u00fclle gew\u00e4hrleistet.<\/p>\n","protected":false},"excerpt":{"rendered":"<p>Aquapac Schienenmontage Wasserdichte H\u00fclle Ref 111 (Innere 185 mm h x 215 mm c) &#8211; Diese wasserdichte H\u00fclle ist bis<\/p>\n","protected":false},"featured_media":5886529,"comment_status":"open","ping_status":"closed","template":"","meta":[],"product_brand":[2795],"product_cat":[1568],"product_tag":[],"class_list":{"0":"post-5887452","1":"product","2":"type-product","3":"status-publish","4":"has-post-thumbnail","6":"product_brand-aquapac-de","7":"product_cat-trockensaecke","9":"first","10":"outofstock","11":"shipping-taxable","12":"purchasable","13":"product-type-simple"},"_links":{"self":[{"href":"https:\/\/stoic-curie.212-227-153-4.plesk.page\/de\/wp-json\/wp\/v2\/product\/5887452","targetHints":{"allow":["GET"]}}],"collection":[{"href":"https:\/\/stoic-curie.212-227-153-4.plesk.page\/de\/wp-json\/wp\/v2\/product"}],"about":[{"href":"https:\/\/stoic-curie.212-227-153-4.plesk.page\/de\/wp-json\/wp\/v2\/types\/product"}],"replies":[{"embeddable":true,"href":"https:\/\/stoic-curie.212-227-153-4.plesk.page\/de\/wp-json\/wp\/v2\/comments?post=5887452"}],"version-history":[{"count":0,"href":"https:\/\/stoic-curie.212-227-153-4.plesk.page\/de\/wp-json\/wp\/v2\/product\/5887452\/revisions"}],"wp:featuredmedia":[{"embeddable":true,"href":"https:\/\/stoic-curie.212-227-153-4.plesk.page\/de\/wp-json\/wp\/v2\/media\/5886529"}],"wp:attachment":[{"href":"https:\/\/stoic-curie.212-227-153-4.plesk.page\/de\/wp-json\/wp\/v2\/media?parent=5887452"}],"wp:term":[{"taxonomy":"product_brand","embeddable":true,"href":"https:\/\/stoic-curie.212-227-153-4.plesk.page\/de\/wp-json\/wp\/v2\/product_brand?post=5887452"},{"taxonomy":"product_cat","embeddable":true,"href":"https:\/\/stoic-curie.212-227-153-4.plesk.page\/de\/wp-json\/wp\/v2\/product_cat?post=5887452"},{"taxonomy":"product_tag","embeddable":true,"href":"https:\/\/stoic-curie.212-227-153-4.plesk.page\/de\/wp-json\/wp\/v2\/product_tag?post=5887452"}],"curies":[{"name":"wp","href":"https:\/\/api.w.org\/{rel}","templated":true}]}}